{"id":199715,"date":"2024-08-01T00:00:16","date_gmt":"2024-07-31T22:00:16","guid":{"rendered":""},"modified":"2026-01-21T22:40:24","modified_gmt":"2026-01-21T20:40:24","slug":"prod_5702017590110_sc97033","status":"publish","type":"product","link":"http:\/\/toystoys.md\/ru\/shop\/prod_5702017590110_sc97033\/","title":{"rendered":"\u0416\u0435\u043b\u0435\u0437\u043d\u044b\u0439 \u0427\u0435\u043b\u043e\u0432\u0435\u043a \u0438 \u043b\u0435\u0433\u0438\u043e\u043d \u043f\u0440\u043e\u0442\u0438\u0432 \u0441\u043e\u043b\u0434\u0430\u0442 \u0413\u0438\u0434\u0440\u044b Marvel LEGO 76288"},"content":{"rendered":"<div class=\"page-content\">\n<div class=\"tab_description\">\n<div class=\"tabset\">\n<div class=\"tab-panels\">\n<section id=\"specificatii\" class=\"tab-panel activ\">\n<div id=\"productDescription\" class=\"description biggerText\">\n<div class=\"simpleDesc\">\n<p>\u0421\u0431\u043e\u0440\u043d\u044b\u0439 \u043d\u0430\u0431\u043e\u0440 \u0441\u0443\u043f\u0435\u0440\u0433\u0435\u0440\u043e\u044f LEGO Marvel \u00ab\u0416\u0435\u043b\u0435\u0437\u043d\u044b\u0439 \u0427\u0435\u043b\u043e\u0432\u0435\u043a \u0438 \u043b\u0435\u0433\u0438\u043e\u043d \u043f\u0440\u043e\u0442\u0438\u0432 \u0441\u043e\u043b\u0434\u0430\u0442 \u0413\u0438\u0434\u0440\u044b\u00bb (76288) \u0432\u043e\u0441\u0441\u043e\u0437\u0434\u0430\u0435\u0442 \u0441\u0446\u0435\u043d\u0443 \u0438\u0437 \u0444\u0438\u043b\u044c\u043c\u0430 \u00ab\u041c\u0441\u0442\u0438\u0442\u0435\u043b\u0438: \u042d\u0440\u0430 \u0410\u043b\u044c\u0442\u0440\u043e\u043d\u0430\u00bb \u0441\u0442\u0443\u0434\u0438\u0438 Marvel, \u0433\u0434\u0435 \u0416\u0435\u043b\u0435\u0437\u043d\u044b\u0439 \u0447\u0435\u043b\u043e\u0432\u0435\u043a \u0438 \u0434\u0432\u0430 \u0416\u0435\u043b\u0435\u0437\u043d\u044b\u0445 \u043b\u0435\u0433\u0438\u043e\u043d\u0435\u0440\u0430 \u043b\u0435\u0442\u044f\u0442 \u043d\u0430 \u0443\u043a\u0440\u0435\u043f\u043b\u0435\u043d\u043d\u0443\u044e \u0431\u0430\u0437\u0443 \u0441\u043e\u043b\u0434\u0430\u0442\u0430 \u0413\u0438\u0434\u0440\u044b. \u042d\u0442\u043e\u0442 \u0441\u0431\u043e\u0440\u043d\u044b\u0439 \u0438\u0433\u0440\u043e\u0432\u043e\u0439 \u043d\u0430\u0431\u043e\u0440 \u00ab\u0421\u0443\u043f\u0435\u0440\u0433\u0435\u0440\u043e\u0439\u00bb \u043d\u0430\u043f\u043e\u043b\u043d\u0435\u043d \u0438\u043d\u0442\u0435\u0440\u0435\u0441\u043d\u044b\u043c\u0438 \u0444\u0443\u043d\u043a\u0446\u0438\u044f\u043c\u0438 \u0438 \u0430\u043a\u0441\u0435\u0441\u0441\u0443\u0430\u0440\u0430\u043c\u0438, \u0447\u0442\u043e \u0434\u0435\u043b\u0430\u0435\u0442 \u0435\u0433\u043e \u043e\u0442\u043b\u0438\u0447\u043d\u043e\u0439 \u0441\u0431\u043e\u0440\u043d\u043e\u0439 \u0438\u0433\u0440\u0443\u0448\u043a\u043e\u0439 \u0434\u043b\u044f \u0434\u0435\u0442\u0435\u0439, \u043e\u0441\u043e\u0431\u0435\u043d\u043d\u043e \u043f\u043e\u043a\u043b\u043e\u043d\u043d\u0438\u043a\u043e\u0432 \u00ab\u041c\u0441\u0442\u0438\u0442\u0435\u043b\u0435\u0439\u00bb \u0432 \u0432\u043e\u0437\u0440\u0430\u0441\u0442\u0435 \u043e\u0442 6 \u043b\u0435\u0442 \u0438 \u0441\u0442\u0430\u0440\u0448\u0435.<\/p>\n<p>\u0412 \u043d\u0430\u0431\u043e\u0440 \u0432\u0445\u043e\u0434\u044f\u0442 4 \u043c\u0438\u043d\u0438\u0444\u0438\u0433\u0443\u0440\u043a\u0438: \u0416\u0435\u043b\u0435\u0437\u043d\u044b\u0439 \u0447\u0435\u043b\u043e\u0432\u0435\u043a, 2 \u0416\u0435\u043b\u0435\u0437\u043d\u044b\u0445 \u043b\u0435\u0433\u0438\u043e\u043d\u0435\u0440\u0430 \u0438 \u0441\u043e\u043b\u0434\u0430\u0442 \u0413\u0438\u0434\u0440\u044b. \u0421\u0431\u043e\u0440\u043d\u0430\u044f \u0438\u0433\u0440\u0443\u0448\u043a\u0430 \u00ab\u0416\u0435\u043b\u0435\u0437\u043d\u044b\u0439 \u0447\u0435\u043b\u043e\u0432\u0435\u043a\u00bb \u0438\u043c\u0435\u0435\u0442 \u043e\u0442\u043a\u0440\u044b\u0432\u0430\u044e\u0449\u0438\u0439\u0441\u044f \u043a\u043e\u0437\u044b\u0440\u0435\u043a \u0438 \u043c\u043e\u0449\u043d\u044b\u0439 \u0431\u043b\u0430\u0441\u0442\u0435\u0440. \u0423 Hydra Trooper \u0435\u0441\u0442\u044c \u0448\u0438\u043f\u043e\u043c\u0435\u0442. \u0412 \u043a\u043e\u043c\u043f\u043b\u0435\u043a\u0442 \u0432\u0445\u043e\u0434\u044f\u0442 \u043f\u0440\u043e\u0437\u0440\u0430\u0447\u043d\u044b\u0435 \u0441\u0438\u043d\u0438\u0435 \u043a\u0443\u0431\u0438\u043a\u0438, \u0441\u043e\u0437\u0434\u0430\u044e\u0449\u0438\u0435 \u0432\u043f\u0435\u0447\u0430\u0442\u043b\u0435\u043d\u0438\u0435 \u043f\u043e\u043b\u0435\u0442\u0430 \u043c\u0438\u043d\u0438\u0444\u0438\u0433\u0443\u0440\u043e\u043a. \u0421\u0431\u043e\u0440\u043d\u0430\u044f \u0431\u0430\u0437\u0430 \u0413\u0438\u0434\u0440\u044b \u0432\u043a\u043b\u044e\u0447\u0430\u0435\u0442 \u0432 \u0441\u0435\u0431\u044f \u0434\u0432\u0430 \u0448\u0438\u043f\u043e\u043c\u0435\u0442\u0430, \u043f\u0440\u0438\u043a\u0440\u0435\u043f\u043b\u0435\u043d\u043d\u044b\u0435 \u043a \u0432\u0440\u0430\u0449\u0430\u044e\u0449\u0435\u043c\u0443\u0441\u044f \u043f\u043e\u043b\u0443, \u0433\u0434\u0435 \u0434\u0435\u0442\u0438 \u043c\u043e\u0433\u0443\u0442 \u0440\u0430\u0441\u043f\u043e\u043b\u043e\u0436\u0438\u0442\u044c \u0441\u043e\u043b\u0434\u0430\u0442\u0430 \u0413\u0438\u0434\u0440\u044b, \u0447\u0442\u043e\u0431\u044b \u043d\u0430\u0446\u0435\u043b\u0438\u0432\u0430\u0442\u044c\u0441\u044f \u043d\u0430 \u043f\u0440\u0438\u0431\u043b\u0438\u0436\u0430\u044e\u0449\u0438\u0445\u0441\u044f \u0441\u0443\u043f\u0435\u0440\u0433\u0435\u0440\u043e\u0435\u0432. \u041d\u0430 \u0432\u0435\u0440\u0448\u0438\u043d\u0435 \u0431\u0430\u0448\u0435\u043d \u0431\u0430\u0437\u044b \u0440\u0430\u0441\u043f\u043e\u043b\u043e\u0436\u0435\u043d\u044b 2 \u043f\u0430\u0440\u044b \u0440\u0430\u043a\u0435\u0442\u043d\u044b\u0445 \u0443\u0441\u0442\u0430\u043d\u043e\u0432\u043e\u043a (\u043d\u0435\u0441\u0442\u0440\u0435\u043b\u044f\u044e\u0449\u0438\u0445) \u0434\u043b\u044f \u043e\u0442\u0440\u0430\u0436\u0435\u043d\u0438\u044f \u0430\u0442\u0430\u043a\u0438. \u0414\u043e\u0441\u0442\u0443\u043f \u043a \u0434\u043e\u043f\u043e\u043b\u043d\u0438\u0442\u0435\u043b\u044c\u043d\u044b\u043c \u0446\u0438\u0444\u0440\u043e\u0432\u044b\u043c \u0444\u0443\u043d\u043a\u0446\u0438\u044f\u043c \u043c\u043e\u0436\u043d\u043e \u043f\u043e\u043b\u0443\u0447\u0438\u0442\u044c \u0447\u0435\u0440\u0435\u0437 \u043f\u0440\u0438\u043b\u043e\u0436\u0435\u043d\u0438\u0435 LEGO Builder.<\/p>\n<\/div>\n<\/div>\n<div class=\"productDescriptionImage\"><\/div>\n<\/section>\n<\/div>\n<\/div>\n<\/div>\n<\/div>\n<div class=\"recent_view_products\">\n<div class=\"featured_products_mobile_slider\">\n<h3 class=\"centerBoxHeading splitTitle\"><\/h3>\n<\/div>\n<\/div>","protected":false},"excerpt":{"rendered":"<p>Juc\u0103ria de construc\u0163ie \u015fi aventur\u0103 cu supereroi LEGO\u00ae Marvel Iron Man \u015fi Legiunea de Fier vs. Soldat Hydra (76288) recreeaz\u0103<\/p>","protected":false},"featured_media":199742,"comment_status":"closed","ping_status":"closed","template":"","meta":{"_monsterinsights_skip_tracking":false,"_monsterinsights_sitenote_active":false,"_monsterinsights_sitenote_note":"","_monsterinsights_sitenote_category":0},"product_brand":[],"product_cat":[55,1137,288,301],"product_tag":[1914],"class_list":{"0":"post-199715","1":"product","2":"type-product","3":"status-publish","4":"has-post-thumbnail","6":"product_cat-toate-produsele","7":"product_cat-jucarii","8":"product_cat-lego","9":"product_cat-lego-super-heroes","10":"product_tag-lego-30","12":"first","13":"instock","14":"shipping-taxable","15":"purchasable","16":"product-type-simple"},"_links":{"self":[{"href":"http:\/\/toystoys.md\/ru\/wp-json\/wp\/v2\/product\/199715","targetHints":{"allow":["GET"]}}],"collection":[{"href":"http:\/\/toystoys.md\/ru\/wp-json\/wp\/v2\/product"}],"about":[{"href":"http:\/\/toystoys.md\/ru\/wp-json\/wp\/v2\/types\/product"}],"replies":[{"embeddable":true,"href":"http:\/\/toystoys.md\/ru\/wp-json\/wp\/v2\/comments?post=199715"}],"wp:featuredmedia":[{"embeddable":true,"href":"http:\/\/toystoys.md\/ru\/wp-json\/wp\/v2\/media\/199742"}],"wp:attachment":[{"href":"http:\/\/toystoys.md\/ru\/wp-json\/wp\/v2\/media?parent=199715"}],"wp:term":[{"taxonomy":"product_brand","embeddable":true,"href":"http:\/\/toystoys.md\/ru\/wp-json\/wp\/v2\/product_brand?post=199715"},{"taxonomy":"product_cat","embeddable":true,"href":"http:\/\/toystoys.md\/ru\/wp-json\/wp\/v2\/product_cat?post=199715"},{"taxonomy":"product_tag","embeddable":true,"href":"http:\/\/toystoys.md\/ru\/wp-json\/wp\/v2\/product_tag?post=199715"}],"curies":[{"name":"wp","href":"https:\/\/api.w.org\/{rel}","templated":true}]}}