{"id":199645,"date":"2024-08-01T00:00:28","date_gmt":"2024-07-31T22:00:28","guid":{"rendered":"https:\/\/toystoys.md\/shop\/prod_5702017584331_sc97015\/"},"modified":"2025-09-19T15:44:56","modified_gmt":"2025-09-19T13:44:56","slug":"prod_5702017584331_sc97015","status":"publish","type":"product","link":"http:\/\/toystoys.md\/ru\/shop\/prod_5702017584331_sc97015\/","title":{"rendered":"\u041e\u043d\u0438\u043a\u0441\u043e\u0432\u044b\u0439 \u0437\u0432\u0435\u0437\u0434\u043e\u043b\u0435\u0442 Star Wars LEGO 75374"},"content":{"rendered":"<p>\u0414\u0435\u0442\u0438 \u0441\u0442\u0430\u043d\u0443\u0442 \u0433\u0435\u0440\u043e\u044f\u043c\u0438 \u0441\u0432\u043e\u0438\u0445 \u0441\u043e\u0431\u0441\u0442\u0432\u0435\u043d\u043d\u044b\u0445 \u0438\u0441\u0442\u043e\u0440\u0438\u0439 \u0438\u0437 \u00ab\u0417\u0432\u0435\u0437\u0434\u043d\u044b\u0445 \u0432\u043e\u0439\u043d: \u041e\u043f\u043e\u0440\u043d\u0430\u044f \u043a\u043e\u043c\u0430\u043d\u0434\u0430\u00bb, \u0432\u043e\u0441\u043f\u043e\u043b\u044c\u0437\u043e\u0432\u0430\u0432\u0448\u0438\u0441\u044c \u043f\u043e\u0434\u0440\u043e\u0431\u043d\u043e \u0432\u043e\u0441\u0441\u043e\u0437\u0434\u0430\u043d\u043d\u043e\u0439 \u0438\u0437 \u043a\u0443\u0431\u0438\u043a\u043e\u0432 LEGO \u00abThe Onyx Cinder\u00bb (75374). \u042d\u0442\u043e\u0442 \u043a\u043e\u043b\u043b\u0435\u043a\u0446\u0438\u043e\u043d\u043d\u044b\u0439 \u0441\u0431\u043e\u0440\u043d\u044b\u0439 \u0437\u0432\u0435\u0437\u0434\u043e\u043b\u0435\u0442 LEGO Star Wars \u043e\u0441\u043d\u0430\u0449\u0435\u043d \u0432\u0440\u0430\u0449\u0430\u044e\u0449\u0438\u043c\u0438\u0441\u044f \u0434\u0432\u0438\u0433\u0430\u0442\u0435\u043b\u044f\u043c\u0438 \u0434\u043b\u044f \u043f\u0440\u0438\u0437\u0435\u043c\u043b\u0435\u043d\u0438\u044f, \u0432\u0437\u043b\u0435\u0442\u0430 \u0438\u043b\u0438 \u043f\u043e\u043b\u0435\u0442\u0430, \u0434\u0432\u0443\u043c\u044f \u0448\u0438\u043f\u043e\u043c\u0435\u0442\u0430\u043c\u0438, \u0434\u0432\u0443\u043c\u044f \u0432\u0440\u0430\u0449\u0430\u044e\u0449\u0438\u043c\u0438\u0441\u044f \u0442\u0443\u0440\u0435\u043b\u044f\u043c\u0438 (\u043f\u043e \u0434\u0432\u0430 \u0448\u0438\u043f\u043e\u043c\u0435\u0442\u0430 \u0432 \u043a\u0430\u0436\u0434\u043e\u0439) \u0438 \u0437\u0430\u0445\u0432\u0430\u0442\u044b\u0432\u0430\u044e\u0449\u0438\u043c \u043a\u043e\u0433\u0442\u0435\u043c. \u0412 \u043d\u0435\u043c \u0435\u0441\u0442\u044c \u0441\u0438\u0434\u0435\u043d\u044c\u044f \u0434\u043b\u044f \u0432\u0441\u0435\u0445 \u043f\u044f\u0442\u0438 \u043f\u0435\u0440\u0441\u043e\u043d\u0430\u0436\u0435\u0439 LEGO Star Wars (\u043c\u0438\u043d\u0438\u0444\u0438\u0433\u0443\u0440\u043a\u0430 \u0414\u0436\u043e\u0434\u0430 LEGO \u0432 \u043a\u0430\u0431\u0438\u043d\u0435 \u0438 \u0412\u0438\u043c\u0430, \u0424\u0435\u0440\u043d, \u041a.\u0411. \u0438 \u041d\u0438\u043b\u0430 \u0432 \u043f\u0430\u0441\u0441\u0430\u0436\u0438\u0440\u0441\u043a\u043e\u043c \u0441\u0430\u043b\u043e\u043d\u0435), \u0430 \u0442\u0430\u043a\u0436\u0435 \u043c\u0435\u0441\u0442\u043e \u0434\u043b\u044f \u0447\u0435\u0442\u044b\u0440\u0435\u0445 \u0441\u0431\u043e\u0440\u043d\u044b\u0445 \u0444\u043e\u043d\u0430\u0440\u0438\u043a\u043e\u0432 \u0438 \u0434\u0440\u0443\u0433\u043e\u0433\u043e \u0433\u0440\u0443\u0437\u0430. \u0417\u0434\u0435\u0441\u044c \u0442\u0430\u043a\u0436\u0435 \u0435\u0441\u0442\u044c \u043a\u0443\u0445\u043e\u043d\u043d\u044b\u0439 \u0441\u0442\u043e\u043b \u0438 \u043a\u0440\u043e\u0432\u0430\u0442\u044c, \u0430 \u0442\u0430\u043a\u0436\u0435 \u0430\u043a\u0441\u0435\u0441\u0441\u0443\u0430\u0440\u044b, \u0432 \u0442\u043e\u043c \u0447\u0438\u0441\u043b\u0435 \u0444\u0440\u0443\u043a\u0442\u044b \u0438 \u0440\u0430\u0446\u0438\u044f, \u043a\u043e\u0442\u043e\u0440\u044b\u0435 \u0432\u0434\u043e\u0445\u043d\u043e\u0432\u043b\u044f\u044e\u0442 \u043d\u0430 \u0442\u0432\u043e\u0440\u0447\u0435\u0441\u043a\u0443\u044e \u0438\u0433\u0440\u0443.<\/p>\n<p>\u042d\u0442\u043e\u0442 \u043d\u0430\u0431\u043e\u0440 \u0438\u0433\u0440\u0443\u0448\u0435\u043a \u0434\u043b\u044f \u0441\u0431\u043e\u0440\u043a\u0438 \u0442\u0440\u0430\u043d\u0441\u043f\u043e\u0440\u0442\u043d\u044b\u0445 \u0441\u0440\u0435\u0434\u0441\u0442\u0432 \u0441\u0442\u0430\u043d\u0435\u0442 \u043e\u0442\u043b\u0438\u0447\u043d\u044b\u043c \u043f\u043e\u0434\u0430\u0440\u043a\u043e\u043c LEGO \u0434\u043b\u044f \u043f\u043e\u043a\u043b\u043e\u043d\u043d\u0438\u043a\u043e\u0432 \u00ab\u0417\u0432\u0435\u0437\u0434\u043d\u044b\u0445 \u0432\u043e\u0439\u043d\u00bb \u0438 \u043a\u043e\u043b\u043b\u0435\u043a\u0446\u0438\u043e\u043d\u0435\u0440\u043e\u0432 \u043f\u0430\u043c\u044f\u0442\u043d\u044b\u0445 \u0432\u0435\u0449\u0435\u0439 \u0438\u0437 \u00ab\u0417\u0432\u0435\u0437\u0434\u043d\u044b\u0445 \u0432\u043e\u0439\u043d\u00bb \u0432 \u0432\u043e\u0437\u0440\u0430\u0441\u0442\u0435 \u043e\u0442 10 \u043b\u0435\u0442 \u0438 \u0432\u043a\u043b\u044e\u0447\u0430\u0435\u0442 \u0432 \u0441\u0435\u0431\u044f \u043f\u043e\u0448\u0430\u0433\u043e\u0432\u044b\u0435 \u0438\u043d\u0441\u0442\u0440\u0443\u043a\u0446\u0438\u0438. \u041e\u0431\u044f\u0437\u0430\u0442\u0435\u043b\u044c\u043d\u043e \u0432\u043e\u0441\u043f\u043e\u043b\u044c\u0437\u0443\u0439\u0442\u0435\u0441\u044c \u043f\u0440\u0438\u043b\u043e\u0436\u0435\u043d\u0438\u0435\u043c LEGO Builder, \u0433\u0434\u0435 \u0435\u0441\u0442\u044c \u0438\u043d\u0441\u0442\u0440\u0443\u043c\u0435\u043d\u0442\u044b \u043c\u0430\u0441\u0448\u0442\u0430\u0431\u0438\u0440\u043e\u0432\u0430\u043d\u0438\u044f \u0438 \u0432\u0440\u0430\u0449\u0435\u043d\u0438\u044f \u0446\u0438\u0444\u0440\u043e\u0432\u043e\u0433\u043e \u043f\u0440\u043e\u0441\u043c\u043e\u0442\u0440\u0430, \u043a\u043e\u0442\u043e\u0440\u044b\u0435 \u0440\u0430\u0441\u0448\u0438\u0440\u044f\u0442 \u0432\u043e\u0437\u043c\u043e\u0436\u043d\u043e\u0441\u0442\u0438 \u0442\u0432\u043e\u0440\u0447\u0435\u0441\u0442\u0432\u0430.<\/p>","protected":false},"excerpt":{"rendered":"<p>Copiii devin eroi \u00een propriile pove\u015fti inspirate din Star Wars: Skeleton Crew cu ajutorul unei replici detaliate din c\u0103r\u0103mizi LEGO\u00ae<\/p>","protected":false},"featured_media":199647,"comment_status":"closed","ping_status":"closed","template":"..\/public\/views\/revslider-page-template.php","meta":{"_monsterinsights_skip_tracking":false,"_monsterinsights_sitenote_active":false,"_monsterinsights_sitenote_note":"","_monsterinsights_sitenote_category":0},"product_brand":[],"product_cat":[55,1137,288,293],"product_tag":[],"class_list":{"0":"post-199645","1":"product","2":"type-product","3":"status-publish","4":"has-post-thumbnail","6":"product_cat-toate-produsele","7":"product_cat-jucarii","8":"product_cat-lego","9":"product_cat-lego-star-wars","11":"first","12":"instock","13":"shipping-taxable","14":"purchasable","15":"product-type-simple"},"_links":{"self":[{"href":"http:\/\/toystoys.md\/ru\/wp-json\/wp\/v2\/product\/199645","targetHints":{"allow":["GET"]}}],"collection":[{"href":"http:\/\/toystoys.md\/ru\/wp-json\/wp\/v2\/product"}],"about":[{"href":"http:\/\/toystoys.md\/ru\/wp-json\/wp\/v2\/types\/product"}],"replies":[{"embeddable":true,"href":"http:\/\/toystoys.md\/ru\/wp-json\/wp\/v2\/comments?post=199645"}],"wp:featuredmedia":[{"embeddable":true,"href":"http:\/\/toystoys.md\/ru\/wp-json\/wp\/v2\/media\/199647"}],"wp:attachment":[{"href":"http:\/\/toystoys.md\/ru\/wp-json\/wp\/v2\/media?parent=199645"}],"wp:term":[{"taxonomy":"product_brand","embeddable":true,"href":"http:\/\/toystoys.md\/ru\/wp-json\/wp\/v2\/product_brand?post=199645"},{"taxonomy":"product_cat","embeddable":true,"href":"http:\/\/toystoys.md\/ru\/wp-json\/wp\/v2\/product_cat?post=199645"},{"taxonomy":"product_tag","embeddable":true,"href":"http:\/\/toystoys.md\/ru\/wp-json\/wp\/v2\/product_tag?post=199645"}],"curies":[{"name":"wp","href":"https:\/\/api.w.org\/{rel}","templated":true}]}}