{"id":198947,"date":"2024-07-29T15:01:06","date_gmt":"2024-07-29T15:01:06","guid":{"rendered":"https:\/\/toystoys.md\/shop\/prod_695929013134_sc49176\/"},"modified":"2024-11-07T10:38:35","modified_gmt":"2024-11-07T08:38:35","slug":"prod_695929013134_sc49176","status":"publish","type":"product","link":"http:\/\/toystoys.md\/ru\/shop\/prod_695929013134_sc49176\/","title":{"rendered":"\u041d\u0430\u0431\u043e\u0440 \u0434\u043b\u044f \u0442\u0432\u043e\u0440\u0447\u0435\u0441\u0442\u0432\u0430 Neon MAKE IT REAL"},"content":{"rendered":"<p>\u041d\u0430\u0431\u043e\u0440 \u0431\u0440\u0430\u0441\u043b\u0435\u0442\u043e\u0432 Make It Real Neo-Brite Chains and Charms \u0438\u0434\u0435\u0430\u043b\u0435\u043d \u0434\u043b\u044f \u043c\u043e\u043b\u043e\u0434\u044b\u0445 \u0442\u0432\u043e\u0440\u0447\u0435\u0441\u043a\u0438\u0445 \u043b\u0438\u0447\u043d\u043e\u0441\u0442\u0435\u0439, \u0436\u0435\u043b\u0430\u044e\u0449\u0438\u0445 \u0441\u043e\u0437\u0434\u0430\u0442\u044c \u0441\u0432\u043e\u0438 \u0441\u043e\u0431\u0441\u0442\u0432\u0435\u043d\u043d\u044b\u0435 \u044f\u0440\u043a\u0438\u0435 \u0438 \u0441\u043e\u0432\u0440\u0435\u043c\u0435\u043d\u043d\u044b\u0435 \u0443\u043a\u0440\u0430\u0448\u0435\u043d\u0438\u044f.<\/p>\n<p>\u0412 \u043d\u0430\u0431\u043e\u0440 \u0432\u0445\u043e\u0434\u0438\u0442 \u0440\u0430\u0437\u043d\u043e\u043e\u0431\u0440\u0430\u0437\u0438\u0435 \u0431\u043b\u0435\u0441\u0442\u044f\u0449\u0438\u0445 \u043c\u0435\u0442\u0430\u043b\u043b\u0438\u0447\u0435\u0441\u043a\u0438\u0445 \u0446\u0435\u043f\u043e\u0447\u0435\u043a \u0438 \u0433\u043b\u044f\u043d\u0446\u0435\u0432\u044b\u0445 \u043f\u043e\u0434\u0432\u0435\u0441\u043e\u043a, \u0430 \u0442\u0430\u043a\u0436\u0435 \u0446\u0432\u0435\u0442\u043d\u044b\u0435 \u0431\u0443\u0441\u0438\u043d\u044b \u0438 \u0431\u043b\u0435\u0441\u0442\u044f\u0449\u0438\u0435 \u043a\u0430\u043c\u043d\u0438. \u0414\u0435\u0432\u043e\u0447\u043a\u0438 \u043c\u043e\u0433\u0443\u0442 \u0441\u043e\u0437\u0434\u0430\u0442\u044c \u0443\u043d\u0438\u043a\u0430\u043b\u044c\u043d\u044b\u0435 \u0431\u0440\u0430\u0441\u043b\u0435\u0442\u044b, \u0441\u043e\u0447\u0435\u0442\u0430\u044f \u0438 \u0441\u043e\u043f\u043e\u0441\u0442\u0430\u0432\u043b\u044f\u044f \u0446\u0435\u043f\u043e\u0447\u043a\u0438 \u0438 \u043f\u043e\u0434\u0432\u0435\u0441\u043a\u0438 \u0432 \u043f\u0435\u0440\u0441\u043e\u043d\u0430\u043b\u0438\u0437\u0438\u0440\u043e\u0432\u0430\u043d\u043d\u043e\u043c \u0441\u0442\u0438\u043b\u0435, \u0432\u044b\u0440\u0430\u0436\u0430\u044f \u0441\u0432\u043e\u044e \u043a\u0440\u0435\u0430\u0442\u0438\u0432\u043d\u043e\u0441\u0442\u044c \u0438 \u0438\u043d\u0434\u0438\u0432\u0438\u0434\u0443\u0430\u043b\u044c\u043d\u044b\u0439 \u0432\u043a\u0443\u0441.<\/p>\n<p>\u0421\u043e\u0434\u0435\u0440\u0436\u0430\u043d\u0438\u0435:<br \/>\n- 160 \u0440\u0430\u0437\u043d\u044b\u0445 \u0431\u0443\u0441\u0438\u043d;<br \/>\n- 3 \u0443\u043d\u0438\u043a\u0430\u043b\u044c\u043d\u044b\u0445 \u0442\u0430\u043b\u0438\u0441\u043c\u0430\u043d\u0430;<br \/>\n- 3 \u043a\u0438\u0441\u0442\u043e\u0447\u043a\u0438;<br \/>\n- 6 \u0430\u043a\u0441\u0435\u0441\u0441\u0443\u0430\u0440\u043e\u0432 \u0434\u043b\u044f \u043f\u043e\u043c\u043f\u043e\u043d\u043e\u0432;<br \/>\n- 3 \u0430\u043a\u0441\u0435\u0441\u0441\u0443\u0430\u0440\u0430 \u0438\u0437 \u0434\u0440\u0430\u0433\u043e\u0446\u0435\u043d\u043d\u044b\u0445 \u043a\u0430\u043c\u043d\u0435\u0439;<br \/>\n- 3 \u0446\u0432\u0435\u0442\u043d\u044b\u0445 \u0432\u0438\u0434\u0430 \u044d\u043b\u0430\u0441\u0442\u0438\u0447\u043d\u044b\u0445 \u0442\u043a\u0430\u043d\u0435\u0432\u044b\u0445 \u0442\u0440\u043e\u0441\u043e\u0432;<br \/>\n- 5 \u0437\u043e\u043b\u043e\u0442\u044b\u0445 \u0446\u0435\u043f\u043e\u0447\u0435\u043a;<br \/>\n- 1 \u0440\u0435\u0433\u0443\u043b\u0438\u0440\u0443\u0435\u043c\u043e\u0435 \u043a\u043e\u043b\u044c\u0446\u043e; 1 \u0440\u043e\u0437\u043e\u0432\u044b\u0439 \u043f\u043e\u043c\u043f\u043e\u043d; \u043f\u0440\u043e\u0437\u0440\u0430\u0447\u043d\u044b\u0439 \u044d\u043b\u0430\u0441\u0442\u0438\u0447\u043d\u044b\u0439 \u0442\u0440\u043e\u0441.<\/p>\n<p>\u0420\u0435\u043a\u043e\u043c\u0435\u043d\u0434\u0443\u0435\u043c\u044b\u0439 \u0432\u043e\u0437\u0440\u0430\u0441\u0442: 8+ \u043b\u0435\u0442<\/p>","protected":false},"excerpt":{"rendered":"<p>Setul de br\u0103\u021b\u0103ri Neo-Brite Chains and Charms este perfect pentru tinerii creatori care doresc s\u0103 \u00ee\u0219i personalizeze propriile br\u0103\u021b\u0103ri str\u0103lucitoare<\/p>","protected":false},"featured_media":199105,"comment_status":"closed","ping_status":"closed","template":"..\/public\/views\/revslider-page-template.php","meta":{"_monsterinsights_skip_tracking":false,"_monsterinsights_sitenote_active":false,"_monsterinsights_sitenote_note":"","_monsterinsights_sitenote_category":0},"product_brand":[],"product_cat":[55,1137,117],"product_tag":[],"class_list":{"0":"post-198947","1":"product","2":"type-product","3":"status-publish","4":"has-post-thumbnail","6":"product_cat-toate-produsele","7":"product_cat-jucarii","8":"product_cat-seturi-pentru-creatie","10":"first","11":"instock","12":"shipping-taxable","13":"purchasable","14":"product-type-simple"},"_links":{"self":[{"href":"http:\/\/toystoys.md\/ru\/wp-json\/wp\/v2\/product\/198947","targetHints":{"allow":["GET"]}}],"collection":[{"href":"http:\/\/toystoys.md\/ru\/wp-json\/wp\/v2\/product"}],"about":[{"href":"http:\/\/toystoys.md\/ru\/wp-json\/wp\/v2\/types\/product"}],"replies":[{"embeddable":true,"href":"http:\/\/toystoys.md\/ru\/wp-json\/wp\/v2\/comments?post=198947"}],"wp:featuredmedia":[{"embeddable":true,"href":"http:\/\/toystoys.md\/ru\/wp-json\/wp\/v2\/media\/199105"}],"wp:attachment":[{"href":"http:\/\/toystoys.md\/ru\/wp-json\/wp\/v2\/media?parent=198947"}],"wp:term":[{"taxonomy":"product_brand","embeddable":true,"href":"http:\/\/toystoys.md\/ru\/wp-json\/wp\/v2\/product_brand?post=198947"},{"taxonomy":"product_cat","embeddable":true,"href":"http:\/\/toystoys.md\/ru\/wp-json\/wp\/v2\/product_cat?post=198947"},{"taxonomy":"product_tag","embeddable":true,"href":"http:\/\/toystoys.md\/ru\/wp-json\/wp\/v2\/product_tag?post=198947"}],"curies":[{"name":"wp","href":"https:\/\/api.w.org\/{rel}","templated":true}]}}