{"id":198928,"date":"2024-07-29T14:51:20","date_gmt":"2024-07-29T12:51:20","guid":{"rendered":"https:\/\/toystoys.md\/shop\/prod_630996264041_sc83790\/"},"modified":"2025-12-31T10:48:44","modified_gmt":"2025-12-31T08:48:44","slug":"prod_630996264041_sc83790","status":"publish","type":"product","link":"http:\/\/toystoys.md\/ru\/shop\/prod_630996264041_sc83790\/","title":{"rendered":"\u0418\u043d\u0442\u0435\u0440\u0430\u043a\u0442\u0438\u0432\u043d\u0430\u044f \u0438\u0433\u0440\u0443\u0448\u043a\u0430 \u041f\u0442\u0438\u0447\u043a\u0430 \u0432 \u043a\u043b\u0435\u0442\u043a\u0435 Little Live Pets Moose"},"content":{"rendered":"<p>\u041c\u0430\u043b\u0435\u043d\u044c\u043a\u0438\u0435 \u0436\u0438\u0432\u044b\u0435 \u043f\u0438\u0442\u043e\u043c\u0446\u044b - Lil' Birds - \u0441\u0430\u043c\u044b\u0435 \u043c\u0438\u043b\u044b\u0435 \u043f\u0442\u0438\u0447\u043a\u0438, \u043a\u043e\u0442\u043e\u0440\u044b\u0445 \u0432\u044b \u043a\u043e\u0433\u0434\u0430-\u043b\u0438\u0431\u043e \u0432\u0441\u0442\u0440\u0435\u0447\u0430\u043b\u0438! \u042d\u0442\u0438 \u043e\u0447\u0430\u0440\u043e\u0432\u0430\u0442\u0435\u043b\u044c\u043d\u044b\u0435 \u043c\u0430\u043b\u0435\u043d\u044c\u043a\u0438\u0435 \u043f\u0442\u0438\u0447\u043a\u0438 \u0441 \u0431\u043e\u043b\u044c\u0448\u0438\u043c\u0438 \u043a\u0440\u0430\u0441\u0438\u0432\u044b\u043c\u0438 \u0433\u043b\u0430\u0437\u0430\u043c\u0438 \u0438 \u0432\u043e\u043b\u0448\u0435\u0431\u043d\u044b\u043c\u0438 \u0441\u0432\u0435\u0442\u044f\u0449\u0438\u043c\u0438\u0441\u044f \u043a\u0440\u044b\u043b\u044c\u044f\u043c\u0438 \u043e\u0436\u0438\u0432\u0430\u044e\u0442 \u0432 \u0432\u0430\u0448\u0438\u0445 \u0440\u0443\u043a\u0430\u0445, \u043a\u043e\u0433\u0434\u0430 \u0432\u044b \u0433\u043b\u0430\u0434\u0438\u0442\u0435 \u0438\u0445 \u0438 \u0432\u0437\u0430\u0438\u043c\u043e\u0434\u0435\u0439\u0441\u0442\u0432\u0443\u0435\u0442\u0435 \u0441 \u043d\u0438\u043c\u0438. \u041e\u043d\u0438 \u0434\u0435\u0439\u0441\u0442\u0432\u0438\u0442\u0435\u043b\u044c\u043d\u043e \u0440\u0435\u0430\u0433\u0438\u0440\u0443\u044e\u0442 \u043d\u0430 \u0432\u0430\u0448\u0438 \u043f\u0440\u0438\u043a\u043e\u0441\u043d\u043e\u0432\u0435\u043d\u0438\u044f! \u0427\u0435\u043c \u0431\u043e\u043b\u044c\u0448\u0435 \u0432\u044b \u043f\u043e\u0433\u043b\u0430\u0434\u0438\u0442\u0435, \u0442\u0435\u043c \u0441\u0447\u0430\u0441\u0442\u043b\u0438\u0432\u0435\u0435 \u0431\u0443\u0434\u0435\u0442 \u0432\u0430\u0448\u0430 \u043c\u0430\u043b\u0435\u043d\u044c\u043a\u0430\u044f \u043f\u0442\u0438\u0447\u043a\u0430! Lil\u00b4 Birds \u043b\u044e\u0431\u044f\u0442 \u0431\u043e\u043b\u0442\u0430\u0442\u044c \u0438 \u043f\u043e\u0432\u0442\u043e\u0440\u044f\u0442\u044c \u0442\u043e, \u0447\u0442\u043e \u0432\u044b \u0433\u043e\u0432\u043e\u0440\u0438\u0442\u0435! \u042d\u0442\u0438 \u043a\u0440\u0430\u0441\u043e\u0447\u043d\u044b\u0435 \u0438\u0433\u0440\u0443\u0448\u0435\u0447\u043d\u044b\u0435 \u043f\u0442\u0438\u0447\u043a\u0438 \u0443\u043a\u0440\u0430\u0441\u044f\u0442 \u0432\u0430\u0448 \u0434\u0435\u043d\u044c \u0431\u043e\u043b\u0435\u0435 \u0447\u0435\u043c 20 \u043f\u0442\u0438\u0447\u044c\u0438\u043c\u0438 \u0437\u0432\u0443\u043a\u0430\u043c\u0438! \u0412 \u044d\u0442\u043e\u043c \u0441\u0435\u0437\u043e\u043d\u0435 \u0443 Lil' Bird \u0435\u0441\u0442\u044c \u0432\u043e\u043b\u0448\u0435\u0431\u043d\u044b\u0435 \u0441\u0432\u0435\u0442\u044f\u0449\u0438\u0435\u0441\u044f \u043a\u0440\u044b\u043b\u044c\u044f! \u042d\u0442\u0438 \u043c\u0430\u043b\u0435\u043d\u044c\u043a\u0438\u0435 \u043f\u0442\u0438\u0447\u043a\u0438 \u0436\u0438\u0432\u0443\u0442 \u0432 \u0441\u0432\u043e\u0435\u0439 \u043e\u0447\u0430\u0440\u043e\u0432\u0430\u0442\u0435\u043b\u044c\u043d\u043e\u0439 \u043f\u0442\u0438\u0447\u044c\u0435\u0439 \u043a\u043b\u0435\u0442\u043a\u0435! \u041a\u043b\u0435\u0442\u043a\u0430 \u0434\u043b\u044f \u043f\u0442\u0438\u0446 \u043c\u043e\u0436\u0435\u0442 \u0441\u0442\u043e\u044f\u0442\u044c \u043d\u0430 \u043f\u043e\u0434\u0441\u0442\u0430\u0432\u043a\u0435 \u0438\u043b\u0438 \u0432\u0438\u0441\u0435\u0442\u044c \u043d\u0430 \u043a\u0440\u044e\u0447\u043a\u0435. \u0421\u043e\u0431\u0435\u0440\u0438\u0442\u0435 \u0438\u0445 \u0432\u0441\u0435, \u0447\u0442\u043e\u0431\u044b \u0441\u0444\u043e\u0440\u043c\u0438\u0440\u043e\u0432\u0430\u0442\u044c \u0441\u0432\u043e\u044e \u0441\u043a\u0430\u0437\u043e\u0447\u043d\u0443\u044e \u0441\u0442\u0430\u044e!<\/p>\n<p>- \u0412\u043e\u0437\u0440\u0430\u0441\u0442: \u043e\u0442 4 \u043b\u0435\u0442.<br \/>\n- \u041f\u0438\u0442\u0430\u043d\u0438\u0435: 2 \u0431\u0430\u0442\u0430\u0440\u0435\u0435\u043a \u0442\u0438\u043f \u0410\u0410\u0410 (\u043d\u0435 \u0432\u043a\u043b\u044e\u0447\u0435\u043d\u044b).<br \/>\n- \u0411\u043e\u043b\u0435\u0435 20 \u0437\u0432\u0443\u043a\u043e\u0432 \u043f\u0442\u0438\u0446.<br \/>\n- \u041f\u0440\u043e\u0438\u0437\u0432\u043e\u0434\u0438\u0442\u0435\u043b\u044c: Little Live Pets.<\/p>","protected":false},"excerpt":{"rendered":"<p>Mici animale de companie vii &#8211; Lil&#8217; Birds &#8211; cele mai dr\u0103gu\u021be p\u0103s\u0103ri pe care le ve\u021bi \u00eent\u00e2lni vreodat\u0103! Aceste<\/p>","protected":false},"featured_media":198987,"comment_status":"closed","ping_status":"closed","template":"","meta":{"_monsterinsights_skip_tracking":false,"_monsterinsights_sitenote_active":false,"_monsterinsights_sitenote_note":"","_monsterinsights_sitenote_category":0},"product_brand":[],"product_cat":[1508,1636,1137,76,35,1639,55],"product_tag":[],"class_list":{"0":"post-198928","1":"product","2":"type-product","3":"status-publish","4":"has-post-thumbnail","6":"product_cat-animale-si-pasari","7":"product_cat-interactive","8":"product_cat-jucarii","9":"product_cat-jucarii-interactiv","10":"product_cat-roboti-si-figurine","11":"product_cat-seturi-tematice","12":"product_cat-toate-produsele","14":"first","15":"outofstock","16":"shipping-taxable","17":"purchasable","18":"product-type-simple"},"_links":{"self":[{"href":"http:\/\/toystoys.md\/ru\/wp-json\/wp\/v2\/product\/198928","targetHints":{"allow":["GET"]}}],"collection":[{"href":"http:\/\/toystoys.md\/ru\/wp-json\/wp\/v2\/product"}],"about":[{"href":"http:\/\/toystoys.md\/ru\/wp-json\/wp\/v2\/types\/product"}],"replies":[{"embeddable":true,"href":"http:\/\/toystoys.md\/ru\/wp-json\/wp\/v2\/comments?post=198928"}],"wp:featuredmedia":[{"embeddable":true,"href":"http:\/\/toystoys.md\/ru\/wp-json\/wp\/v2\/media\/198987"}],"wp:attachment":[{"href":"http:\/\/toystoys.md\/ru\/wp-json\/wp\/v2\/media?parent=198928"}],"wp:term":[{"taxonomy":"product_brand","embeddable":true,"href":"http:\/\/toystoys.md\/ru\/wp-json\/wp\/v2\/product_brand?post=198928"},{"taxonomy":"product_cat","embeddable":true,"href":"http:\/\/toystoys.md\/ru\/wp-json\/wp\/v2\/product_cat?post=198928"},{"taxonomy":"product_tag","embeddable":true,"href":"http:\/\/toystoys.md\/ru\/wp-json\/wp\/v2\/product_tag?post=198928"}],"curies":[{"name":"wp","href":"https:\/\/api.w.org\/{rel}","templated":true}]}}