{"id":198841,"date":"2024-07-28T10:54:08","date_gmt":"2024-07-28T08:54:08","guid":{"rendered":""},"modified":"2025-09-23T13:29:31","modified_gmt":"2025-09-23T11:29:31","slug":"prod_630996149508_sc96898","status":"publish","type":"product","link":"http:\/\/toystoys.md\/ru\/shop\/prod_630996149508_sc96898\/","title":{"rendered":"\u0418\u043d\u0442\u0435\u0440\u0430\u043a\u0442\u0438\u0432\u043d\u0430\u044f \u0438\u0433\u0440\u0443\u0448\u043a\u0430 Cauldron purple Magic Mixies MOOSE"},"content":{"rendered":"<p>\u041d\u0430\u0443\u0447\u0438\u0441\u044c \u0442\u0432\u043e\u0440\u0438\u0442\u044c \u043d\u0430\u0441\u0442\u043e\u044f\u0449\u0443\u044e \u043c\u0430\u0433\u0438\u044e \u0441 \u0412\u043e\u043b\u0448\u0435\u0431\u043d\u044b\u043c \u043a\u043e\u0442\u043b\u043e\u043c \u00ab\u041c\u0430\u0433\u0438\u0447\u0435\u0441\u043a\u0438\u0435 \u041c\u0438\u043a\u0441\u0438\u00bb! \u041f\u0440\u043e\u0438\u0437\u043d\u0435\u0441\u0438 \u0437\u0430\u043a\u043b\u0438\u043d\u0430\u043d\u0438\u0435 \u0438, \u043a\u043e\u0433\u0434\u0430 \u0432\u043e\u043b\u0448\u0435\u0431\u043d\u044b\u0439 \u0442\u0443\u043c\u0430\u043d \u0440\u0430\u0437\u0432\u0435\u0435\u0442\u0441\u044f, \u0442\u044b \u0443\u0432\u0438\u0434\u0438\u0448\u044c, \u043a\u0430\u043a\u043e\u0435 \u0447\u0443\u0434\u043e \u043f\u043e\u044f\u0432\u0438\u0442\u0441\u044f \u0432 \u043a\u043e\u0442\u043b\u0435\u2026 \u041a\u043e\u0433\u043e \u0436\u0435 \u0442\u044b \u0441\u043e\u0437\u0434\u0430\u0448\u044c?<\/p>\n<p>\u041a \u0412\u043e\u043b\u0448\u0435\u0431\u043d\u043e\u043c\u0443 \u043a\u043e\u0442\u043b\u0443 \u00ab\u041c\u0430\u0433\u0438\u0447\u0435\u0441\u043a\u0438\u0435 \u041c\u0438\u043a\u0441\u0438\u00bb \u043f\u0440\u0438\u043b\u0430\u0433\u0430\u044e\u0442\u0441\u044f \u0432\u0441\u0435 \u043d\u0435\u043e\u0431\u0445\u043e\u0434\u0438\u043c\u044b\u0435 \u0432\u043e\u043b\u0448\u0435\u0431\u043d\u044b\u0435 \u0438\u043d\u0433\u0440\u0435\u0434\u0438\u0435\u043d\u0442\u044b \u0438 \u0432\u043e\u043b\u0448\u0435\u0431\u043d\u0430\u044f \u043f\u0430\u043b\u043e\u0447\u043a\u0430!<\/p>\n<p>\u0421\u0432\u0430\u0440\u0438 \u0437\u0435\u043b\u044c\u0435 \u0438 \u0441\u043e\u0437\u0434\u0430\u0439 \u043c\u0438\u043b\u043e\u0433\u043e \u043f\u0443\u0448\u0438\u0441\u0442\u043e\u0433\u043e \u0437\u0432\u0435\u0440\u044c\u043a\u0430! \u0421\u043f\u0435\u0440\u0432\u0430 \u043f\u0440\u043e\u0447\u0442\u0438 \u0437\u0430\u043a\u043b\u0438\u043d\u0430\u043d\u0438\u0435 \u0438\u0437 \u0412\u043e\u043b\u0448\u0435\u0431\u043d\u043e\u0439 \u043a\u043d\u0438\u0433\u0438 \u0437\u0430\u043a\u043b\u0438\u043d\u0430\u043d\u0438\u0439, \u0437\u0430\u0442\u0435\u043c \u043f\u043e \u043e\u0447\u0435\u0440\u0435\u0434\u0438 \u043f\u043e\u043b\u043e\u0436\u0438 \u0432 \u043a\u043e\u0442\u0435\u043b \u0438\u043d\u0433\u0440\u0435\u0434\u0438\u0435\u043d\u0442\u044b \u2013 \u043c\u0430\u0433\u0438\u0447\u0435\u0441\u043a\u0438\u0439 \u043a\u0440\u0438\u0441\u0442\u0430\u043b\u043b, \u0432\u043e\u043b\u0448\u0435\u0431\u043d\u043e\u0435 \u043f\u0435\u0440\u044b\u0448\u043a\u043e \u0438 \u0434\u0440\u0443\u0433\u0438\u0435. \u0412\u0441\u0435 \u0438\u043d\u0433\u0440\u0435\u0434\u0438\u0435\u043d\u0442\u044b \u043d\u0443\u0436\u043d\u044b, \u0447\u0442\u043e\u0431\u044b \u0441\u043e\u0437\u0434\u0430\u0442\u044c \u043f\u0438\u0442\u043e\u043c\u0446\u0430. \u041f\u043e\u0441\u043b\u0435 \u043a\u0430\u0436\u0434\u043e\u0439 \u0447\u0430\u0441\u0442\u0438 \u0437\u0430\u043a\u043b\u0438\u043d\u0430\u043d\u0438\u044f \u043f\u043e\u0434\u043e\u0436\u0434\u0438, \u043f\u043e\u043a\u0430 \u043a\u0440\u0438\u0441\u0442\u0430\u043b\u043b \u043a\u043e\u0442\u043b\u0430 \u0437\u0430\u0433\u043e\u0440\u0438\u0442\u0441\u044f \u0437\u0435\u043b\u0435\u043d\u044b\u043c, \u0438 3 \u0440\u0430\u0437\u0430 \u043f\u043e\u0441\u0442\u0443\u0447\u0438 \u0432\u043e\u043b\u0448\u0435\u0431\u043d\u043e\u0439 \u043f\u0430\u043b\u043e\u0447\u043a\u043e\u0439 \u043f\u043e \u043a\u043e\u0442\u043b\u0443. \u0415\u0441\u043b\u0438 \u043e\u043d \u0437\u0430\u0441\u0432\u0435\u0442\u0438\u0442\u0441\u044f \u0438 \u043d\u0430\u0447\u043d\u0435\u0442 \u0438\u0437\u0434\u0430\u0432\u0430\u0442\u044c \u0437\u0432\u0443\u043a\u0438, \u0442\u044b \u0432\u0441\u0435 \u0434\u0435\u043b\u0430\u0435\u0448\u044c \u043f\u0440\u0430\u0432\u0438\u043b\u044c\u043d\u043e! \u041a\u043e\u0433\u0434\u0430 \u0437\u0435\u043b\u044c\u0435 \u0431\u0443\u0434\u0435\u0442 \u0433\u043e\u0442\u043e\u0432\u043e, \u043a\u043e\u0442\u0435\u043b \u043d\u0430\u043f\u043e\u043b\u043d\u0438\u0442\u0441\u044f \u041d\u0410\u0421\u0422\u041e\u042f\u0429\u0418\u041c \u0442\u0443\u043c\u0430\u043d\u043e\u043c, \u0438 \u0432 \u043d\u0435\u043c \u043f\u043e\u044f\u0432\u0438\u0442\u0441\u044f \u0442\u0432\u043e\u0439 \u041c\u0430\u0433\u0438\u0447\u0435\u0441\u043a\u0438\u0439 \u041c\u0438\u043a\u0441\u0438! \u041e\u0433\u043e, \u0442\u0435\u0431\u0435 \u0443\u0434\u0430\u043b\u043e\u0441\u044c \u0441\u043e\u0437\u0434\u0430\u0442\u044c \u0432\u043e\u043b\u0448\u0435\u0431\u043d\u043e\u0433\u043e \u043f\u0438\u0442\u043e\u043c\u0446\u0430!<\/p>\n<p>\u041c\u0430\u0433\u0438\u0447\u0435\u0441\u043a\u0438\u0439 \u041c\u0438\u043a\u0441\u0438 \u2013 \u043c\u0438\u043b\u044b\u0439 \u0438 \u043e\u0431\u0449\u0438\u0442\u0435\u043b\u044c\u043d\u044b\u0439 \u0437\u0432\u0435\u0440\u0435\u043a!<\/p>\n<p>\u041e\u043d \u0440\u0435\u0430\u0433\u0438\u0440\u0443\u0435\u0442 \u043d\u0430 \u043f\u0440\u0438\u043a\u043e\u0441\u043d\u043e\u0432\u0435\u043d\u0438\u044f \u0440\u0443\u043a \u0438 \u043f\u0430\u043b\u043e\u0447\u043a\u0438. \u041c\u0438\u043a\u0441\u0438 \u043b\u044e\u0431\u044f\u0442 \u043a\u043e\u043b\u0434\u043e\u0432\u0430\u0442\u044c \u0438 \u0434\u0430\u0436\u0435 \u043c\u043e\u0433\u0443\u0442 \u0438\u0441\u043f\u043e\u043b\u043d\u044f\u0442\u044c \u0436\u0435\u043b\u0430\u043d\u0438\u044f! \u0427\u0435\u043c \u0447\u0430\u0449\u0435 \u0442\u044b \u0433\u043b\u0430\u0434\u0438\u0448\u044c \u0441\u0432\u043e\u0435\u0433\u043e \u041c\u0438\u043a\u0441\u0438, \u0442\u0435\u043c \u0441\u0438\u043b\u044c\u043d\u0435\u0435 \u043e\u043d \u0441\u0442\u0430\u043d\u0435\u0442.<\/p>\n<p>\u041c\u0430\u0433\u0438\u0447\u0435\u0441\u043a\u0438\u0439 \u041c\u0438\u043a\u0441\u0438 \u0438 \u0412\u043e\u043b\u0448\u0435\u0431\u043d\u044b\u0439 \u043a\u043e\u0442\u0435\u043b \u043c\u043e\u0433\u0443\u0442 \u0438\u0437\u0434\u0430\u0432\u0430\u0442\u044c \u0431\u043e\u043b\u0435\u0435 50 \u0437\u0432\u0443\u043a\u043e\u0432 \u0438 \u0440\u0435\u0430\u0433\u0438\u0440\u043e\u0432\u0430\u0442\u044c \u043d\u0430 \u043a\u0430\u0441\u0430\u043d\u0438\u044f. \u0422\u044b \u0434\u0430\u0436\u0435 \u043c\u043e\u0436\u0435\u0448\u044c \u043f\u043e\u043b\u043e\u0436\u0438\u0442\u044c \u0441\u0432\u043e\u0435\u0433\u043e \u041c\u0438\u043a\u0441\u0438 \u043e\u0431\u0440\u0430\u0442\u043d\u043e \u0432 \u043a\u043e\u0442\u0435\u043b \u0438 \u0441\u043d\u043e\u0432\u0430 \u043f\u043e\u0432\u0442\u043e\u0440\u0438\u0442\u044c \u043a\u043e\u043b\u0434\u043e\u0432\u0441\u0442\u0432\u043e, \u0447\u0442\u043e\u0431\u044b \u0443\u0434\u0438\u0432\u0438\u0442\u044c \u0434\u0440\u0443\u0437\u0435\u0439 (\u0434\u043e\u043f\u043e\u043b\u043d\u0438\u0442\u0435\u043b\u044c\u043d\u044b\u0439 \u043d\u0430\u0431\u043e\u0440 \u00ab\u0412\u043e\u043b\u0448\u0435\u0431\u043d\u044b\u0439 \u0442\u0443\u043c\u0430\u043d \u0438 \u0437\u0430\u043a\u043b\u0438\u043d\u0430\u043d\u0438\u044f\u00bb \u043f\u0440\u043e\u0434\u0430\u0435\u0442\u0441\u044f \u043e\u0442\u0434\u0435\u043b\u044c\u043d\u043e). \u0412\u044b\u0431\u0435\u0440\u0438 \u043e\u0434\u043d\u043e\u0433\u043e \u0438\u0437 \u0434\u0432\u0443\u0445 \u044f\u0440\u043a\u0438\u0445 \u0438 \u0437\u0430\u0431\u0430\u0432\u043d\u044b\u0445 \u041c\u0430\u0433\u0438\u0447\u0435\u0441\u043a\u0438\u0445 \u041c\u0438\u043a\u0441\u0438 \u0438 \u043a\u043e\u043b\u0434\u0443\u0439 \u0432\u043c\u0435\u0441\u0442\u0435 \u0441\u043e \u0441\u0432\u043e\u0438\u043c \u043d\u043e\u0432\u044b\u043c \u0432\u043e\u043b\u0448\u0435\u0431\u043d\u044b\u043c \u0434\u0440\u0443\u0433\u043e\u043c!<\/p>\n<p>\u0412 \u043d\u0430\u0431\u043e\u0440\u0435:<br \/>\n- 1 \u044d\u043b\u0435\u043a\u0442\u0440\u043e\u043d\u043d\u0430\u044f \u0438\u0433\u0440\u0443\u0448\u043a\u0430.<br \/>\n- 4 \u0430\u043a\u0441\u0435\u0441\u0441\u0443\u0430\u0440\u0430.<br \/>\n- 1 \u0432\u043e\u043b\u0448\u0435\u0431\u043d\u0430\u044f \u043a\u043d\u0438\u0433\u0430 \u0437\u0430\u043a\u043b\u0438\u043d\u0430\u043d\u0438\u0439.<br \/>\n- 1 \u0438\u043d\u0441\u0442\u0440\u0443\u043a\u0446\u0438\u044f \u043f\u043e \u0438\u0441\u043f\u043e\u043b\u044c\u0437\u043e\u0432\u0430\u043d\u0438\u044e.<br \/>\n- 1 \u0440\u0435\u043a\u043e\u043c\u0435\u043d\u0434\u0430\u0446\u0438\u044f \u0434\u043b\u044f \u0432\u0437\u0440\u043e\u0441\u043b\u044b\u0445.<br \/>\n- 1 \u0437\u0430\u0440\u044f\u0434\u043d\u044b\u0439 usb-\u043a\u0430\u0431\u0435\u043b\u044c.<br \/>\n- 1 \u043b\u0438\u0442\u0438\u0435\u0432\u0430\u044f \u0431\u0430\u0442\u0430\u0440\u0435\u044f 2.96wh.<br \/>\n- 3 \u0431\u0430\u0442\u0430\u0440\u0435\u0438 lr44.<br \/>\n- 2 \u0432\u043e\u0434\u043e\u0440\u0430\u0441\u0442\u0432\u043e\u0440\u0438\u043c\u044b\u0445 \u0431\u0443\u043c\u0430\u0436\u043d\u044b\u0445 \u043a\u043e\u043c\u043f\u043e\u043d\u0435\u043d\u0442\u0430 \u2014 \u043f\u0435\u0440\u043e: 60mm x 20mm.<br \/>\n- \u043f\u0435\u0440\u0433\u0430\u043c\u0435\u043d\u0442\u043d\u044b\u0439 \u0441\u0432\u0438\u0442\u043e\u043a 60mm x 35mm.<br \/>\n- 1 \u043f\u043e\u0440\u0446\u0438\u044f \u0448\u0438\u043f\u0443\u0447\u0435\u0433\u043e \u043f\u043e\u0440\u043e\u0448\u043a\u0430 (\"\u041c\u0443\u0437\u044b\u043a\u0430\u043b\u044c\u043d\u0430\u044f \u043f\u044b\u043b\u044c\u0446\u0430\"), \u043d\u0430 1 \u0438\u0441\u043f\u043e\u043b\u044c\u0437\u043e\u0432\u0430\u043d\u0438\u0435.<br \/>\n- 1 \u043f\u043e\u0440\u0446\u0438\u044f \u0440\u0430\u0441\u0442\u0432\u043e\u0440\u0438\u043c\u043e\u0433\u043e \u043c\u044b\u043b\u0430 (\"\u041c\u0430\u0433\u0438\u0447\u0435\u0441\u043a\u0438\u0439 \u043a\u0440\u0438\u0441\u0442\u0430\u043b\u043b\"), \u043d\u0430 1 \u0438\u0441\u043f\u043e\u043b\u044c\u0437\u043e\u0432\u0430\u043d\u0438\u0435.<br \/>\n- 1 \u0444\u043b\u0430\u043a\u043e\u043d \u0440\u0430\u0441\u0442\u0438\u0442\u0435\u043b\u044c\u043d\u043e\u0433\u043e \u0433\u043b\u0438\u0446\u0435\u0440\u0438\u043d\u0430 (\"\u041f\u0443\u0437\u044b\u0440\u0435\u043a \u0441 \u0442\u0443\u043c\u0430\u043d\u043e\u043c\"), \u043d\u0430 20 \u0438\u0441\u043f\u043e\u043b\u044c\u0437\u043e\u0432\u0430\u043d\u0438\u0439.<br \/>\n- 2 \u043f\u043e\u0440\u0446\u0438\u0438 \u043f\u0440\u0435\u0441\u0441\u043e\u0432\u0430\u043d\u043d\u043e\u0433\u043e \u0448\u0438\u043f\u0443\u0447\u0435\u0433\u043e \u043f\u043e\u0440\u043e\u0448\u043a\u0430 (\"\u0421\u0432\u0435\u0440\u043a\u0430\u044e\u0449\u0430\u044f \u0437\u0432\u0435\u0437\u0434\u043e\u0447\u043a\u0430\", \"\u0411\u0443\u0440\u043b\u044f\u0449\u0438\u0439 \u0446\u0432\u0435\u0442\u043e\u043a\"), \u043d\u0430 1 \u0438\u0441\u043f\u043e\u043b\u044c\u0437\u043e\u0432\u0430\u043d\u0438\u0435.<\/p>\n<p>\u0412\u043e\u0437\u0440\u0430\u0441\u0442: \u043e\u0442 5 \u043b\u0435\u0442.<\/p>","protected":false},"excerpt":{"rendered":"<p>Inva\u021b\u0103 cum s\u0103 creezi magie adev\u0103rat\u0103 cu\u00a0Magic Mixi Magic Cauldron! Spune o vraj\u0103 \u0219i c\u00e2nd cea\u021ba magic\u0103 se \u00eempr\u0103\u0219tie, vei<\/p>","protected":false},"featured_media":198918,"comment_status":"closed","ping_status":"closed","template":"..\/public\/views\/revslider-page-template.php","meta":{"_monsterinsights_skip_tracking":false,"_monsterinsights_sitenote_active":false,"_monsterinsights_sitenote_note":"","_monsterinsights_sitenote_category":0},"product_brand":[],"product_cat":[55,1137,46,1553,1558,76],"product_tag":[],"class_list":{"0":"post-198841","1":"product","2":"type-product","3":"status-publish","4":"has-post-thumbnail","6":"product_cat-toate-produsele","7":"product_cat-jucarii","8":"product_cat-jucarii-de-plus","9":"product_cat-altele","10":"product_cat-plusuri-interactive","11":"product_cat-jucarii-interactiv","13":"first","14":"instock","15":"shipping-taxable","16":"purchasable","17":"product-type-simple"},"_links":{"self":[{"href":"http:\/\/toystoys.md\/ru\/wp-json\/wp\/v2\/product\/198841","targetHints":{"allow":["GET"]}}],"collection":[{"href":"http:\/\/toystoys.md\/ru\/wp-json\/wp\/v2\/product"}],"about":[{"href":"http:\/\/toystoys.md\/ru\/wp-json\/wp\/v2\/types\/product"}],"replies":[{"embeddable":true,"href":"http:\/\/toystoys.md\/ru\/wp-json\/wp\/v2\/comments?post=198841"}],"wp:featuredmedia":[{"embeddable":true,"href":"http:\/\/toystoys.md\/ru\/wp-json\/wp\/v2\/media\/198918"}],"wp:attachment":[{"href":"http:\/\/toystoys.md\/ru\/wp-json\/wp\/v2\/media?parent=198841"}],"wp:term":[{"taxonomy":"product_brand","embeddable":true,"href":"http:\/\/toystoys.md\/ru\/wp-json\/wp\/v2\/product_brand?post=198841"},{"taxonomy":"product_cat","embeddable":true,"href":"http:\/\/toystoys.md\/ru\/wp-json\/wp\/v2\/product_cat?post=198841"},{"taxonomy":"product_tag","embeddable":true,"href":"http:\/\/toystoys.md\/ru\/wp-json\/wp\/v2\/product_tag?post=198841"}],"curies":[{"name":"wp","href":"https:\/\/api.w.org\/{rel}","templated":true}]}}