{"id":198208,"date":"2024-07-24T14:03:04","date_gmt":"2024-07-24T12:03:04","guid":{"rendered":""},"modified":"2024-07-25T15:44:59","modified_gmt":"2024-07-25T13:44:59","slug":"prod_4063846355068_sc96995","status":"publish","type":"product","link":"http:\/\/toystoys.md\/ru\/shop\/prod_4063846355068_sc96995\/","title":{"rendered":"\u041f\u0440\u043e\u0433\u0443\u043b\u043e\u0447\u043d\u0430\u044f \u043a\u043e\u043b\u044f\u0441\u043a\u0430 Coya Simply Flowers Beige CYBEX"},"content":{"rendered":"<p>\u0421\u0432\u0435\u0440\u0445\u043a\u043e\u043c\u043f\u0430\u043a\u0442\u043d\u0430\u044f \u0434\u043e\u0440\u043e\u0436\u043d\u0430\u044f \u043a\u043e\u043b\u044f\u0441\u043a\u0430, \u043a\u043e\u0442\u043e\u0440\u0430\u044f \u043e\u0431\u0435\u0449\u0430\u0435\u0442 \u0440\u043e\u0441\u043a\u043e\u0448\u044c \u043e\u0442 \u043e\u0442\u043f\u0440\u0430\u0432\u043b\u0435\u043d\u0438\u044f \u0434\u043e \u043f\u0440\u0438\u0431\u044b\u0442\u0438\u044f.<br \/>\n\u0421\u043e\u0437\u0434\u0430\u043d\u043d\u0430\u044f \u0434\u043b\u044f \u0441\u043e\u0432\u0440\u0435\u043c\u0435\u043d\u043d\u044b\u0445 \u0440\u043e\u0434\u0438\u0442\u0435\u043b\u0435\u0439, Coya \u2014 \u043d\u0430\u0448\u0430 \u043f\u0435\u0440\u0432\u0430\u044f \u0441\u0432\u0435\u0440\u0445\u043a\u043e\u043c\u043f\u0430\u043a\u0442\u043d\u0430\u044f \u043a\u043e\u043b\u044f\u0441\u043a\u0430, \u0441\u043e\u0447\u0435\u0442\u0430\u044e\u0449\u0430\u044f \u0432 \u0441\u0435\u0431\u0435 \u043a\u0443\u043b\u044c\u0442\u043e\u0432\u044b\u0439 \u0434\u0438\u0437\u0430\u0439\u043d \u0438 \u043f\u0435\u0440\u0432\u043e\u043a\u043b\u0430\u0441\u0441\u043d\u0443\u044e \u0444\u0443\u043d\u043a\u0446\u0438\u043e\u043d\u0430\u043b\u044c\u043d\u043e\u0441\u0442\u044c.<br \/>\n\u041e\u043d\u0430 \u0441\u043a\u043b\u0430\u0434\u044b\u0432\u0430\u0435\u0442\u0441\u044f \u0437\u0430 \u0441\u0447\u0438\u0442\u0430\u043d\u043d\u044b\u0435 \u0441\u0435\u043a\u0443\u043d\u0434\u044b, \u043b\u0435\u0433\u043a\u0430 \u0438 \u0443\u0434\u043e\u0431\u043d\u0430 \u0434\u043b\u044f \u0440\u0443\u0447\u043d\u043e\u0439 \u043a\u043b\u0430\u0434\u0438 \u2014 \u043e\u043d\u0430 \u0432\u0430\u0448 \u043b\u044e\u0431\u0438\u043c\u044b\u0439 \u0441\u043f\u0443\u0442\u043d\u0438\u043a \u0432 \u043f\u0443\u0442\u0435\u0448\u0435\u0441\u0442\u0432\u0438\u044f\u0445.<br \/>\n\u0412\u0430\u0448 \u0440\u0435\u0431\u0435\u043d\u043e\u043a \u0433\u043e\u0442\u043e\u0432 \u0441 \u0441\u0430\u043c\u043e\u0433\u043e \u0440\u043e\u0436\u0434\u0435\u043d\u0438\u044f: \u0435\u0433\u043e \u0436\u0434\u0435\u0442 \u044d\u043a\u0441\u043a\u043b\u044e\u0437\u0438\u0432\u043d\u044b\u0439 \u043a\u043e\u043c\u0444\u043e\u0440\u0442 \u0431\u043b\u0430\u0433\u043e\u0434\u0430\u0440\u044f \u044d\u0440\u0433\u043e\u043d\u043e\u043c\u0438\u0447\u043d\u043e\u043c\u0443 \u0433\u043e\u0440\u0438\u0437\u043e\u043d\u0442\u0430\u043b\u044c\u043d\u043e\u043c\u0443 \u043f\u043e\u043b\u043e\u0436\u0435\u043d\u0438\u044e \u043d\u0430\u043a\u043b\u043e\u043d\u0430 \u0441\u043f\u0438\u043d\u043a\u0438, \u0432\u0441\u0442\u0440\u043e\u0435\u043d\u043d\u043e\u0439 \u043f\u043e\u0434\u0441\u0442\u0430\u0432\u043a\u0435 \u0434\u043b\u044f \u043d\u043e\u0433 \u0438 \u0443\u0434\u043e\u0431\u043d\u044b\u043c \u0440\u0435\u043c\u043d\u044f\u043c \u0431\u0435\u0437\u043e\u043f\u0430\u0441\u043d\u043e\u0441\u0442\u0438, \u043a\u043e\u0442\u043e\u0440\u044b\u0435 \u043c\u043e\u0436\u043d\u043e \u043f\u043e\u0442\u044f\u043d\u0443\u0442\u044c \u043e\u0434\u043d\u0438\u043c \u043d\u0430\u0436\u0430\u0442\u0438\u0435\u043c.<\/p>\n<p>Coya: \u044d\u043a\u0441\u043a\u043b\u044e\u0437\u0438\u0432\u043d\u044b\u0439 \u043f\u0443\u0442\u0435\u0448\u0435\u0441\u0442\u0432\u0435\u043d\u043d\u0438\u043a, \u043a\u043e\u0442\u043e\u0440\u044b\u0439 \u043e\u0431\u044f\u0437\u0430\u0442\u0435\u043b\u044c\u043d\u043e \u043f\u0440\u0438\u0432\u043b\u0435\u0447\u0435\u0442 \u0432\u043d\u0438\u043c\u0430\u043d\u0438\u0435.<\/p>\n<p><strong>\u0425\u0430\u0440\u0430\u043a\u0442\u0435\u0440\u0438\u0441\u0442\u0438\u043a\u0438 \u0442\u043e\u0432\u0430\u0440\u0430:<\/strong><br \/>\n- \u0420\u0435\u043a\u043e\u043c\u0435\u043d\u0434\u0443\u0435\u043c\u044b\u0439 \u0432\u043e\u0437\u0440\u0430\u0441\u0442: \u043e\u0442 \u0440\u043e\u0436\u0434\u0435\u043d\u0438\u044f \u043f\u0440\u0438\u043c\u0435\u0440\u043d\u043e \u0434\u043e 4 \u043b\u0435\u0442\/22 \u043a\u0433<br \/>\n- \u041c\u0430\u043a\u0441\u0438\u043c\u0430\u043b\u044c\u043d\u044b\u0439 \u0440\u0435\u043a\u043e\u043c\u0435\u043d\u0434\u0443\u0435\u043c\u044b\u0439 \u0432\u0435\u0441: 22 \u043a\u0433<\/p>","protected":false},"excerpt":{"rendered":"<p>Un c\u0103rucior de c\u0103l\u0103torie ultra-compact, care promite lux de la plecare p\u00e2n\u0103 la sosire. Creat pentru p\u0103rin\u021bii moderni , Coya<\/p>","protected":false},"featured_media":198261,"comment_status":"closed","ping_status":"closed","template":"..\/public\/views\/revslider-page-template.php","meta":{"_monsterinsights_skip_tracking":false,"_monsterinsights_sitenote_active":false,"_monsterinsights_sitenote_note":"","_monsterinsights_sitenote_category":0},"product_brand":[],"product_cat":[55,1141,174,53],"product_tag":[],"class_list":{"0":"post-198208","1":"product","2":"type-product","3":"status-publish","4":"has-post-thumbnail","6":"product_cat-toate-produsele","7":"product_cat-produse-pentru-bebelusi","8":"product_cat-calatorii-si-accesorii","9":"product_cat-carucioare-siguranta","11":"first","12":"instock","13":"shipping-taxable","14":"purchasable","15":"product-type-simple"},"_links":{"self":[{"href":"http:\/\/toystoys.md\/ru\/wp-json\/wp\/v2\/product\/198208","targetHints":{"allow":["GET"]}}],"collection":[{"href":"http:\/\/toystoys.md\/ru\/wp-json\/wp\/v2\/product"}],"about":[{"href":"http:\/\/toystoys.md\/ru\/wp-json\/wp\/v2\/types\/product"}],"replies":[{"embeddable":true,"href":"http:\/\/toystoys.md\/ru\/wp-json\/wp\/v2\/comments?post=198208"}],"wp:featuredmedia":[{"embeddable":true,"href":"http:\/\/toystoys.md\/ru\/wp-json\/wp\/v2\/media\/198261"}],"wp:attachment":[{"href":"http:\/\/toystoys.md\/ru\/wp-json\/wp\/v2\/media?parent=198208"}],"wp:term":[{"taxonomy":"product_brand","embeddable":true,"href":"http:\/\/toystoys.md\/ru\/wp-json\/wp\/v2\/product_brand?post=198208"},{"taxonomy":"product_cat","embeddable":true,"href":"http:\/\/toystoys.md\/ru\/wp-json\/wp\/v2\/product_cat?post=198208"},{"taxonomy":"product_tag","embeddable":true,"href":"http:\/\/toystoys.md\/ru\/wp-json\/wp\/v2\/product_tag?post=198208"}],"curies":[{"name":"wp","href":"https:\/\/api.w.org\/{rel}","templated":true}]}}