{"id":198207,"date":"2024-07-24T14:03:00","date_gmt":"2024-07-24T12:03:00","guid":{"rendered":""},"modified":"2025-05-12T07:47:54","modified_gmt":"2025-05-12T05:47:54","slug":"prod_4063846270095_sc96993","status":"publish","type":"product","link":"http:\/\/toystoys.md\/ru\/shop\/prod_4063846270095_sc96993\/","title":{"rendered":"\u041b\u044e\u043b\u044c\u043a\u0430 Priam Lux Simply Flowers Beige CYBEX"},"content":{"rendered":"<p>\u041b\u044e\u043b\u044c\u043a\u0430 Priam Lux \u0438\u0437 \u043a\u043e\u043b\u043b\u0435\u043a\u0446\u0438\u0438 Paltinum \u043e\u0442 Cybex \u0438\u0434\u0435\u0430\u043b\u044c\u043d\u043e \u043f\u043e\u0434\u0445\u043e\u0434\u0438\u0442 \u0434\u043b\u044f \u043c\u0430\u043b\u044b\u0448\u0435\u0439 \u043e\u0442 \u0440\u043e\u0436\u0434\u0435\u043d\u0438\u044f \u0434\u043e \u0448\u0435\u0441\u0442\u0438 \u043c\u0435\u0441\u044f\u0446\u0435\u0432.<br \/>\n\u041f\u0440\u043e\u0441\u0442\u043e \u043d\u0430\u0436\u043c\u0438\u0442\u0435 \u043d\u0430 \u043b\u044e\u043b\u044c\u043a\u0443 Priam, \u0438 \u0432\u0430\u0448\u0430 \u043a\u043e\u043b\u044f\u0441\u043a\u0430 \u0433\u043e\u0442\u043e\u0432\u0430 \u043a \u0438\u0441\u043f\u043e\u043b\u044c\u0437\u043e\u0432\u0430\u043d\u0438\u044e.<br \/>\n\u0410\u043a\u0441\u0435\u0441\u0441\u0443\u0430\u0440\u044b \u043a\u043e\u043b\u044f\u0441\u043a\u0438 Priam Lux \u043d\u043e\u0432\u043e\u0433\u043e \u043f\u043e\u043a\u043e\u043b\u0435\u043d\u0438\u044f \u0434\u0435\u043b\u0430\u044e\u0442 \u0432\u043e\u0437\u043c\u043e\u0436\u043d\u044b\u043c \u0438\u0437\u044b\u0441\u043a\u0430\u043d\u043d\u043e\u0435 \u0438 \u043a\u043e\u043c\u0444\u043e\u0440\u0442\u043d\u043e\u0435 \u0441\u0435\u043c\u0435\u0439\u043d\u043e\u0435 \u043f\u0443\u0442\u0435\u0448\u0435\u0441\u0442\u0432\u0438\u0435.<br \/>\n\u041f\u0440\u043e\u0441\u0442\u043e\u0440\u043d\u0430\u044f \u043b\u044e\u043b\u044c\u043a\u0430 \u043c\u043e\u0436\u0435\u0442 \u043f\u043e\u0445\u0432\u0430\u0441\u0442\u0430\u0442\u044c\u0441\u044f \u0431\u043e\u043b\u044c\u0448\u0438\u043c\u0438 \u0440\u0430\u0437\u043c\u0435\u0440\u0430\u043c\u0438 \u0438 \u043c\u0430\u043a\u0441\u0438\u043c\u0430\u043b\u044c\u043d\u044b\u043c \u043a\u043e\u043c\u0444\u043e\u0440\u0442\u043e\u043c.<br \/>\n\u0414\u0435\u0442\u0441\u043a\u0430\u044f \u043a\u043e\u043b\u044f\u0441\u043a\u0430 Priam \u043e\u0442 Cybex Platinum \u044f\u0432\u043b\u044f\u0435\u0442\u0441\u044f \u043f\u0440\u0435\u0434\u0441\u0442\u0430\u0432\u0438\u0442\u0435\u043b\u0435\u043c \u043d\u043e\u0432\u043e\u0433\u043e \u043f\u043e\u043a\u043e\u043b\u0435\u043d\u0438\u044f \u043a\u043e\u043b\u044f\u0441\u043e\u043a, \u043a\u043e\u0442\u043e\u0440\u043e\u0435 \u043f\u0440\u043e\u0438\u0437\u0432\u0435\u043b\u043e \u0440\u0435\u0432\u043e\u043b\u044e\u0446\u0438\u044e \u0432 \u043e\u0442\u0440\u0430\u0441\u043b\u0438, \u043e\u0431\u044a\u0435\u0434\u0438\u043d\u0438\u0432 \u044d\u043b\u0435\u043c\u0435\u043d\u0442\u044b \u0432\u043d\u0435\u0432\u0440\u0435\u043c\u0435\u043d\u043d\u043e\u0433\u043e \u0434\u0438\u0437\u0430\u0439\u043d\u0430 \u0441 \u043d\u043e\u0432\u044b\u043c\u0438 \u0444\u0443\u043d\u043a\u0446\u0438\u044f\u043c\u0438, \u043a\u043e\u0442\u043e\u0440\u044b\u0435 \u043e\u0431\u043b\u0435\u0433\u0447\u0430\u044e\u0442 \u0436\u0438\u0437\u043d\u044c \u0440\u043e\u0434\u0438\u0442\u0435\u043b\u0435\u0439 \u0438 \u043e\u0442\u0432\u0435\u0447\u0430\u044e\u0442 \u0441\u0430\u043c\u044b\u043c \u0432\u044b\u0441\u043e\u043a\u0438\u043c \u043e\u0436\u0438\u0434\u0430\u043d\u0438\u044f\u043c.<\/p>\n<p>\u0423\u043d\u0438\u043a\u0430\u043b\u044c\u043d\u044b\u0435 \u0432\u043f\u0435\u0447\u0430\u0442\u043b\u0435\u043d\u0438\u044f \u043e\u0442 \u043a\u043e\u043b\u044f\u0441\u043a\u0438, \u0433\u0435\u043d\u0438\u0430\u043b\u044c\u043d\u0430\u044f \u0444\u0443\u043d\u043a\u0446\u0438\u043e\u043d\u0430\u043b\u044c\u043d\u043e\u0441\u0442\u044c \u0438 \u0440\u043e\u0441\u043a\u043e\u0448\u043d\u044b\u0439 \u043a\u043e\u043c\u0444\u043e\u0440\u0442. Priam, \u043d\u043e\u0432\u043e\u0435 \u043f\u043e\u043a\u043e\u043b\u0435\u043d\u0438\u0435, \u043a\u0443\u043b\u044c\u0442\u043e\u0432\u044b\u0439 \u0434\u0438\u0437\u0430\u0439\u043d \u043d\u0430 \u043a\u043e\u043b\u0435\u0441\u0430\u0445!<\/p>\n<p><strong>\u0425\u0430\u0440\u0430\u043a\u0442\u0435\u0440\u0438\u0441\u0442\u0438\u043a\u0438 \u0442\u043e\u0432\u0430\u0440\u0430:<br \/>\n<\/strong>\u00a0- \u0420\u0435\u043a\u043e\u043c\u0435\u043d\u0434\u0443\u0435\u043c\u044b\u0439 \u0432\u043e\u0437\u0440\u0430\u0441\u0442: \u043e\u0442 \u0440\u043e\u0436\u0434\u0435\u043d\u0438\u044f \u0434\u043e 9 \u043a\u0433. (\u043e\u043a\u043e\u043b\u043e 6 \u043c\u0435\u0441\u044f\u0446\u0435\u0432).<br \/>\n- \u0412\u0435\u0441: \u043c\u0430\u043a\u0441. \u0432\u0435\u0441 \u0440\u0435\u0431\u0435\u043d\u043a\u0430 22 \u043a\u0433<br \/>\n- \u0420\u0430\u0437\u043c\u0435\u0440 \u0442\u043e\u0432\u0430\u0440\u0430: \u0434\u043b\u0438\u043d\u0430 875 \u043c\u043c\/\u0448\u0438\u0440\u0438\u043d\u0430 480 \u043c\u043c\/\u0432\u044b\u0441\u043e\u0442\u0430 255-600 \u043c\u043c<br \/>\n- \u0412\u0435\u0441 4,9 \u043a\u0433<\/p>","protected":false},"excerpt":{"rendered":"<p>Landoul Priam Lux, din colec\u021bia Paltinum, de la Cybex, este ideal pentru bebelu\u0219i, de la na\u0219tere p\u00e2n\u0103 la v\u00e2rsta de<\/p>","protected":false},"featured_media":198256,"comment_status":"closed","ping_status":"closed","template":"..\/public\/views\/revslider-page-template.php","meta":{"_monsterinsights_skip_tracking":false,"_monsterinsights_sitenote_active":false,"_monsterinsights_sitenote_note":"","_monsterinsights_sitenote_category":0},"product_brand":[],"product_cat":[55,1141,174,53],"product_tag":[],"class_list":{"0":"post-198207","1":"product","2":"type-product","3":"status-publish","4":"has-post-thumbnail","6":"product_cat-toate-produsele","7":"product_cat-produse-pentru-bebelusi","8":"product_cat-calatorii-si-accesorii","9":"product_cat-carucioare-siguranta","11":"first","12":"outofstock","13":"shipping-taxable","14":"purchasable","15":"product-type-simple"},"_links":{"self":[{"href":"http:\/\/toystoys.md\/ru\/wp-json\/wp\/v2\/product\/198207","targetHints":{"allow":["GET"]}}],"collection":[{"href":"http:\/\/toystoys.md\/ru\/wp-json\/wp\/v2\/product"}],"about":[{"href":"http:\/\/toystoys.md\/ru\/wp-json\/wp\/v2\/types\/product"}],"replies":[{"embeddable":true,"href":"http:\/\/toystoys.md\/ru\/wp-json\/wp\/v2\/comments?post=198207"}],"wp:featuredmedia":[{"embeddable":true,"href":"http:\/\/toystoys.md\/ru\/wp-json\/wp\/v2\/media\/198256"}],"wp:attachment":[{"href":"http:\/\/toystoys.md\/ru\/wp-json\/wp\/v2\/media?parent=198207"}],"wp:term":[{"taxonomy":"product_brand","embeddable":true,"href":"http:\/\/toystoys.md\/ru\/wp-json\/wp\/v2\/product_brand?post=198207"},{"taxonomy":"product_cat","embeddable":true,"href":"http:\/\/toystoys.md\/ru\/wp-json\/wp\/v2\/product_cat?post=198207"},{"taxonomy":"product_tag","embeddable":true,"href":"http:\/\/toystoys.md\/ru\/wp-json\/wp\/v2\/product_tag?post=198207"}],"curies":[{"name":"wp","href":"https:\/\/api.w.org\/{rel}","templated":true}]}}