{"id":198206,"date":"2024-07-24T14:02:57","date_gmt":"2024-07-24T12:02:57","guid":{"rendered":""},"modified":"2025-09-29T14:26:52","modified_gmt":"2025-09-29T12:26:52","slug":"prod_4063846402571_sc96994","status":"publish","type":"product","link":"http:\/\/toystoys.md\/ru\/shop\/prod_4063846402571_sc96994\/","title":{"rendered":"\u0410\u0432\u0442\u043e \u043a\u0440\u0435\u0441\u043b\u043e Cloud T i-Size Plus Sepia Black CYBEX"},"content":{"rendered":"<p>\u041d\u043e\u0432\u043e\u0435 \u0434\u0435\u0442\u0441\u043a\u043e\u0435 \u0430\u0432\u0442\u043e\u043a\u0440\u0435\u0441\u043b\u043e Cloud T i-Size \u043e\u0442 Cybex Platinum \u043f\u0440\u0435\u0434\u043b\u0430\u0433\u0430\u0435\u0442 \u043a\u043e\u043c\u0444\u043e\u0440\u0442\u043d\u044b\u0435 \u0438 \u0433\u0438\u0431\u043a\u0438\u0435 \u043f\u043e\u0435\u0437\u0434\u043a\u0438 \u0434\u043b\u044f \u0432\u0430\u0448\u0435\u0433\u043e \u0440\u0435\u0431\u0435\u043d\u043a\u0430 \u043a\u0430\u043a \u0432\u043d\u0443\u0442\u0440\u0438, \u0442\u0430\u043a \u0438 \u0441\u043d\u0430\u0440\u0443\u0436\u0438 \u0430\u0432\u0442\u043e\u043c\u043e\u0431\u0438\u043b\u044f, \u0431\u0443\u0434\u0443\u0447\u0438 \u0438\u0434\u0435\u0430\u043b\u044c\u043d\u044b\u043c \u043a\u043e\u043c\u043f\u0430\u043d\u044c\u043e\u043d\u043e\u043c \u043d\u0430 \u043a\u0430\u0436\u0434\u043e\u043c \u044d\u0442\u0430\u043f\u0435 \u043f\u0443\u0442\u0438.<br \/>\n\u041d\u043e\u0432\u043e\u0435 \u0430\u0432\u0442\u043e\u043a\u0440\u0435\u0441\u043b\u043e Cloud T i-Size, \u044f\u0432\u043b\u044f\u044e\u0449\u0435\u0435\u0441\u044f \u0447\u0430\u0441\u0442\u044c\u044e \u0441\u0438\u0441\u0442\u0435\u043c\u044b \u043f\u0443\u0442\u0435\u0448\u0435\u0441\u0442\u0432\u0438\u0439, \u043e\u0431\u0435\u0441\u043f\u0435\u0447\u0438\u0432\u0430\u0435\u0442 \u043f\u043e\u043b\u043d\u0443\u044e \u0433\u0438\u0431\u043a\u043e\u0441\u0442\u044c \u0438 \u044d\u0440\u0433\u043e\u043d\u043e\u043c\u0438\u0447\u043d\u043e\u0435 \u043f\u043e\u043b\u043e\u0436\u0435\u043d\u0438\u0435.<br \/>\n\u0411\u043b\u0430\u0433\u043e\u0434\u0430\u0440\u044f \u0432\u0441\u0442\u0440\u043e\u0435\u043d\u043d\u043e\u0439 \u0432\u0435\u043d\u0442\u0438\u043b\u044f\u0446\u0438\u0438 \u0434\u0435\u0442\u0441\u043a\u043e\u0435 \u0430\u0432\u0442\u043e\u043a\u0440\u0435\u0441\u043b\u043e \u043f\u043e\u0434\u0434\u0435\u0440\u0436\u0438\u0432\u0430\u0435\u0442 \u043f\u0440\u0438\u044f\u0442\u043d\u0443\u044e \u043f\u043e\u0441\u0442\u043e\u044f\u043d\u043d\u0443\u044e \u0442\u0435\u043c\u043f\u0435\u0440\u0430\u0442\u0443\u0440\u0443 \u0432 \u043b\u044e\u0431\u043e\u0435 \u0432\u0440\u0435\u043c\u044f \u0433\u043e\u0434\u0430.<br \/>\n\u041f\u043e\u0432\u043e\u0440\u043e\u0442 \u043d\u0430 180\u00b0 \u043f\u043e\u0432\u044b\u0448\u0430\u0435\u0442 \u043a\u043e\u043c\u0444\u043e\u0440\u0442 \u043a\u0430\u043a \u0432\u0430\u0441, \u0442\u0430\u043a \u0438 \u0432\u0430\u0448\u0435\u0433\u043e \u0440\u0435\u0431\u0435\u043d\u043a\u0430, \u043f\u043e\u0437\u0432\u043e\u043b\u044f\u044f \u043f\u043e\u0432\u0435\u0440\u043d\u0443\u0442\u044c \u0434\u0435\u0442\u0441\u043a\u043e\u0435 \u0430\u0432\u0442\u043e\u043a\u0440\u0435\u0441\u043b\u043e \u043a \u0434\u0432\u0435\u0440\u0438 \u0430\u0432\u0442\u043e\u043c\u043e\u0431\u0438\u043b\u044f, \u0447\u0442\u043e \u0443\u043f\u0440\u043e\u0449\u0430\u0435\u0442 \u043f\u043e\u0441\u0430\u0434\u043a\u0443 \u0438 \u0432\u044b\u0445\u043e\u0434 \u0438\u0437 \u0430\u0432\u0442\u043e\u043c\u043e\u0431\u0438\u043b\u044f.<\/p>\n<p><strong>\u0425\u0430\u0440\u0430\u043a\u0442\u0435\u0440\u0438\u0441\u0442\u0438\u043a\u0438:<\/strong><br \/>\n- \u041e\u041e\u041d \u0420129\/03<br \/>\n- \u0420\u0435\u043a\u043e\u043c\u0435\u043d\u0434\u0443\u0435\u043c\u044b\u0439 \u0432\u043e\u0437\u0440\u0430\u0441\u0442: \u0441 \u0440\u043e\u0436\u0434\u0435\u043d\u0438\u044f \u0434\u043e \u043f\u0440\u0438\u043c\u0435\u0440\u043d\u043e 24 \u043c\u0435\u0441\u044f\u0446\u0435\u0432, \u043c\u0430\u043a\u0441. 13 \u043a\u0433<br \/>\n- \u0420\u0435\u043a\u043e\u043c\u0435\u043d\u0434\u0443\u0435\u043c\u044b\u0439 \u0440\u0430\u0437\u043c\u0435\u0440: 45 \u0441\u043c \u2013 87 \u0441\u043c.<br \/>\n- \u0414\u043b\u0438\u043d\u0430\/\u0448\u0438\u0440\u0438\u043d\u0430\/\u0432\u044b\u0441\u043e\u0442\u0430: 645 \u043c\u043c \u0445 440 \u043c\u043c \u0445 380 \u2013 600 \u043c\u043c<br \/>\n- \u0412\u0435\u0441 \u0438\u0437\u0434\u0435\u043b\u0438\u044f: 4,5 \u043a\u0433.<br \/>\n- \u0421\u043e\u0432\u043c\u0435\u0441\u0442\u0438\u043c\u044b\u0435 \u0431\u0430\u0437\u044b: Base T, Base Z2<\/p>","protected":false},"excerpt":{"rendered":"<p>Noua scoic\u0103 auto pentru copii Cloud T i-Size de la Cybex Platinum ofer\u0103 c\u0103l\u0103torii confortabile \u0219i flexibile copilului dvs., at\u00e2t<\/p>","protected":false},"featured_media":198247,"comment_status":"closed","ping_status":"closed","template":"..\/public\/views\/revslider-page-template.php","meta":{"_monsterinsights_skip_tracking":false,"_monsterinsights_sitenote_active":false,"_monsterinsights_sitenote_note":"","_monsterinsights_sitenote_category":0},"product_brand":[],"product_cat":[55,1141,174,1097],"product_tag":[],"class_list":{"0":"post-198206","1":"product","2":"type-product","3":"status-publish","4":"has-post-thumbnail","6":"product_cat-toate-produsele","7":"product_cat-produse-pentru-bebelusi","8":"product_cat-calatorii-si-accesorii","9":"product_cat-scaune-auto","11":"first","12":"instock","13":"shipping-taxable","14":"purchasable","15":"product-type-simple"},"_links":{"self":[{"href":"http:\/\/toystoys.md\/ru\/wp-json\/wp\/v2\/product\/198206","targetHints":{"allow":["GET"]}}],"collection":[{"href":"http:\/\/toystoys.md\/ru\/wp-json\/wp\/v2\/product"}],"about":[{"href":"http:\/\/toystoys.md\/ru\/wp-json\/wp\/v2\/types\/product"}],"replies":[{"embeddable":true,"href":"http:\/\/toystoys.md\/ru\/wp-json\/wp\/v2\/comments?post=198206"}],"wp:featuredmedia":[{"embeddable":true,"href":"http:\/\/toystoys.md\/ru\/wp-json\/wp\/v2\/media\/198247"}],"wp:attachment":[{"href":"http:\/\/toystoys.md\/ru\/wp-json\/wp\/v2\/media?parent=198206"}],"wp:term":[{"taxonomy":"product_brand","embeddable":true,"href":"http:\/\/toystoys.md\/ru\/wp-json\/wp\/v2\/product_brand?post=198206"},{"taxonomy":"product_cat","embeddable":true,"href":"http:\/\/toystoys.md\/ru\/wp-json\/wp\/v2\/product_cat?post=198206"},{"taxonomy":"product_tag","embeddable":true,"href":"http:\/\/toystoys.md\/ru\/wp-json\/wp\/v2\/product_tag?post=198206"}],"curies":[{"name":"wp","href":"https:\/\/api.w.org\/{rel}","templated":true}]}}