{"id":197409,"date":"2024-07-12T00:29:11","date_gmt":"2024-07-12T00:29:11","guid":{"rendered":""},"modified":"2024-07-14T14:41:19","modified_gmt":"2024-07-14T12:41:19","slug":"prod_4009175944610_sc96718","status":"publish","type":"product","link":"http:\/\/toystoys.md\/ru\/shop\/prod_4009175944610_sc96718\/","title":{"rendered":"\u0420\u0430\u0441\u0442\u0432\u043e\u0440 \u0434\u043b\u044f \u0443\u0434\u0430\u043b\u0435\u043d\u0438\u044f \u0438\u0437\u0432\u0435\u0441\u0442\u043a\u043e\u0432\u043e\u0433\u043e \u043d\u0430\u043b\u0435\u0442\u0430 \u043d\u0430 \u043e\u0441\u043d\u043e\u0432\u0435 \u041c\u0430\u043b\u0438\u043d\u043e\u0432\u043e\u0433\u043e \u0443\u043a\u0441\u0443\u0441\u0430 500 \u043c\u043b Frosch"},"content":{"rendered":"<p>Formula cu actiune rapida impotriva murdariei greu de indepartat. Curatenie instantanee fara divorturi in toata casa! Formula eficient\u0103, cu ac\u021biune rapid\u0103, cu alcool activ, \u00eendep\u0103rteaz\u0103 chiar \u0219i murd\u0103ria \u0219i placa care sunt greu de \u00eendep\u0103rtat de pe sticl\u0103 \u0219i suprafe\u021bele netede. Pulveriza\u021bi, \u0219terge\u021bi, gata!<\/p>","protected":false},"excerpt":{"rendered":"<p>Formula cu actiune rapida impotriva murdariei greu de indepartat. Curatenie instantanee fara divorturi in toata casa! Formula eficient\u0103, cu ac\u021biune<\/p>","protected":false},"featured_media":197455,"comment_status":"closed","ping_status":"closed","template":"..\/public\/views\/revslider-page-template.php","meta":{"_monsterinsights_skip_tracking":false,"_monsterinsights_sitenote_active":false,"_monsterinsights_sitenote_note":"","_monsterinsights_sitenote_category":0},"product_brand":[],"product_cat":[55,50,1107],"product_tag":[],"class_list":{"0":"post-197409","1":"product","2":"type-product","3":"status-publish","4":"has-post-thumbnail","6":"product_cat-toate-produsele","7":"product_cat-iginina","8":"product_cat-produse-pentru-rufe-si-curatenie","10":"first","11":"instock","12":"shipping-taxable","13":"purchasable","14":"product-type-simple"},"_links":{"self":[{"href":"http:\/\/toystoys.md\/ru\/wp-json\/wp\/v2\/product\/197409","targetHints":{"allow":["GET"]}}],"collection":[{"href":"http:\/\/toystoys.md\/ru\/wp-json\/wp\/v2\/product"}],"about":[{"href":"http:\/\/toystoys.md\/ru\/wp-json\/wp\/v2\/types\/product"}],"replies":[{"embeddable":true,"href":"http:\/\/toystoys.md\/ru\/wp-json\/wp\/v2\/comments?post=197409"}],"wp:featuredmedia":[{"embeddable":true,"href":"http:\/\/toystoys.md\/ru\/wp-json\/wp\/v2\/media\/197455"}],"wp:attachment":[{"href":"http:\/\/toystoys.md\/ru\/wp-json\/wp\/v2\/media?parent=197409"}],"wp:term":[{"taxonomy":"product_brand","embeddable":true,"href":"http:\/\/toystoys.md\/ru\/wp-json\/wp\/v2\/product_brand?post=197409"},{"taxonomy":"product_cat","embeddable":true,"href":"http:\/\/toystoys.md\/ru\/wp-json\/wp\/v2\/product_cat?post=197409"},{"taxonomy":"product_tag","embeddable":true,"href":"http:\/\/toystoys.md\/ru\/wp-json\/wp\/v2\/product_tag?post=197409"}],"curies":[{"name":"wp","href":"https:\/\/api.w.org\/{rel}","templated":true}]}}