{"id":197401,"date":"2024-07-12T00:28:42","date_gmt":"2024-07-12T00:28:42","guid":{"rendered":""},"modified":"2024-07-14T15:54:25","modified_gmt":"2024-07-14T13:54:25","slug":"prod_4001499159510_sc96725","status":"publish","type":"product","link":"http:\/\/toystoys.md\/ru\/shop\/prod_4001499159510_sc96725\/","title":{"rendered":"\u0416\u0438\u0434\u043a\u043e\u0435 \u043c\u043e\u044e\u0449\u0435\u0435 \u0441\u0440\u0435\u0434\u0441\u0442\u0432\u043e Frosch \u0410\u043b\u043e\u044d \u0412\u0435\u0440\u0430 1500 \u043c\u043b"},"content":{"rendered":"<p>Detergentul lichid concentrat Frosch Aloe Vera ofer\u0103 o eficien\u021b\u0103 ridicat\u0103 la sp\u0103larea hainelor colorate, albe \u0219i negre. O formul\u0103 special\u0103 cu extracte naturale de acid malic \u0219i agen\u021bi tensioactivi din plante, precum \u0219i inhibitori de transfer al coloran\u021bilor, spal\u0103 eficient rufele, p\u0103str\u00e2nd str\u0103lucirea original\u0103 a \u021bes\u0103turilor colorate.<\/p>","protected":false},"excerpt":{"rendered":"<p>Detergentul lichid concentrat Frosch Aloe Vera ofer\u0103 o eficien\u021b\u0103 ridicat\u0103 la sp\u0103larea hainelor colorate, albe \u0219i negre. O formul\u0103 special\u0103<\/p>","protected":false},"featured_media":197522,"comment_status":"closed","ping_status":"closed","template":"..\/public\/views\/revslider-page-template.php","meta":{"_monsterinsights_skip_tracking":false,"_monsterinsights_sitenote_active":false,"_monsterinsights_sitenote_note":"","_monsterinsights_sitenote_category":0},"product_brand":[],"product_cat":[55,50,1107],"product_tag":[],"class_list":{"0":"post-197401","1":"product","2":"type-product","3":"status-publish","4":"has-post-thumbnail","6":"product_cat-toate-produsele","7":"product_cat-iginina","8":"product_cat-produse-pentru-rufe-si-curatenie","10":"first","11":"outofstock","12":"shipping-taxable","13":"purchasable","14":"product-type-simple"},"_links":{"self":[{"href":"http:\/\/toystoys.md\/ru\/wp-json\/wp\/v2\/product\/197401","targetHints":{"allow":["GET"]}}],"collection":[{"href":"http:\/\/toystoys.md\/ru\/wp-json\/wp\/v2\/product"}],"about":[{"href":"http:\/\/toystoys.md\/ru\/wp-json\/wp\/v2\/types\/product"}],"replies":[{"embeddable":true,"href":"http:\/\/toystoys.md\/ru\/wp-json\/wp\/v2\/comments?post=197401"}],"wp:featuredmedia":[{"embeddable":true,"href":"http:\/\/toystoys.md\/ru\/wp-json\/wp\/v2\/media\/197522"}],"wp:attachment":[{"href":"http:\/\/toystoys.md\/ru\/wp-json\/wp\/v2\/media?parent=197401"}],"wp:term":[{"taxonomy":"product_brand","embeddable":true,"href":"http:\/\/toystoys.md\/ru\/wp-json\/wp\/v2\/product_brand?post=197401"},{"taxonomy":"product_cat","embeddable":true,"href":"http:\/\/toystoys.md\/ru\/wp-json\/wp\/v2\/product_cat?post=197401"},{"taxonomy":"product_tag","embeddable":true,"href":"http:\/\/toystoys.md\/ru\/wp-json\/wp\/v2\/product_tag?post=197401"}],"curies":[{"name":"wp","href":"https:\/\/api.w.org\/{rel}","templated":true}]}}