{"id":197398,"date":"2024-07-12T00:28:32","date_gmt":"2024-07-12T00:28:32","guid":{"rendered":""},"modified":"2024-07-14T15:48:31","modified_gmt":"2024-07-14T13:48:31","slug":"prod_4009175942845_sc96729","status":"publish","type":"product","link":"http:\/\/toystoys.md\/ru\/shop\/prod_4009175942845_sc96729\/","title":{"rendered":"\u0413\u0435\u043b\u044c \u0434\u043b\u044f \u0441\u0442\u0438\u0440\u043a\u0438 \u0448\u0435\u0440\u0441\u0442\u044f\u043d\u044b\u0445 \u0442\u043a\u0430\u043d\u0435\u0439 \u041c\u0438\u043d\u0434\u0430\u043b\u044c\u043d\u043e\u0435 \u043c\u043e\u043b\u043e\u043a\u043e 1500 \u043c\u043b"},"content":{"rendered":"<p>Balsam Frosch pentru sp\u0103larea \u021bes\u0103turilor din l\u00e2n\u0103 \u0219i delicate cu lapte de migdale pentru o cur\u0103\u021benie impecabil\u0103 \u0219i \u00eengrijirea bl\u00e2nd\u0103 a \u021bes\u0103turilor delicate.<\/p>","protected":false},"excerpt":{"rendered":"<p>Balsam Frosch pentru sp\u0103larea \u021bes\u0103turilor din l\u00e2n\u0103 \u0219i delicate cu lapte de migdale pentru o cur\u0103\u021benie impecabil\u0103 \u0219i \u00eengrijirea bl\u00e2nd\u0103<\/p>","protected":false},"featured_media":197518,"comment_status":"closed","ping_status":"closed","template":"..\/public\/views\/revslider-page-template.php","meta":{"_monsterinsights_skip_tracking":false,"_monsterinsights_sitenote_active":false,"_monsterinsights_sitenote_note":"","_monsterinsights_sitenote_category":0},"product_brand":[],"product_cat":[55,50,1107],"product_tag":[],"class_list":{"0":"post-197398","1":"product","2":"type-product","3":"status-publish","4":"has-post-thumbnail","6":"product_cat-toate-produsele","7":"product_cat-iginina","8":"product_cat-produse-pentru-rufe-si-curatenie","10":"first","11":"instock","12":"shipping-taxable","13":"purchasable","14":"product-type-simple"},"_links":{"self":[{"href":"http:\/\/toystoys.md\/ru\/wp-json\/wp\/v2\/product\/197398","targetHints":{"allow":["GET"]}}],"collection":[{"href":"http:\/\/toystoys.md\/ru\/wp-json\/wp\/v2\/product"}],"about":[{"href":"http:\/\/toystoys.md\/ru\/wp-json\/wp\/v2\/types\/product"}],"replies":[{"embeddable":true,"href":"http:\/\/toystoys.md\/ru\/wp-json\/wp\/v2\/comments?post=197398"}],"wp:featuredmedia":[{"embeddable":true,"href":"http:\/\/toystoys.md\/ru\/wp-json\/wp\/v2\/media\/197518"}],"wp:attachment":[{"href":"http:\/\/toystoys.md\/ru\/wp-json\/wp\/v2\/media?parent=197398"}],"wp:term":[{"taxonomy":"product_brand","embeddable":true,"href":"http:\/\/toystoys.md\/ru\/wp-json\/wp\/v2\/product_brand?post=197398"},{"taxonomy":"product_cat","embeddable":true,"href":"http:\/\/toystoys.md\/ru\/wp-json\/wp\/v2\/product_cat?post=197398"},{"taxonomy":"product_tag","embeddable":true,"href":"http:\/\/toystoys.md\/ru\/wp-json\/wp\/v2\/product_tag?post=197398"}],"curies":[{"name":"wp","href":"https:\/\/api.w.org\/{rel}","templated":true}]}}