{"id":197395,"date":"2024-07-12T00:28:21","date_gmt":"2024-07-12T00:28:21","guid":{"rendered":""},"modified":"2025-06-17T21:27:14","modified_gmt":"2025-06-17T19:27:14","slug":"prod_4001499162916_sc96723","status":"publish","type":"product","link":"http:\/\/toystoys.md\/ru\/shop\/prod_4001499162916_sc96723\/","title":{"rendered":"\u0413\u0435\u043b\u044c \u0434\u043b\u044f \u043c\u044b\u0442\u044c\u044f \u043f\u043e\u0441\u0443\u0434\u044b Soda Effect 500 \u043c\u043b Frosch"},"content":{"rendered":"<p>Balsam-concentrat pentru vase Frosch Soda descompune eficient gr\u0103simile, cur\u0103\u021b\u0103 vasele, tac\u00e2murile, sticl\u0103ria de murd\u0103rie, datorit\u0103 formulei concentrate \u0219i con\u021binutului de sifon natural. Economic. Are un miros placut.<\/p>","protected":false},"excerpt":{"rendered":"<p>Balsam-concentrat pentru vase Frosch Soda descompune eficient gr\u0103simile, cur\u0103\u021b\u0103 vasele, tac\u00e2murile, sticl\u0103ria de murd\u0103rie, datorit\u0103 formulei concentrate \u0219i con\u021binutului de<\/p>","protected":false},"featured_media":197515,"comment_status":"closed","ping_status":"closed","template":"..\/public\/views\/revslider-page-template.php","meta":{"_monsterinsights_skip_tracking":false,"_monsterinsights_sitenote_active":false,"_monsterinsights_sitenote_note":"","_monsterinsights_sitenote_category":0},"product_brand":[],"product_cat":[55,50,1107],"product_tag":[],"class_list":{"0":"post-197395","1":"product","2":"type-product","3":"status-publish","4":"has-post-thumbnail","6":"product_cat-toate-produsele","7":"product_cat-iginina","8":"product_cat-produse-pentru-rufe-si-curatenie","10":"first","11":"instock","12":"shipping-taxable","13":"purchasable","14":"product-type-simple"},"_links":{"self":[{"href":"http:\/\/toystoys.md\/ru\/wp-json\/wp\/v2\/product\/197395","targetHints":{"allow":["GET"]}}],"collection":[{"href":"http:\/\/toystoys.md\/ru\/wp-json\/wp\/v2\/product"}],"about":[{"href":"http:\/\/toystoys.md\/ru\/wp-json\/wp\/v2\/types\/product"}],"replies":[{"embeddable":true,"href":"http:\/\/toystoys.md\/ru\/wp-json\/wp\/v2\/comments?post=197395"}],"wp:featuredmedia":[{"embeddable":true,"href":"http:\/\/toystoys.md\/ru\/wp-json\/wp\/v2\/media\/197515"}],"wp:attachment":[{"href":"http:\/\/toystoys.md\/ru\/wp-json\/wp\/v2\/media?parent=197395"}],"wp:term":[{"taxonomy":"product_brand","embeddable":true,"href":"http:\/\/toystoys.md\/ru\/wp-json\/wp\/v2\/product_brand?post=197395"},{"taxonomy":"product_cat","embeddable":true,"href":"http:\/\/toystoys.md\/ru\/wp-json\/wp\/v2\/product_cat?post=197395"},{"taxonomy":"product_tag","embeddable":true,"href":"http:\/\/toystoys.md\/ru\/wp-json\/wp\/v2\/product_tag?post=197395"}],"curies":[{"name":"wp","href":"https:\/\/api.w.org\/{rel}","templated":true}]}}