{"id":197394,"date":"2024-07-12T00:28:17","date_gmt":"2024-07-12T00:28:17","guid":{"rendered":""},"modified":"2024-07-14T15:40:11","modified_gmt":"2024-07-14T13:40:11","slug":"prod_9001531181597_sc96716","status":"publish","type":"product","link":"http:\/\/toystoys.md\/ru\/shop\/prod_9001531181597_sc96716\/","title":{"rendered":"\u0413\u0435\u043b\u044c \u0434\u043b\u044f \u043c\u044b\u0442\u044c\u044f \u043f\u043e\u0441\u0443\u0434\u044b Sensitiv 500 \u043c\u043b Frosch"},"content":{"rendered":"<p>Detergentul de sp\u0103lat vase Frosch Sensitiv Vitamin con\u021bine o substan\u021b\u0103 activ\u0103 umplut\u0103 cu vitamina E extrem de eficient\u0103, care \u00eent\u0103re\u0219te propriet\u0103\u021bile protectoare ale pielii. \u00cen plus, vitamina B protejeaz\u0103 cele mai sensibile m\u00e2ini de uscare. Efectul acestui complex de vitamine este baza pentru o piele s\u0103n\u0103toas\u0103 \u0219i frumoas\u0103.<\/p>","protected":false},"excerpt":{"rendered":"<p>Detergentul de sp\u0103lat vase Frosch Sensitiv Vitamin con\u021bine o substan\u021b\u0103 activ\u0103 umplut\u0103 cu vitamina E extrem de eficient\u0103, care \u00eent\u0103re\u0219te<\/p>","protected":false},"featured_media":197513,"comment_status":"closed","ping_status":"closed","template":"..\/public\/views\/revslider-page-template.php","meta":{"_monsterinsights_skip_tracking":false,"_monsterinsights_sitenote_active":false,"_monsterinsights_sitenote_note":"","_monsterinsights_sitenote_category":0},"product_brand":[],"product_cat":[55,50,1107],"product_tag":[],"class_list":{"0":"post-197394","1":"product","2":"type-product","3":"status-publish","4":"has-post-thumbnail","6":"product_cat-toate-produsele","7":"product_cat-iginina","8":"product_cat-produse-pentru-rufe-si-curatenie","10":"first","11":"instock","12":"shipping-taxable","13":"purchasable","14":"product-type-simple"},"_links":{"self":[{"href":"http:\/\/toystoys.md\/ru\/wp-json\/wp\/v2\/product\/197394","targetHints":{"allow":["GET"]}}],"collection":[{"href":"http:\/\/toystoys.md\/ru\/wp-json\/wp\/v2\/product"}],"about":[{"href":"http:\/\/toystoys.md\/ru\/wp-json\/wp\/v2\/types\/product"}],"replies":[{"embeddable":true,"href":"http:\/\/toystoys.md\/ru\/wp-json\/wp\/v2\/comments?post=197394"}],"wp:featuredmedia":[{"embeddable":true,"href":"http:\/\/toystoys.md\/ru\/wp-json\/wp\/v2\/media\/197513"}],"wp:attachment":[{"href":"http:\/\/toystoys.md\/ru\/wp-json\/wp\/v2\/media?parent=197394"}],"wp:term":[{"taxonomy":"product_brand","embeddable":true,"href":"http:\/\/toystoys.md\/ru\/wp-json\/wp\/v2\/product_brand?post=197394"},{"taxonomy":"product_cat","embeddable":true,"href":"http:\/\/toystoys.md\/ru\/wp-json\/wp\/v2\/product_cat?post=197394"},{"taxonomy":"product_tag","embeddable":true,"href":"http:\/\/toystoys.md\/ru\/wp-json\/wp\/v2\/product_tag?post=197394"}],"curies":[{"name":"wp","href":"https:\/\/api.w.org\/{rel}","templated":true}]}}