{"id":197392,"date":"2024-07-12T00:28:10","date_gmt":"2024-07-12T00:28:10","guid":{"rendered":""},"modified":"2024-07-14T15:36:53","modified_gmt":"2024-07-14T13:36:53","slug":"prod_4009175929167_sc96720","status":"publish","type":"product","link":"http:\/\/toystoys.md\/ru\/shop\/prod_4009175929167_sc96720\/","title":{"rendered":"\u0413\u0435\u043b\u044c \u0434\u043b\u044f \u043c\u044b\u0442\u044c\u044f \u043f\u043e\u0441\u0443\u0434\u044b \u0417\u0435\u043b\u0435\u043d\u044b\u0439 \u0447\u0430\u0439 500 \u043c\u043b Frosch"},"content":{"rendered":"<p>Balsamul de vase Frosch Green Tea va men\u021bine vasele curate, va proteja \u0219i va tonifica pielea m\u00e2inilor cu extracte naturale de ceai verde. Potrivit pentru orice tip de vase de g\u0103tit. Curata vasele pana cand acestea stralucesc. Formula pe baz\u0103 de surfactan\u021bi din plante \u0219i extracte naturale de ceai verde spal\u0103 perfect murd\u0103ria \u0219i dizolv\u0103 gr\u0103simea \u0219i, de asemenea, combin\u0103 \u00een mod optim protec\u021bia \u0219i tonifierea pielii m\u00e2inilor.<\/p>","protected":false},"excerpt":{"rendered":"<p>Balsamul de vase Frosch Green Tea va men\u021bine vasele curate, va proteja \u0219i va tonifica pielea m\u00e2inilor cu extracte naturale<\/p>","protected":false},"featured_media":197511,"comment_status":"closed","ping_status":"closed","template":"..\/public\/views\/revslider-page-template.php","meta":{"_monsterinsights_skip_tracking":false,"_monsterinsights_sitenote_active":false,"_monsterinsights_sitenote_note":"","_monsterinsights_sitenote_category":0},"product_brand":[],"product_cat":[55,50,1107],"product_tag":[],"class_list":{"0":"post-197392","1":"product","2":"type-product","3":"status-publish","4":"has-post-thumbnail","6":"product_cat-toate-produsele","7":"product_cat-iginina","8":"product_cat-produse-pentru-rufe-si-curatenie","10":"first","11":"instock","12":"shipping-taxable","13":"purchasable","14":"product-type-simple"},"_links":{"self":[{"href":"http:\/\/toystoys.md\/ru\/wp-json\/wp\/v2\/product\/197392","targetHints":{"allow":["GET"]}}],"collection":[{"href":"http:\/\/toystoys.md\/ru\/wp-json\/wp\/v2\/product"}],"about":[{"href":"http:\/\/toystoys.md\/ru\/wp-json\/wp\/v2\/types\/product"}],"replies":[{"embeddable":true,"href":"http:\/\/toystoys.md\/ru\/wp-json\/wp\/v2\/comments?post=197392"}],"wp:featuredmedia":[{"embeddable":true,"href":"http:\/\/toystoys.md\/ru\/wp-json\/wp\/v2\/media\/197511"}],"wp:attachment":[{"href":"http:\/\/toystoys.md\/ru\/wp-json\/wp\/v2\/media?parent=197392"}],"wp:term":[{"taxonomy":"product_brand","embeddable":true,"href":"http:\/\/toystoys.md\/ru\/wp-json\/wp\/v2\/product_brand?post=197392"},{"taxonomy":"product_cat","embeddable":true,"href":"http:\/\/toystoys.md\/ru\/wp-json\/wp\/v2\/product_cat?post=197392"},{"taxonomy":"product_tag","embeddable":true,"href":"http:\/\/toystoys.md\/ru\/wp-json\/wp\/v2\/product_tag?post=197392"}],"curies":[{"name":"wp","href":"https:\/\/api.w.org\/{rel}","templated":true}]}}