{"id":197389,"date":"2024-07-12T00:28:00","date_gmt":"2024-07-12T00:28:00","guid":{"rendered":""},"modified":"2025-05-12T00:34:46","modified_gmt":"2025-05-11T22:34:46","slug":"prod_4001499939891_sc96730","status":"publish","type":"product","link":"http:\/\/toystoys.md\/ru\/shop\/prod_4001499939891_sc96730\/","title":{"rendered":"\u0420\u0430\u0441\u0442\u0432\u043e\u0440 \u0434\u043b\u044f \u0443\u0434\u0430\u043b\u0435\u043d\u0438\u044f \u043e\u0442\u043b\u043e\u0436\u0435\u043d\u0438\u0439 \u0441\u043e \u0441\u0442\u0438\u0440\u0430\u043b\u044c\u043d\u043e\u0439 \u043c\u0430\u0448\u0438\u043d\u044b 250 \u0433 Frosch"},"content":{"rendered":"<p>Praf de sp\u0103lat este destinat sp\u0103l\u0103rii lenjeriei colorate \u00een ma\u0219ini de sp\u0103lat de orice tip la temperaturi de la 30 la 95 C. Este bl\u00e2nd\u0103, nu distruge fibrele, nu decoloreaz\u0103 \u021bes\u0103turile, nu con\u021bine \u00een\u0103lbitori.<\/p>","protected":false},"excerpt":{"rendered":"<p>Praf de sp\u0103lat este destinat sp\u0103l\u0103rii lenjeriei colorate \u00een ma\u0219ini de sp\u0103lat de orice tip la temperaturi de la 30<\/p>","protected":false},"featured_media":197505,"comment_status":"closed","ping_status":"closed","template":"..\/public\/views\/revslider-page-template.php","meta":{"_monsterinsights_skip_tracking":false,"_monsterinsights_sitenote_active":false,"_monsterinsights_sitenote_note":"","_monsterinsights_sitenote_category":0},"product_brand":[],"product_cat":[55,50,1107],"product_tag":[],"class_list":{"0":"post-197389","1":"product","2":"type-product","3":"status-publish","4":"has-post-thumbnail","6":"product_cat-toate-produsele","7":"product_cat-iginina","8":"product_cat-produse-pentru-rufe-si-curatenie","10":"first","11":"instock","12":"shipping-taxable","13":"purchasable","14":"product-type-simple"},"_links":{"self":[{"href":"http:\/\/toystoys.md\/ru\/wp-json\/wp\/v2\/product\/197389","targetHints":{"allow":["GET"]}}],"collection":[{"href":"http:\/\/toystoys.md\/ru\/wp-json\/wp\/v2\/product"}],"about":[{"href":"http:\/\/toystoys.md\/ru\/wp-json\/wp\/v2\/types\/product"}],"replies":[{"embeddable":true,"href":"http:\/\/toystoys.md\/ru\/wp-json\/wp\/v2\/comments?post=197389"}],"wp:featuredmedia":[{"embeddable":true,"href":"http:\/\/toystoys.md\/ru\/wp-json\/wp\/v2\/media\/197505"}],"wp:attachment":[{"href":"http:\/\/toystoys.md\/ru\/wp-json\/wp\/v2\/media?parent=197389"}],"wp:term":[{"taxonomy":"product_brand","embeddable":true,"href":"http:\/\/toystoys.md\/ru\/wp-json\/wp\/v2\/product_brand?post=197389"},{"taxonomy":"product_cat","embeddable":true,"href":"http:\/\/toystoys.md\/ru\/wp-json\/wp\/v2\/product_cat?post=197389"},{"taxonomy":"product_tag","embeddable":true,"href":"http:\/\/toystoys.md\/ru\/wp-json\/wp\/v2\/product_tag?post=197389"}],"curies":[{"name":"wp","href":"https:\/\/api.w.org\/{rel}","templated":true}]}}