{"id":197384,"date":"2024-07-12T00:27:42","date_gmt":"2024-07-12T00:27:42","guid":{"rendered":""},"modified":"2025-06-17T21:26:44","modified_gmt":"2025-06-17T19:26:44","slug":"prod_4001499112942_sc96732","status":"publish","type":"product","link":"http:\/\/toystoys.md\/ru\/shop\/prod_4001499112942_sc96732\/","title":{"rendered":"\u0423\u043d\u0438\u0432\u0435\u0440\u0441\u0430\u043b\u044c\u043d\u044b\u0439 \u0447\u0438\u0441\u0442\u044f\u0449\u0438\u0439 \u0440\u0430\u0441\u0442\u0432\u043e\u0440 \u043f\u0440\u043e\u0442\u0438\u0432 \u0436\u0438\u0440\u0430 500\u043c\u043b Frosch"},"content":{"rendered":"<p>Frosch Grapefruit Universal Cleaner cur\u0103\u021b\u0103 intens toate suprafe\u021bele lavabile. Datorit\u0103 extractului natural de grapefruit inclus \u00een compozi\u021bie, \u00eendep\u0103rteaz\u0103 cu u\u0219urin\u021b\u0103 gr\u0103simea, murd\u0103ria \u00eenc\u0103p\u0103\u021b\u00e2nat\u0103 \u0219i murd\u0103ria uscat\u0103. Ideal pentru curatarea cuptoarelor si gratarelor. Las\u0103 \u00een urm\u0103 o arom\u0103 pl\u0103cut\u0103 de fructe proaspete. Potrivit pentru utilizare \u00een zonele \u00een contact cu alimentele \u0219i pe blaturile din buc\u0103t\u0103rie.<\/p>","protected":false},"excerpt":{"rendered":"<p>Frosch Grapefruit Universal Cleaner cur\u0103\u021b\u0103 intens toate suprafe\u021bele lavabile. Datorit\u0103 extractului natural de grapefruit inclus \u00een compozi\u021bie, \u00eendep\u0103rteaz\u0103 cu u\u0219urin\u021b\u0103<\/p>","protected":false},"featured_media":197498,"comment_status":"closed","ping_status":"closed","template":"..\/public\/views\/revslider-page-template.php","meta":{"_monsterinsights_skip_tracking":false,"_monsterinsights_sitenote_active":false,"_monsterinsights_sitenote_note":"","_monsterinsights_sitenote_category":0},"product_brand":[],"product_cat":[55,50,1107],"product_tag":[],"class_list":{"0":"post-197384","1":"product","2":"type-product","3":"status-publish","4":"has-post-thumbnail","6":"product_cat-toate-produsele","7":"product_cat-iginina","8":"product_cat-produse-pentru-rufe-si-curatenie","10":"first","11":"instock","12":"shipping-taxable","13":"purchasable","14":"product-type-simple"},"_links":{"self":[{"href":"http:\/\/toystoys.md\/ru\/wp-json\/wp\/v2\/product\/197384","targetHints":{"allow":["GET"]}}],"collection":[{"href":"http:\/\/toystoys.md\/ru\/wp-json\/wp\/v2\/product"}],"about":[{"href":"http:\/\/toystoys.md\/ru\/wp-json\/wp\/v2\/types\/product"}],"replies":[{"embeddable":true,"href":"http:\/\/toystoys.md\/ru\/wp-json\/wp\/v2\/comments?post=197384"}],"wp:featuredmedia":[{"embeddable":true,"href":"http:\/\/toystoys.md\/ru\/wp-json\/wp\/v2\/media\/197498"}],"wp:attachment":[{"href":"http:\/\/toystoys.md\/ru\/wp-json\/wp\/v2\/media?parent=197384"}],"wp:term":[{"taxonomy":"product_brand","embeddable":true,"href":"http:\/\/toystoys.md\/ru\/wp-json\/wp\/v2\/product_brand?post=197384"},{"taxonomy":"product_cat","embeddable":true,"href":"http:\/\/toystoys.md\/ru\/wp-json\/wp\/v2\/product_cat?post=197384"},{"taxonomy":"product_tag","embeddable":true,"href":"http:\/\/toystoys.md\/ru\/wp-json\/wp\/v2\/product_tag?post=197384"}],"curies":[{"name":"wp","href":"https:\/\/api.w.org\/{rel}","templated":true}]}}