{"id":197366,"date":"2024-07-11T11:16:51","date_gmt":"2024-07-11T11:16:51","guid":{"rendered":""},"modified":"2024-07-14T17:06:10","modified_gmt":"2024-07-14T15:06:10","slug":"prod_0035051500841_sc96638","status":"publish","type":"product","link":"http:\/\/toystoys.md\/ru\/shop\/prod_0035051500841_sc96638\/","title":{"rendered":"\u0424\u0438\u0433\u0443\u0440\u043a\u0430-\u0441\u044e\u0440\u043f\u0440\u0438\u0437 Kylie Jenner Mini Bratz MGA"},"content":{"rendered":"<p>Dou\u0103 for\u021be ale culturii pop se ciocnesc \u00een timp ce Kylie Jenner intr\u0103 \u00een lumea Bratz\u00ae! Pictograma modei \u0219i antreprenor este \u201eBratzified\u201d \u00een prima colaborare cu celebrit\u0103\u021bi Bratz\u00ae. Colecteaz\u0103 Kylie \u00een form\u0103 de Mini Bratz cu look-uri din unele dintre cele mai emblematice momente ale ei de mod\u0103.<\/p>","protected":false},"excerpt":{"rendered":"<p>Dou\u0103 for\u021be ale culturii pop se ciocnesc \u00een timp ce Kylie Jenner intr\u0103 \u00een lumea Bratz\u00ae! Pictograma modei \u0219i antreprenor<\/p>","protected":false},"featured_media":197532,"comment_status":"closed","ping_status":"closed","template":"..\/public\/views\/revslider-page-template.php","meta":{"_monsterinsights_skip_tracking":false,"_monsterinsights_sitenote_active":false,"_monsterinsights_sitenote_note":"","_monsterinsights_sitenote_category":0},"product_brand":[],"product_cat":[1615,55,1137,35],"product_tag":[],"class_list":{"0":"post-197366","1":"product","2":"type-product","3":"status-publish","4":"has-post-thumbnail","6":"product_cat-personaje-figuri-si-seturi","7":"product_cat-toate-produsele","8":"product_cat-jucarii","9":"product_cat-roboti-si-figurine","11":"first","12":"instock","13":"shipping-taxable","14":"purchasable","15":"product-type-simple"},"_links":{"self":[{"href":"http:\/\/toystoys.md\/ru\/wp-json\/wp\/v2\/product\/197366","targetHints":{"allow":["GET"]}}],"collection":[{"href":"http:\/\/toystoys.md\/ru\/wp-json\/wp\/v2\/product"}],"about":[{"href":"http:\/\/toystoys.md\/ru\/wp-json\/wp\/v2\/types\/product"}],"replies":[{"embeddable":true,"href":"http:\/\/toystoys.md\/ru\/wp-json\/wp\/v2\/comments?post=197366"}],"wp:featuredmedia":[{"embeddable":true,"href":"http:\/\/toystoys.md\/ru\/wp-json\/wp\/v2\/media\/197532"}],"wp:attachment":[{"href":"http:\/\/toystoys.md\/ru\/wp-json\/wp\/v2\/media?parent=197366"}],"wp:term":[{"taxonomy":"product_brand","embeddable":true,"href":"http:\/\/toystoys.md\/ru\/wp-json\/wp\/v2\/product_brand?post=197366"},{"taxonomy":"product_cat","embeddable":true,"href":"http:\/\/toystoys.md\/ru\/wp-json\/wp\/v2\/product_cat?post=197366"},{"taxonomy":"product_tag","embeddable":true,"href":"http:\/\/toystoys.md\/ru\/wp-json\/wp\/v2\/product_tag?post=197366"}],"curies":[{"name":"wp","href":"https:\/\/api.w.org\/{rel}","templated":true}]}}