{"id":197295,"date":"2024-07-10T16:47:15","date_gmt":"2024-07-10T16:47:15","guid":{"rendered":""},"modified":"2025-12-31T10:23:33","modified_gmt":"2025-12-31T08:23:33","slug":"prod_694704111393_sc96698","status":"publish","type":"product","link":"http:\/\/toystoys.md\/ru\/shop\/prod_694704111393_sc96698\/","title":{"rendered":"\u041a\u043e\u043c\u043f\u043b\u0435\u043a\u0442 \u0434\u043b\u044f \u0434\u0435\u0432\u043e\u0447\u043a\u0438 Pom Pom Animoulous Nebulous Stars"},"content":{"rendered":"<p>Creeaz\u0103 5 brelocuri cu pompon animole! Aceste bile dr\u0103gu\u021be sunt foarte u\u0219or de f\u0103cut folosind instrumentul nostru de fabricare a pomponilor!<br \/>\nCon\u0163inut:<br \/>\n5 brelocuri pentru a \u021bine pompoanele<br \/>\n5 culori de l\u00e2n\u0103 acrilic\u0103<br \/>\n1 instrument pentru realizarea pomponilor<br \/>\nIstoria animolozilor<br \/>\nInstruc\u021biuni de culoare<\/p>","protected":false},"excerpt":{"rendered":"<p>Creeaz\u0103 5 brelocuri cu pompon animole! Aceste bile dr\u0103gu\u021be sunt foarte u\u0219or de f\u0103cut folosind instrumentul nostru de fabricare a<\/p>","protected":false},"featured_media":197332,"comment_status":"closed","ping_status":"closed","template":"..\/public\/views\/revslider-page-template.php","meta":{"_monsterinsights_skip_tracking":false,"_monsterinsights_sitenote_active":false,"_monsterinsights_sitenote_note":"","_monsterinsights_sitenote_category":0},"product_brand":[],"product_cat":[55,1137,117,76],"product_tag":[],"class_list":{"0":"post-197295","1":"product","2":"type-product","3":"status-publish","4":"has-post-thumbnail","6":"product_cat-toate-produsele","7":"product_cat-jucarii","8":"product_cat-seturi-pentru-creatie","9":"product_cat-jucarii-interactiv","11":"first","12":"outofstock","13":"shipping-taxable","14":"purchasable","15":"product-type-simple"},"_links":{"self":[{"href":"http:\/\/toystoys.md\/ru\/wp-json\/wp\/v2\/product\/197295","targetHints":{"allow":["GET"]}}],"collection":[{"href":"http:\/\/toystoys.md\/ru\/wp-json\/wp\/v2\/product"}],"about":[{"href":"http:\/\/toystoys.md\/ru\/wp-json\/wp\/v2\/types\/product"}],"replies":[{"embeddable":true,"href":"http:\/\/toystoys.md\/ru\/wp-json\/wp\/v2\/comments?post=197295"}],"wp:featuredmedia":[{"embeddable":true,"href":"http:\/\/toystoys.md\/ru\/wp-json\/wp\/v2\/media\/197332"}],"wp:attachment":[{"href":"http:\/\/toystoys.md\/ru\/wp-json\/wp\/v2\/media?parent=197295"}],"wp:term":[{"taxonomy":"product_brand","embeddable":true,"href":"http:\/\/toystoys.md\/ru\/wp-json\/wp\/v2\/product_brand?post=197295"},{"taxonomy":"product_cat","embeddable":true,"href":"http:\/\/toystoys.md\/ru\/wp-json\/wp\/v2\/product_cat?post=197295"},{"taxonomy":"product_tag","embeddable":true,"href":"http:\/\/toystoys.md\/ru\/wp-json\/wp\/v2\/product_tag?post=197295"}],"curies":[{"name":"wp","href":"https:\/\/api.w.org\/{rel}","templated":true}]}}