{"id":197037,"date":"2024-07-05T15:46:17","date_gmt":"2024-07-05T15:46:17","guid":{"rendered":""},"modified":"2024-07-06T09:48:42","modified_gmt":"2024-07-06T07:48:42","slug":"prod_7290135007071_sc96577","status":"publish","type":"product","link":"http:\/\/toystoys.md\/ru\/shop\/prod_7290135007071_sc96577\/","title":{"rendered":"\u0410\u0432\u0442\u043e-\u0437\u0435\u0440\u043a\u0430\u043b\u043e Lion BENBAT"},"content":{"rendered":"<p>Este timpul s\u0103 porne\u0219ti la drum cu \u0219oferul t\u0103u preferat de pe bancheta din spate. Z\u00e2mbetele abund\u0103 atunci c\u00e2nd aceast\u0103 oglind\u0103 dr\u0103gu\u021b\u0103 \u0219i totu\u0219i practic\u0103 este al\u0103turi de plimbare. Bebelu\u0219ul este distrat f\u0103r\u0103 efort c\u0103l\u0103torie dup\u0103 c\u0103l\u0103torie prin designul adorabil al animalului \u0219i reflexiile captivante, \u00een timp ce \u021bine cont de toat\u0103 ac\u021biunea dintr-o privire. \u00cembr\u0103ca\u021bi-v\u0103 centura \u0219i preg\u0103ti\u021bi-v\u0103 pentru o c\u0103l\u0103torie lin\u0103, care v\u0103 permite am\u00e2ndoi s\u0103 v\u0103 bucura\u021bi de fiecare moment al c\u0103l\u0103toriei<\/p>","protected":false},"excerpt":{"rendered":"<p>Este timpul s\u0103 porne\u0219ti la drum cu \u0219oferul t\u0103u preferat de pe bancheta din spate. Z\u00e2mbetele abund\u0103 atunci c\u00e2nd aceast\u0103<\/p>","protected":false},"featured_media":197149,"comment_status":"closed","ping_status":"closed","template":"..\/public\/views\/revslider-page-template.php","meta":{"_monsterinsights_skip_tracking":false,"_monsterinsights_sitenote_active":false,"_monsterinsights_sitenote_note":"","_monsterinsights_sitenote_category":0},"product_brand":[],"product_cat":[55,174,1097],"product_tag":[],"class_list":{"0":"post-197037","1":"product","2":"type-product","3":"status-publish","4":"has-post-thumbnail","6":"product_cat-toate-produsele","7":"product_cat-calatorii-si-accesorii","8":"product_cat-scaune-auto","10":"first","11":"instock","12":"shipping-taxable","13":"purchasable","14":"product-type-simple"},"_links":{"self":[{"href":"http:\/\/toystoys.md\/ru\/wp-json\/wp\/v2\/product\/197037","targetHints":{"allow":["GET"]}}],"collection":[{"href":"http:\/\/toystoys.md\/ru\/wp-json\/wp\/v2\/product"}],"about":[{"href":"http:\/\/toystoys.md\/ru\/wp-json\/wp\/v2\/types\/product"}],"replies":[{"embeddable":true,"href":"http:\/\/toystoys.md\/ru\/wp-json\/wp\/v2\/comments?post=197037"}],"wp:featuredmedia":[{"embeddable":true,"href":"http:\/\/toystoys.md\/ru\/wp-json\/wp\/v2\/media\/197149"}],"wp:attachment":[{"href":"http:\/\/toystoys.md\/ru\/wp-json\/wp\/v2\/media?parent=197037"}],"wp:term":[{"taxonomy":"product_brand","embeddable":true,"href":"http:\/\/toystoys.md\/ru\/wp-json\/wp\/v2\/product_brand?post=197037"},{"taxonomy":"product_cat","embeddable":true,"href":"http:\/\/toystoys.md\/ru\/wp-json\/wp\/v2\/product_cat?post=197037"},{"taxonomy":"product_tag","embeddable":true,"href":"http:\/\/toystoys.md\/ru\/wp-json\/wp\/v2\/product_tag?post=197037"}],"curies":[{"name":"wp","href":"https:\/\/api.w.org\/{rel}","templated":true}]}}