{"id":197029,"date":"2024-07-05T15:45:22","date_gmt":"2024-07-05T15:45:22","guid":{"rendered":""},"modified":"2025-07-18T15:32:46","modified_gmt":"2025-07-18T13:32:46","slug":"prod_5055192203253_sc54694","status":"publish","type":"product","link":"http:\/\/toystoys.md\/ru\/shop\/prod_5055192203253_sc54694\/","title":{"rendered":"\u0420\u044e\u043a\u0430\u0437\u0430\u043a \u2013 Terrance (\u0421\u0438\u043d\u0438\u0439) TRUNKI"},"content":{"rendered":"<p>Un rucsac neobi\u0219nuit \u00een form\u0103 de pui de urs albastru este special conceput pentru excursii la gr\u0103dini\u021b\u0103. Rucsacul arat\u0103 foarte dr\u0103gu\u021b \u0219i compact, dar are o capacitate bun\u0103 &#8211; volumul rucsacului este de 4 litri. Rucsacul are un compartiment principal \u0219i un buzunar convenabil cu fermoar \u00een form\u0103 de chip de animal. Pute\u021bi pune lucrurile mici necesare \u00een buzunar. Exist\u0103, de asemenea, un buzunar din plas\u0103 elastic \u00een lateral pentru o sticl\u0103 de b\u0103utur\u0103.<\/p>","protected":false},"excerpt":{"rendered":"<p>Un rucsac neobi\u0219nuit \u00een form\u0103 de pui de urs albastru este special conceput pentru excursii la gr\u0103dini\u021b\u0103. Rucsacul arat\u0103 foarte<\/p>","protected":false},"featured_media":197189,"comment_status":"closed","ping_status":"closed","template":"..\/public\/views\/revslider-page-template.php","meta":{"_monsterinsights_skip_tracking":false,"_monsterinsights_sitenote_active":false,"_monsterinsights_sitenote_note":"","_monsterinsights_sitenote_category":0},"product_brand":[],"product_cat":[55,174,1099,106,1048],"product_tag":[],"class_list":{"0":"post-197029","1":"product","2":"type-product","3":"status-publish","4":"has-post-thumbnail","6":"product_cat-toate-produsele","7":"product_cat-calatorii-si-accesorii","8":"product_cat-rucsacuri","9":"product_cat-birotica-si-papetarie","10":"product_cat-ghiozdanele","12":"first","13":"instock","14":"shipping-taxable","15":"purchasable","16":"product-type-simple"},"_links":{"self":[{"href":"http:\/\/toystoys.md\/ru\/wp-json\/wp\/v2\/product\/197029","targetHints":{"allow":["GET"]}}],"collection":[{"href":"http:\/\/toystoys.md\/ru\/wp-json\/wp\/v2\/product"}],"about":[{"href":"http:\/\/toystoys.md\/ru\/wp-json\/wp\/v2\/types\/product"}],"replies":[{"embeddable":true,"href":"http:\/\/toystoys.md\/ru\/wp-json\/wp\/v2\/comments?post=197029"}],"wp:featuredmedia":[{"embeddable":true,"href":"http:\/\/toystoys.md\/ru\/wp-json\/wp\/v2\/media\/197189"}],"wp:attachment":[{"href":"http:\/\/toystoys.md\/ru\/wp-json\/wp\/v2\/media?parent=197029"}],"wp:term":[{"taxonomy":"product_brand","embeddable":true,"href":"http:\/\/toystoys.md\/ru\/wp-json\/wp\/v2\/product_brand?post=197029"},{"taxonomy":"product_cat","embeddable":true,"href":"http:\/\/toystoys.md\/ru\/wp-json\/wp\/v2\/product_cat?post=197029"},{"taxonomy":"product_tag","embeddable":true,"href":"http:\/\/toystoys.md\/ru\/wp-json\/wp\/v2\/product_tag?post=197029"}],"curies":[{"name":"wp","href":"https:\/\/api.w.org\/{rel}","templated":true}]}}