{"id":197015,"date":"2024-07-04T15:41:53","date_gmt":"2024-07-04T13:41:53","guid":{"rendered":""},"modified":"2024-07-05T17:21:39","modified_gmt":"2024-07-05T15:21:39","slug":"prod_5900931033304_sc96592","status":"publish","type":"product","link":"http:\/\/toystoys.md\/ru\/shop\/prod_5900931033304_sc96592\/","title":{"rendered":"\u041c\u044b\u043b\u043e \u0430\u043d\u0442\u0438\u0431\u0430\u043a\u0442\u0435\u0440\u0438\u0430\u043b\u044c\u043d\u043e\u0435 \u0436\u0438\u0434\u043a\u043e\u0435 Bobini 300 \u043c\u043b \u0440\u0435\u0437\u0435\u0440\u0432 Bobini"},"content":{"rendered":"<p>Pentru \u00eengrijirea zilnic\u0103 bl\u00e2nd\u0103 a copilului dumneavoastr\u0103:<br \/>\n&#8211; are propriet\u0103\u021bi antibacteriene<br \/>\n&#8211; ingredientele de \u00eengrijire hidrateaz\u0103 pielea<br \/>\n&#8211; se \u00eengrije\u0219te eficient de igiena<br \/>\n&#8211; face pielea moale \u0219i neted\u0103<br \/>\n&#8211; ofer\u0103 \u00eengrijire optim\u0103<br \/>\n&#8211; nu provoac\u0103 senza\u021bie de etan\u0219eitate<br \/>\n&#8211; contine acid lactic<br \/>\n&#8211; pH neutru pentru piele<br \/>\n- \u0434\u0435\u0440\u043c\u0430\u0442\u043e\u043b\u043e\u0433\u0438\u0447\u0435\u0441\u043a\u0438 \u043f\u0440\u043e\u0442\u0435\u0441\u0442\u0438\u0440\u043e\u0432\u0430\u043d\u043e<br \/>\n&#8211; potrivit pentru pielea sensibil\u0103<\/p>","protected":false},"excerpt":{"rendered":"<p>Pentru \u00eengrijirea zilnic\u0103 bl\u00e2nd\u0103 a copilului dumneavoastr\u0103: &#8211; are propriet\u0103\u021bi antibacteriene &#8211; ingredientele de \u00eengrijire hidrateaz\u0103 pielea &#8211; se \u00eengrije\u0219te<\/p>","protected":false},"featured_media":197100,"comment_status":"closed","ping_status":"closed","template":"..\/public\/views\/revslider-page-template.php","meta":{"_monsterinsights_skip_tracking":false,"_monsterinsights_sitenote_active":false,"_monsterinsights_sitenote_note":"","_monsterinsights_sitenote_category":0},"product_brand":[],"product_cat":[55,50,1105,1102],"product_tag":[],"class_list":{"0":"post-197015","1":"product","2":"type-product","3":"status-publish","4":"has-post-thumbnail","6":"product_cat-toate-produsele","7":"product_cat-iginina","8":"product_cat-produse-pentru-baie","9":"product_cat-produse-cosmetice-pentru-ingrijirea-pielii","11":"first","12":"instock","13":"shipping-taxable","14":"purchasable","15":"product-type-simple"},"_links":{"self":[{"href":"http:\/\/toystoys.md\/ru\/wp-json\/wp\/v2\/product\/197015","targetHints":{"allow":["GET"]}}],"collection":[{"href":"http:\/\/toystoys.md\/ru\/wp-json\/wp\/v2\/product"}],"about":[{"href":"http:\/\/toystoys.md\/ru\/wp-json\/wp\/v2\/types\/product"}],"replies":[{"embeddable":true,"href":"http:\/\/toystoys.md\/ru\/wp-json\/wp\/v2\/comments?post=197015"}],"wp:featuredmedia":[{"embeddable":true,"href":"http:\/\/toystoys.md\/ru\/wp-json\/wp\/v2\/media\/197100"}],"wp:attachment":[{"href":"http:\/\/toystoys.md\/ru\/wp-json\/wp\/v2\/media?parent=197015"}],"wp:term":[{"taxonomy":"product_brand","embeddable":true,"href":"http:\/\/toystoys.md\/ru\/wp-json\/wp\/v2\/product_brand?post=197015"},{"taxonomy":"product_cat","embeddable":true,"href":"http:\/\/toystoys.md\/ru\/wp-json\/wp\/v2\/product_cat?post=197015"},{"taxonomy":"product_tag","embeddable":true,"href":"http:\/\/toystoys.md\/ru\/wp-json\/wp\/v2\/product_tag?post=197015"}],"curies":[{"name":"wp","href":"https:\/\/api.w.org\/{rel}","templated":true}]}}