{"id":197011,"date":"2024-07-05T15:41:39","date_gmt":"2024-07-05T15:41:39","guid":{"rendered":""},"modified":"2024-07-06T09:16:04","modified_gmt":"2024-07-06T07:16:04","slug":"prod_5900931033205_sc96590","status":"publish","type":"product","link":"http:\/\/toystoys.md\/ru\/shop\/prod_5900931033205_sc96590\/","title":{"rendered":"\u041a\u043e\u043d\u0446\u0435\u043d\u0442\u0440\u0438\u0440\u043e\u0432\u0430\u043d\u043d\u044b\u0439 \u043a\u043e\u043d\u0434\u0438\u0446\u0438\u043e\u043d\u0435\u0440 \u0434\u043b\u044f \u0434\u0435\u0442\u0441\u043a\u043e\u0439 \u043e\u0434\u0435\u0436\u0434\u044b 50 \u043f\u043e\u043b\u043e\u0441\u043a\u0430\u043d\u0438\u0439 1,8\u043b Bobini"},"content":{"rendered":"<p>BOBINI Baby Concentrat hipoalergenic pentru cl\u0103tirea hainelor pentru bebelu\u0219i \u0219i copii a fost preparat cu grij\u0103 pentru pielea delicat\u0103 \u0219i sensibil\u0103 a bebelu\u0219ilor &#8211; con\u021bine ingrediente bl\u00e2nde, de \u00eenalt\u0103 calitate \u0219i lapte de bumbac, care este prietenos cu pielea bebelu\u0219ilor, apreciat pentru a face hainele moi. Are o compozitie delicata de parfum si poate fi folosit inca din primele zile de viata. De asemenea, este recomandat pentru cl\u0103tirea hainelor persoanelor cu piele sensibil\u0103. Nu con\u021bine coloran\u021bi, parabeni, siliconi, PEG, parafin\u0103 sau SLES. Produsul a fost testat dermatologic.<\/p>","protected":false},"excerpt":{"rendered":"<p>BOBINI Baby Concentrat hipoalergenic pentru cl\u0103tirea hainelor pentru bebelu\u0219i \u0219i copii a fost preparat cu grij\u0103 pentru pielea delicat\u0103 \u0219i<\/p>","protected":false},"featured_media":197130,"comment_status":"closed","ping_status":"closed","template":"..\/public\/views\/revslider-page-template.php","meta":{"_monsterinsights_skip_tracking":false,"_monsterinsights_sitenote_active":false,"_monsterinsights_sitenote_note":"","_monsterinsights_sitenote_category":0},"product_brand":[],"product_cat":[55,50,1107],"product_tag":[],"class_list":{"0":"post-197011","1":"product","2":"type-product","3":"status-publish","4":"has-post-thumbnail","6":"product_cat-toate-produsele","7":"product_cat-iginina","8":"product_cat-produse-pentru-rufe-si-curatenie","10":"first","11":"instock","12":"shipping-taxable","13":"purchasable","14":"product-type-simple"},"_links":{"self":[{"href":"http:\/\/toystoys.md\/ru\/wp-json\/wp\/v2\/product\/197011","targetHints":{"allow":["GET"]}}],"collection":[{"href":"http:\/\/toystoys.md\/ru\/wp-json\/wp\/v2\/product"}],"about":[{"href":"http:\/\/toystoys.md\/ru\/wp-json\/wp\/v2\/types\/product"}],"replies":[{"embeddable":true,"href":"http:\/\/toystoys.md\/ru\/wp-json\/wp\/v2\/comments?post=197011"}],"wp:featuredmedia":[{"embeddable":true,"href":"http:\/\/toystoys.md\/ru\/wp-json\/wp\/v2\/media\/197130"}],"wp:attachment":[{"href":"http:\/\/toystoys.md\/ru\/wp-json\/wp\/v2\/media?parent=197011"}],"wp:term":[{"taxonomy":"product_brand","embeddable":true,"href":"http:\/\/toystoys.md\/ru\/wp-json\/wp\/v2\/product_brand?post=197011"},{"taxonomy":"product_cat","embeddable":true,"href":"http:\/\/toystoys.md\/ru\/wp-json\/wp\/v2\/product_cat?post=197011"},{"taxonomy":"product_tag","embeddable":true,"href":"http:\/\/toystoys.md\/ru\/wp-json\/wp\/v2\/product_tag?post=197011"}],"curies":[{"name":"wp","href":"https:\/\/api.w.org\/{rel}","templated":true}]}}