{"id":196729,"date":"2024-07-01T14:34:23","date_gmt":"2024-07-01T14:34:23","guid":{"rendered":"https:\/\/toystoys.md\/shop\/prod_3280250004653_sc96555\/"},"modified":"2024-07-04T14:42:55","modified_gmt":"2024-07-04T12:42:55","slug":"prod_3280250004653_sc96555","status":"publish","type":"product","link":"http:\/\/toystoys.md\/ru\/shop\/prod_3280250004653_sc96555\/","title":{"rendered":"\u0422\u043e\u043b\u043a\u0430\u044e\u0449\u0430\u044f \u0442\u0435\u043b\u0435\u0436\u043a\u0430 \u0441 \u0432\u0435\u0434\u0440\u043e\u043c \u0438 \u0444\u043e\u0440\u043c\u0430\u043c\u0438 \u0434\u043b\u044f \u043f\u0435\u0441\u043a\u0430 Ecoiffier"},"content":{"rendered":"<p>\u0412 \u044d\u0442\u043e\u0439 \u043e\u0447\u0435\u043d\u044c \u0443\u0434\u043e\u0431\u043d\u043e\u0439 \u0442\u0435\u043b\u0435\u0436\u043a\u0435 \u043c\u043e\u0436\u043d\u043e \u0440\u0430\u0437\u043c\u0435\u0441\u0442\u0438\u0442\u044c \u0440\u0430\u0437\u043b\u0438\u0447\u043d\u044b\u0435 \u043f\u043b\u044f\u0436\u043d\u044b\u0435 \u0430\u043a\u0441\u0435\u0441\u0441\u0443\u0430\u0440\u044b. \u0412\u0430\u0448 \u0440\u0435\u0431\u0435\u043d\u043e\u043a \u0431\u0443\u0434\u0435\u0442 \u0440\u0430\u0434 \u0432\u043e\u0437\u043c\u043e\u0436\u043d\u043e\u0441\u0442\u0438 \u0432\u0437\u044f\u0442\u044c \u0441 \u0441\u043e\u0431\u043e\u0439 \u0432\u0441\u0435 \u0441\u0432\u043e\u0438 \u0432\u0435\u0449\u0438!<\/p>","protected":false},"excerpt":{"rendered":"<p>Acest c\u0103rucior foarte la \u00eendem\u00e2n\u0103 poate g\u0103zdui diverse accesorii de plaj\u0103. Copilul t\u0103u va fi fericit c\u0103 \u00ee\u0219i poate lua<\/p>","protected":false},"featured_media":196958,"comment_status":"closed","ping_status":"closed","template":"..\/public\/views\/revslider-page-template.php","meta":{"_monsterinsights_skip_tracking":false,"_monsterinsights_sitenote_active":false,"_monsterinsights_sitenote_note":"","_monsterinsights_sitenote_category":0},"product_brand":[],"product_cat":[1670,55,1137,49,33,1052],"product_tag":[],"class_list":{"0":"post-196729","1":"product","2":"type-product","3":"status-publish","4":"has-post-thumbnail","6":"product_cat-seturi-de-jocuri","7":"product_cat-toate-produsele","8":"product_cat-jucarii","9":"product_cat-transport","10":"product_cat-biciclete-si-jocuri-in-aer-liber","11":"product_cat-unelte-pentru-nisip","13":"first","14":"instock","15":"shipping-taxable","16":"purchasable","17":"product-type-simple"},"_links":{"self":[{"href":"http:\/\/toystoys.md\/ru\/wp-json\/wp\/v2\/product\/196729","targetHints":{"allow":["GET"]}}],"collection":[{"href":"http:\/\/toystoys.md\/ru\/wp-json\/wp\/v2\/product"}],"about":[{"href":"http:\/\/toystoys.md\/ru\/wp-json\/wp\/v2\/types\/product"}],"replies":[{"embeddable":true,"href":"http:\/\/toystoys.md\/ru\/wp-json\/wp\/v2\/comments?post=196729"}],"wp:featuredmedia":[{"embeddable":true,"href":"http:\/\/toystoys.md\/ru\/wp-json\/wp\/v2\/media\/196958"}],"wp:attachment":[{"href":"http:\/\/toystoys.md\/ru\/wp-json\/wp\/v2\/media?parent=196729"}],"wp:term":[{"taxonomy":"product_brand","embeddable":true,"href":"http:\/\/toystoys.md\/ru\/wp-json\/wp\/v2\/product_brand?post=196729"},{"taxonomy":"product_cat","embeddable":true,"href":"http:\/\/toystoys.md\/ru\/wp-json\/wp\/v2\/product_cat?post=196729"},{"taxonomy":"product_tag","embeddable":true,"href":"http:\/\/toystoys.md\/ru\/wp-json\/wp\/v2\/product_tag?post=196729"}],"curies":[{"name":"wp","href":"https:\/\/api.w.org\/{rel}","templated":true}]}}