{"id":196700,"date":"2024-07-01T14:32:29","date_gmt":"2024-07-01T14:32:29","guid":{"rendered":"https:\/\/toystoys.md\/shop\/prod_3280250027751_sc96529\/"},"modified":"2024-07-02T14:58:43","modified_gmt":"2024-07-02T12:58:43","slug":"prod_3280250027751_sc96529","status":"publish","type":"product","link":"http:\/\/toystoys.md\/ru\/shop\/prod_3280250027751_sc96529\/","title":{"rendered":"\u041f\u044b\u043b\u0435\u0441\u043e\u0441 \u0434\u043b\u044f \u0434\u0435\u0442\u0435\u0439 Ecoiffier"},"content":{"rendered":"<p>\u0421\u0414\u0415\u041b\u0410\u0419\u0422\u0415 \u0423\u0411\u041e\u0420\u041a\u0423 \u0412 \u0423\u0414\u041e\u0412\u041e\u041b\u042c\u0421\u0422\u0412\u0418\u0415: \u044d\u0442\u043e\u0442 \u043f\u044b\u043b\u0435\u0441\u043e\u0441 \u043f\u043e\u0437\u0432\u043e\u043b\u044f\u0435\u0442 \u043c\u0430\u043b\u044b\u0448\u0430\u043c \u0437\u0430\u043d\u0438\u043c\u0430\u0442\u044c\u0441\u044f \u0434\u043e\u043c\u0430\u0448\u043d\u0438\u043c\u0438 \u0434\u0435\u043b\u0430\u043c\u0438, \u043e\u0434\u043d\u043e\u0432\u0440\u0435\u043c\u0435\u043d\u043d\u043e \u043f\u043e\u043b\u0443\u0447\u0430\u044f \u0443\u0434\u043e\u0432\u043e\u043b\u044c\u0441\u0442\u0432\u0438\u0435 \u043e\u0442 \u0438\u0433\u0440\u044b. \u041f\u042b\u041b\u0415\u0421\u0418\u0422\u0415 \u0412\u0415\u0421\u042c \u0414\u041e\u041c: \u044d\u0442\u043e\u0442 \u043f\u044b\u043b\u0435\u0441\u043e\u0441 \u044f\u0440\u043a\u0438\u0445 \u0446\u0432\u0435\u0442\u043e\u0432 \u2014 \u0442\u043e, \u0447\u0442\u043e \u0432\u0430\u043c \u043d\u0443\u0436\u043d\u043e!<\/p>","protected":false},"excerpt":{"rendered":"<p>FACE\u021aI CUR\u0102\u021aARE CU DISTRAC\u021aIE: acest aspirator le permite celor mici s\u0103 participe la treburile casnice, bucur\u00e2ndu-se \u00een continuare de pl\u0103cerea<\/p>","protected":false},"featured_media":196762,"comment_status":"closed","ping_status":"closed","template":"..\/public\/views\/revslider-page-template.php","meta":{"_monsterinsights_skip_tracking":false,"_monsterinsights_sitenote_active":false,"_monsterinsights_sitenote_note":"","_monsterinsights_sitenote_category":0},"product_brand":[],"product_cat":[55,1137,45,1123,1125],"product_tag":[],"class_list":{"0":"post-196700","1":"product","2":"type-product","3":"status-publish","4":"has-post-thumbnail","6":"product_cat-toate-produsele","7":"product_cat-jucarii","8":"product_cat-jucarii-pe-tematici","9":"product_cat-electrocasnice-pentru-copii","10":"product_cat-totul-pentru-curatare","12":"first","13":"instock","14":"shipping-taxable","15":"purchasable","16":"product-type-simple"},"_links":{"self":[{"href":"http:\/\/toystoys.md\/ru\/wp-json\/wp\/v2\/product\/196700","targetHints":{"allow":["GET"]}}],"collection":[{"href":"http:\/\/toystoys.md\/ru\/wp-json\/wp\/v2\/product"}],"about":[{"href":"http:\/\/toystoys.md\/ru\/wp-json\/wp\/v2\/types\/product"}],"replies":[{"embeddable":true,"href":"http:\/\/toystoys.md\/ru\/wp-json\/wp\/v2\/comments?post=196700"}],"wp:featuredmedia":[{"embeddable":true,"href":"http:\/\/toystoys.md\/ru\/wp-json\/wp\/v2\/media\/196762"}],"wp:attachment":[{"href":"http:\/\/toystoys.md\/ru\/wp-json\/wp\/v2\/media?parent=196700"}],"wp:term":[{"taxonomy":"product_brand","embeddable":true,"href":"http:\/\/toystoys.md\/ru\/wp-json\/wp\/v2\/product_brand?post=196700"},{"taxonomy":"product_cat","embeddable":true,"href":"http:\/\/toystoys.md\/ru\/wp-json\/wp\/v2\/product_cat?post=196700"},{"taxonomy":"product_tag","embeddable":true,"href":"http:\/\/toystoys.md\/ru\/wp-json\/wp\/v2\/product_tag?post=196700"}],"curies":[{"name":"wp","href":"https:\/\/api.w.org\/{rel}","templated":true}]}}