{"id":196399,"date":"2024-06-26T00:24:12","date_gmt":"2024-06-25T22:24:12","guid":{"rendered":""},"modified":"2026-01-27T11:04:25","modified_gmt":"2026-01-27T09:04:25","slug":"prod_5702017415789_sc96474","status":"publish","type":"product","link":"http:\/\/toystoys.md\/ru\/shop\/prod_5702017415789_sc96474\/","title":{"rendered":"\u0420\u0430\u0441\u0442\u0435\u043d\u0438\u0435-\u043f\u0438\u0440\u0430\u043d\u044c\u044f Super Mario LEGO 71426"},"content":{"rendered":"<p>\u0421\u0434\u0435\u043b\u0430\u0439\u0442\u0435 \u043f\u0435\u0440\u0435\u0440\u044b\u0432 \u0438 \u043f\u043e\u0433\u0440\u0443\u0437\u0438\u0442\u0435\u0441\u044c \u0432 \u0443\u0432\u043b\u0435\u043a\u0430\u0442\u0435\u043b\u044c\u043d\u0443\u044e \u0441\u0431\u043e\u0440\u043a\u0443 \u044d\u0442\u043e\u0439 \u0448\u0430\u0440\u043d\u0438\u0440\u043d\u043e-\u0441\u043e\u0447\u043b\u0435\u043d\u0435\u043d\u043d\u043e\u0439 \u0444\u0438\u0433\u0443\u0440\u043a\u0438 LEGO\u00ae Super Mario\u2122 Plant Piranha (71426). \u0412\u043e\u0441\u0441\u043e\u0437\u0434\u0430\u0439\u0442\u0435 \u043e\u0442\u043b\u0438\u0447\u0438\u0442\u0435\u043b\u044c\u043d\u044b\u0435 \u0447\u0435\u0440\u0442\u044b \u0440\u0430\u0441\u0442\u0435\u043d\u0438\u044f-\u043f\u0438\u0440\u0430\u043d\u044c\u0438 \u0438 \u0440\u0430\u0441\u043f\u043e\u043b\u043e\u0436\u0438\u0442\u0435 \u0435\u0433\u043e \u0433\u043e\u043b\u043e\u0432\u0443, \u0440\u043e\u0442, \u0441\u0442\u0435\u0431\u0435\u043b\u044c \u0438 \u043b\u0438\u0441\u0442\u044c\u044f. \u0420\u0430\u0441\u0442\u0435\u043d\u0438\u0435, \u043f\u0440\u0435\u0434\u0441\u0442\u0430\u0432\u043b\u0435\u043d\u043d\u043e\u0435 \u0432 \u0441\u0431\u043e\u0440\u043d\u043e\u0439 \u0442\u0440\u0443\u0431\u0435, \u043f\u0440\u0435\u0434\u0441\u0442\u0430\u0432\u043b\u044f\u0435\u0442 \u0441\u043e\u0431\u043e\u0439 \u0437\u0430\u0431\u0430\u0432\u043d\u044b\u0439 \u0434\u0435\u043a\u043e\u0440\u0430\u0442\u0438\u0432\u043d\u044b\u0439 \u044d\u043b\u0435\u043c\u0435\u043d\u0442 \u0434\u043b\u044f \u0434\u043e\u043c\u0430 \u0438\u043b\u0438 \u043e\u0444\u0438\u0441\u0430. (\u041f\u0440\u0438\u043c\u0435\u0447\u0430\u043d\u0438\u0435: \u044d\u0442\u0430 \u043c\u043e\u0434\u0435\u043b\u044c \u043d\u0435 \u043f\u043e\u0434\u0434\u0435\u0440\u0436\u0438\u0432\u0430\u0435\u0442 \u0444\u0443\u043d\u043a\u0446\u0438\u0438 \u0446\u0438\u0444\u0440\u043e\u0432\u043e\u0433\u043e \u0432\u043e\u0441\u043f\u0440\u043e\u0438\u0437\u0432\u0435\u0434\u0435\u043d\u0438\u044f)<\/p>\n<p>\u041f\u043e\u0431\u0430\u043b\u0443\u0439\u0442\u0435 \u0441\u0435\u0431\u044f \u0438\u043b\u0438 \u043f\u043e\u0434\u0430\u0440\u0438\u0442\u0435 \u044d\u0442\u043e\u0433\u043e \u043a\u043e\u043b\u043b\u0435\u043a\u0446\u0438\u043e\u043d\u043d\u043e\u0433\u043e \u043f\u0435\u0440\u0441\u043e\u043d\u0430\u0436\u0430 LEGO Super Mario \u043d\u0430 \u0434\u0435\u043d\u044c \u0440\u043e\u0436\u0434\u0435\u043d\u0438\u044f \u0438\u043b\u0438 \u043f\u0440\u0430\u0437\u0434\u043d\u0438\u043a \u0432\u0437\u0440\u043e\u0441\u043b\u044b\u043c \u043f\u043e\u043a\u043b\u043e\u043d\u043d\u0438\u043a\u0430\u043c Super Mario\u2122. \u0412 \u043a\u043e\u0440\u043e\u0431\u043a\u0435, \u0430 \u0442\u0430\u043a\u0436\u0435 \u0432 \u043f\u0440\u0438\u043b\u043e\u0436\u0435\u043d\u0438\u0438 LEGO Builder \u0435\u0441\u0442\u044c \u0438\u043d\u0441\u0442\u0440\u0443\u043a\u0446\u0438\u0438 \u043f\u043e \u0441\u0431\u043e\u0440\u043a\u0435, \u0442\u0430\u043a \u0447\u0442\u043e \u0434\u0430\u0436\u0435 \u043d\u0430\u0447\u0438\u043d\u0430\u044e\u0449\u0438\u0435 \u0441\u0442\u0440\u043e\u0438\u0442\u0435\u043b\u0438 \u0441\u043c\u043e\u0433\u0443\u0442 \u043d\u0430\u0441\u043b\u0430\u0434\u0438\u0442\u044c\u0441\u044f \u043a\u0430\u0436\u0434\u044b\u043c \u043c\u043e\u043c\u0435\u043d\u0442\u043e\u043c \u0442\u0432\u043e\u0440\u0447\u0435\u0441\u043a\u043e\u0433\u043e \u043f\u0440\u043e\u0446\u0435\u0441\u0441\u0430. \u0412 \u043d\u0430\u0431\u043e\u0440 \u0442\u0430\u043a\u0436\u0435 \u0432\u0445\u043e\u0434\u044f\u0442 2 \u043c\u043e\u043d\u0435\u0442\u044b.<\/p>\n<p>\u0422\u0430\u043a\u0436\u0435 \u043e\u0442\u043a\u0440\u043e\u0439\u0442\u0435 \u0434\u043b\u044f \u0441\u0435\u0431\u044f \u043e\u0441\u0442\u0430\u043b\u044c\u043d\u044b\u0435 \u043d\u0430\u0431\u043e\u0440\u044b LEGO \u0434\u043b\u044f \u0432\u0437\u0440\u043e\u0441\u043b\u044b\u0445 \u043f\u0440\u0435\u043c\u0438\u0443\u043c-\u043a\u0430\u0447\u0435\u0441\u0442\u0432\u0430 \u0438\u0437 \u043a\u043e\u043b\u043b\u0435\u043a\u0446\u0438\u0438. \u041a\u0430\u043a\u0438\u043c\u0438 \u0431\u044b \u043d\u0438 \u0431\u044b\u043b\u0438 \u0432\u0430\u0448\u0438 \u0443\u0432\u043b\u0435\u0447\u0435\u043d\u0438\u044f, \u0432\u0430\u0441 \u0436\u0434\u0435\u0442 \u0443\u0432\u043b\u0435\u043a\u0430\u0442\u0435\u043b\u044c\u043d\u044b\u0439 \u0441\u0442\u0440\u043e\u0438\u0442\u0435\u043b\u044c\u043d\u044b\u0439 \u043f\u0440\u043e\u0435\u043a\u0442.<\/p>","protected":false},"excerpt":{"rendered":"<p>F\u0103 o pauz\u0103 \u0219i cufund\u0103-te \u00eentr-o provocare de construc\u021bie cu aceast\u0103 figur\u0103 articulat\u0103 LEGO\u00ae Super Mario\u2122 Planta Piranaha (71426). Recreeaz\u0103<\/p>","protected":false},"featured_media":196410,"comment_status":"closed","ping_status":"closed","template":"..\/public\/views\/revslider-page-template.php","meta":{"_monsterinsights_skip_tracking":false,"_monsterinsights_sitenote_active":false,"_monsterinsights_sitenote_note":"","_monsterinsights_sitenote_category":0},"product_brand":[],"product_cat":[55,1137,288,808],"product_tag":[],"class_list":{"0":"post-196399","1":"product","2":"type-product","3":"status-publish","4":"has-post-thumbnail","6":"product_cat-toate-produsele","7":"product_cat-jucarii","8":"product_cat-lego","9":"product_cat-lego-super-mario","11":"first","12":"outofstock","13":"shipping-taxable","14":"purchasable","15":"product-type-simple"},"_links":{"self":[{"href":"http:\/\/toystoys.md\/ru\/wp-json\/wp\/v2\/product\/196399","targetHints":{"allow":["GET"]}}],"collection":[{"href":"http:\/\/toystoys.md\/ru\/wp-json\/wp\/v2\/product"}],"about":[{"href":"http:\/\/toystoys.md\/ru\/wp-json\/wp\/v2\/types\/product"}],"replies":[{"embeddable":true,"href":"http:\/\/toystoys.md\/ru\/wp-json\/wp\/v2\/comments?post=196399"}],"wp:featuredmedia":[{"embeddable":true,"href":"http:\/\/toystoys.md\/ru\/wp-json\/wp\/v2\/media\/196410"}],"wp:attachment":[{"href":"http:\/\/toystoys.md\/ru\/wp-json\/wp\/v2\/media?parent=196399"}],"wp:term":[{"taxonomy":"product_brand","embeddable":true,"href":"http:\/\/toystoys.md\/ru\/wp-json\/wp\/v2\/product_brand?post=196399"},{"taxonomy":"product_cat","embeddable":true,"href":"http:\/\/toystoys.md\/ru\/wp-json\/wp\/v2\/product_cat?post=196399"},{"taxonomy":"product_tag","embeddable":true,"href":"http:\/\/toystoys.md\/ru\/wp-json\/wp\/v2\/product_tag?post=196399"}],"curies":[{"name":"wp","href":"https:\/\/api.w.org\/{rel}","templated":true}]}}