{"id":196194,"date":"2024-06-25T14:35:59","date_gmt":"2024-06-25T12:35:59","guid":{"rendered":""},"modified":"2024-06-26T15:10:36","modified_gmt":"2024-06-26T13:10:36","slug":"prod_4820268100863_sc96100","status":"publish","type":"product","link":"http:\/\/toystoys.md\/ru\/shop\/prod_4820268100863_sc96100\/","title":{"rendered":"\u0414\u0435\u0442\u0441\u043a\u0438\u0439 \u0448\u0430\u043c\u043f\u0443\u043d\u044c \u0441 \u0440\u043e\u043c\u0430\u0448\u043a\u043e\u0439 200\u043c\u043b Vuhastik"},"content":{"rendered":"<p>\u0428\u0430\u043c\u043f\u0443\u043d\u044c \u043f\u0440\u0435\u0434\u043d\u0430\u0437\u043d\u0430\u0447\u0435\u043d \u0434\u043b\u044f \u043c\u044b\u0442\u044c\u044f \u0432\u043e\u043b\u043e\u0441 \u0434\u0435\u0442\u0435\u0439 \u043b\u044e\u0431\u043e\u0433\u043e \u0432\u043e\u0437\u0440\u0430\u0441\u0442\u0430, \u0430 \u0442\u0430\u043a\u0436\u0435 \u0434\u043b\u044f \u0432\u0437\u0440\u043e\u0441\u043b\u044b\u0445 \u0438 \u0434\u0435\u0442\u0435\u0439 \u0441 \u0447\u0443\u0432\u0441\u0442\u0432\u0438\u0442\u0435\u043b\u044c\u043d\u043e\u0439 \u043a\u043e\u0436\u0435\u0439 \u0433\u043e\u043b\u043e\u0432\u044b \u0438 \u0441\u043a\u043b\u043e\u043d\u043d\u044b\u0445 \u043a \u0430\u043b\u043b\u0435\u0440\u0433\u0438\u0438. \u0421\u043e\u0437\u0434\u0430\u0435\u0442 \u043f\u044b\u0448\u043d\u0443\u044e, \u043e\u0431\u0438\u043b\u044c\u043d\u0443\u044e, \u043f\u0440\u0438\u044f\u0442\u043d\u0443\u044e \u0434\u043b\u044f \u043a\u043e\u0436\u0438 \u043f\u0435\u043d\u0443. \u041f\u043e\u0434\u0445\u043e\u0434\u0438\u0442 \u0434\u043b\u044f \u043f\u0440\u0438\u043c\u0435\u043d\u0435\u043d\u0438\u044f \u043f\u0440\u0438 \u043f\u043e\u0440\u0430\u0436\u0435\u043d\u0438\u0438 \u0432\u043e\u043b\u043e\u0441\u0438\u0441\u0442\u043e\u0439 \u0447\u0430\u0441\u0442\u0438 \u0433\u043e\u043b\u043e\u0432\u044b \u043c\u043b\u0430\u0434\u0435\u043d\u0446\u0435\u0432 \u043c\u043e\u043b\u043e\u0447\u043d\u044b\u043c\u0438 \u043a\u043e\u0440\u043e\u0447\u043a\u0430\u043c\u0438. \u0421\u043e\u0434\u0435\u0440\u0436\u0438\u0442 \u0432 \u0441\u043e\u0441\u0442\u0430\u0432\u0435 \u044d\u043a\u0441\u0442\u0440\u0430\u043a\u0442 \u0440\u043e\u043c\u0430\u0448\u043a\u0438, \u043a\u043e\u0442\u043e\u0440\u044b\u0439 \u043f\u0440\u0438\u0434\u0430\u0435\u0442 \u0431\u043b\u0435\u0441\u043a \u0432\u043e\u043b\u043e\u0441\u0430\u043c, \u0441\u043c\u044f\u0433\u0447\u0430\u0435\u0442 \u0438 \u0443\u0441\u043f\u043e\u043a\u0430\u0438\u0432\u0430\u0435\u0442 \u043a\u043e\u0436\u0443.<\/p>\n<p>\u0410\u043a\u0442\u0438\u0432\u043d\u044b\u0435 \u043a\u043e\u043c\u043f\u043e\u043d\u0435\u043d\u0442\u044b:<br \/>\n- \u042d\u043a\u0441\u0442\u0440\u0430\u043a\u0442 \u0440\u043e\u043c\u0430\u0448\u043a\u0438 \u2013 \u0440\u0435\u043a\u043e\u043c\u0435\u043d\u0434\u043e\u0432\u0430\u043d\u043d\u044b\u0439 \u0434\u043b\u044f \u043f\u0440\u0438\u043c\u0435\u043d\u0435\u043d\u0438\u044f \u0432 \u043a\u043e\u0441\u043c\u0435\u0442\u0438\u0447\u0435\u0441\u043a\u0438\u0445 \u0441\u0440\u0435\u0434\u0441\u0442\u0432\u0430\u0445 \u043f\u043e \u0443\u0445\u043e\u0434\u0443 \u0437\u0430 \u0441\u0443\u0445\u043e\u0439 \u0438 \u0447\u0443\u0432\u0441\u0442\u0432\u0438\u0442\u0435\u043b\u044c\u043d\u043e\u0439 \u043a\u043e\u0436\u0435\u0439, \u0430 \u0442\u0430\u043a\u0436\u0435 \u0437\u0430 \u0441\u0443\u0445\u0438\u043c\u0438 \u0438 \u043d\u043e\u0440\u043c\u0430\u043b\u044c\u043d\u044b\u043c\u0438 \u0432\u043e\u043b\u043e\u0441\u0430\u043c\u0438.<\/p>","protected":false},"excerpt":{"rendered":"<p>\u0218amponul este destinat sp\u0103l\u0103rii p\u0103rului copiilor de orice v\u00e2rst\u0103, precum \u0219i adul\u021bilor \u0219i copiilor cu scalp sensibil \u0219i predispu\u0219i la<\/p>","protected":false},"featured_media":196227,"comment_status":"closed","ping_status":"closed","template":"..\/public\/views\/revslider-page-template.php","meta":{"_monsterinsights_skip_tracking":false,"_monsterinsights_sitenote_active":false,"_monsterinsights_sitenote_note":"","_monsterinsights_sitenote_category":0},"product_brand":[],"product_cat":[55,1141,50,1103],"product_tag":[],"class_list":{"0":"post-196194","1":"product","2":"type-product","3":"status-publish","4":"has-post-thumbnail","6":"product_cat-toate-produsele","7":"product_cat-produse-pentru-bebelusi","8":"product_cat-iginina","9":"product_cat-ingrijirea-parului","11":"first","12":"instock","13":"shipping-taxable","14":"purchasable","15":"product-type-simple"},"_links":{"self":[{"href":"http:\/\/toystoys.md\/ru\/wp-json\/wp\/v2\/product\/196194","targetHints":{"allow":["GET"]}}],"collection":[{"href":"http:\/\/toystoys.md\/ru\/wp-json\/wp\/v2\/product"}],"about":[{"href":"http:\/\/toystoys.md\/ru\/wp-json\/wp\/v2\/types\/product"}],"replies":[{"embeddable":true,"href":"http:\/\/toystoys.md\/ru\/wp-json\/wp\/v2\/comments?post=196194"}],"wp:featuredmedia":[{"embeddable":true,"href":"http:\/\/toystoys.md\/ru\/wp-json\/wp\/v2\/media\/196227"}],"wp:attachment":[{"href":"http:\/\/toystoys.md\/ru\/wp-json\/wp\/v2\/media?parent=196194"}],"wp:term":[{"taxonomy":"product_brand","embeddable":true,"href":"http:\/\/toystoys.md\/ru\/wp-json\/wp\/v2\/product_brand?post=196194"},{"taxonomy":"product_cat","embeddable":true,"href":"http:\/\/toystoys.md\/ru\/wp-json\/wp\/v2\/product_cat?post=196194"},{"taxonomy":"product_tag","embeddable":true,"href":"http:\/\/toystoys.md\/ru\/wp-json\/wp\/v2\/product_tag?post=196194"}],"curies":[{"name":"wp","href":"https:\/\/api.w.org\/{rel}","templated":true}]}}