{"id":196178,"date":"2024-06-25T14:35:02","date_gmt":"2024-06-25T12:35:02","guid":{"rendered":""},"modified":"2025-06-17T21:27:26","modified_gmt":"2025-06-17T19:27:26","slug":"prod_4820268101709_sc96089","status":"publish","type":"product","link":"http:\/\/toystoys.md\/ru\/shop\/prod_4820268101709_sc96089\/","title":{"rendered":"\u0413\u0435\u043b\u044c \u0434\u043b\u044f \u043c\u044b\u0442\u044c\u044f \u0434\u0435\u0442\u0441\u043a\u043e\u0439 \u043f\u043e\u0441\u0443\u0434\u044b \u0431\u0435\u0437 \u0437\u0430\u043f\u0430\u0445\u0430 500\u043c\u043b Vuhastik"},"content":{"rendered":"<p>\u0413\u0435\u043b\u044c \u0434\u043b\u044f \u043c\u044b\u0442\u044c\u044f \u0434\u0435\u0442\u0441\u043a\u043e\u0439 \u043f\u043e\u0441\u0443\u0434\u044b \u0412\u0443\u0445\u0430\u0441\u0442\u0438\u043a \u0441\u043e\u0437\u0434\u0430\u043d \u0441\u043f\u0435\u0446\u0438\u0430\u043b\u044c\u043d\u043e \u0434\u043b\u044f \u043c\u044b\u0442\u044c\u044f \u0434\u0435\u0442\u0441\u043a\u043e\u0439 \u043f\u043e\u0441\u0443\u0434\u044b, \u0431\u0443\u0442\u044b\u043b\u043e\u0447\u0435\u043a \u0438\u0437 \u0441\u0442\u0435\u043a\u043b\u0430 \u0438 \u043f\u043b\u0430\u0441\u0442\u0438\u043a\u0430, \u0441\u043e\u0441\u043e\u043a \u0438\u0437 \u043b\u0430\u0442\u0435\u043a\u0441\u0430 \u0438 \u0441\u0438\u043b\u0438\u043a\u043e\u043d\u0430, \u0438\u0433\u0440\u0443\u0448\u0435\u043a. \u0415\u0433\u043e \u043c\u044f\u0433\u043a\u0430\u044f \u0444\u043e\u0440\u043c\u0443\u043b\u0430 \u044d\u0444\u0444\u0435\u043a\u0442\u0438\u0432\u043d\u043e \u0443\u0434\u0430\u043b\u044f\u0435\u0442 \u0440\u0430\u0437\u043d\u044b\u0435 \u0437\u0430\u0433\u0440\u044f\u0437\u043d\u0435\u043d\u0438\u044f \u043d\u0430 \u043b\u044e\u0431\u044b\u0445 \u043f\u043e\u0432\u0435\u0440\u0445\u043d\u043e\u0441\u0442\u044f\u0445, \u0441 \u043a\u043e\u0442\u043e\u0440\u044b\u043c\u0438 \u0441\u0442\u0430\u043b\u043a\u0438\u0432\u0430\u0435\u0442\u0441\u044f \u0440\u0435\u0431\u0435\u043d\u043e\u043a \u0441 \u043f\u0435\u0440\u0432\u044b\u0445 \u0434\u043d\u0435\u0439 \u0436\u0438\u0437\u043d\u0438.<\/p>\n<p>- \u0421\u0440\u0435\u0434\u0441\u0442\u0432\u043e \u043d\u0435 \u0441\u043e\u0434\u0435\u0440\u0436\u0438\u0442 \u043c\u044b\u043b\u0430, \u043a\u0440\u0430\u0441\u0438\u0442\u0435\u043b\u0435\u0439, \u0444\u043e\u0441\u0444\u0430\u0442\u043e\u0432 \u0438 \u0445\u043b\u043e\u0440\u0430.<br \/>\n- \u041b\u0435\u0433\u043a\u043e \u0438 \u043f\u043e\u043b\u043d\u043e\u0441\u0442\u044c\u044e \u0443\u0434\u0430\u043b\u044f\u0435\u0442 \u0441\u043b\u043e\u0436\u043d\u044b\u0435 \u0437\u0430\u0433\u0440\u044f\u0437\u043d\u0435\u043d\u0438\u044f \u0434\u0430\u0436\u0435 \u0432 \u0445\u043e\u043b\u043e\u0434\u043d\u043e\u0439 \u0432\u043e\u0434\u0435.<br \/>\n- \u0411\u0435\u0437\u0443\u043f\u0440\u0435\u0447\u043d\u043e \u0432\u044b\u043c\u044b\u0432\u0430\u0435\u0442 \u0434\u0435\u0442\u0441\u043a\u0443\u044e \u043f\u043e\u0441\u0443\u0434\u0443, \u043d\u0435 \u043e\u0441\u0442\u0430\u0432\u043b\u044f\u0435\u0442 \u043d\u0430 \u043d\u0435\u0439 \u0441\u043b\u0435\u0434\u043e\u0432 \u0438 \u0437\u0430\u043f\u0430\u0445\u043e\u0432.<br \/>\n- \u0417\u0430\u0449\u0438\u0449\u0430\u0435\u0442 \u043a\u043e\u0436\u0443 \u0440\u0443\u043a \u043e\u0442 \u0441\u0443\u0445\u043e\u0441\u0442\u0438 \u0438 \u0440\u0430\u0437\u0434\u0440\u0430\u0436\u0435\u043d\u0438\u0439.<br \/>\n- \u041e\u0431\u0435\u0441\u043f\u0435\u0447\u0438\u0432\u0430\u0435\u0442 \u0430\u043d\u0442\u0438\u0431\u0430\u043a\u0442\u0435\u0440\u0438\u0430\u043b\u044c\u043d\u044b\u0439 \u044d\u0444\u0444\u0435\u043a\u0442.<\/p>","protected":false},"excerpt":{"rendered":"<p>Gelul de sp\u0103lat vase pentru copii Vuhastic este creat special pentru sp\u0103larea vaselor pentru copii, sticlelor din sticl\u0103 \u0219i plastic,<\/p>","protected":false},"featured_media":196197,"comment_status":"closed","ping_status":"closed","template":"..\/public\/views\/revslider-page-template.php","meta":{"_monsterinsights_skip_tracking":false,"_monsterinsights_sitenote_active":false,"_monsterinsights_sitenote_note":"","_monsterinsights_sitenote_category":0},"product_brand":[],"product_cat":[55,1141,50,1107],"product_tag":[],"class_list":{"0":"post-196178","1":"product","2":"type-product","3":"status-publish","4":"has-post-thumbnail","6":"product_cat-toate-produsele","7":"product_cat-produse-pentru-bebelusi","8":"product_cat-iginina","9":"product_cat-produse-pentru-rufe-si-curatenie","11":"first","12":"instock","13":"shipping-taxable","14":"purchasable","15":"product-type-simple"},"_links":{"self":[{"href":"http:\/\/toystoys.md\/ru\/wp-json\/wp\/v2\/product\/196178","targetHints":{"allow":["GET"]}}],"collection":[{"href":"http:\/\/toystoys.md\/ru\/wp-json\/wp\/v2\/product"}],"about":[{"href":"http:\/\/toystoys.md\/ru\/wp-json\/wp\/v2\/types\/product"}],"replies":[{"embeddable":true,"href":"http:\/\/toystoys.md\/ru\/wp-json\/wp\/v2\/comments?post=196178"}],"wp:featuredmedia":[{"embeddable":true,"href":"http:\/\/toystoys.md\/ru\/wp-json\/wp\/v2\/media\/196197"}],"wp:attachment":[{"href":"http:\/\/toystoys.md\/ru\/wp-json\/wp\/v2\/media?parent=196178"}],"wp:term":[{"taxonomy":"product_brand","embeddable":true,"href":"http:\/\/toystoys.md\/ru\/wp-json\/wp\/v2\/product_brand?post=196178"},{"taxonomy":"product_cat","embeddable":true,"href":"http:\/\/toystoys.md\/ru\/wp-json\/wp\/v2\/product_cat?post=196178"},{"taxonomy":"product_tag","embeddable":true,"href":"http:\/\/toystoys.md\/ru\/wp-json\/wp\/v2\/product_tag?post=196178"}],"curies":[{"name":"wp","href":"https:\/\/api.w.org\/{rel}","templated":true}]}}