{"id":194129,"date":"2024-06-11T10:43:50","date_gmt":"2024-06-11T08:43:50","guid":{"rendered":""},"modified":"2025-05-22T23:04:25","modified_gmt":"2025-05-22T21:04:25","slug":"prod_194735220809_sc96079","status":"publish","type":"product","link":"http:\/\/toystoys.md\/ru\/shop\/prod_194735220809_sc96079\/","title":{"rendered":"\u041d\u0430\u0441\u0442\u043e\u043b\u044c\u043d\u0430\u044f \u0438\u0433\u0440\u0430 \u0411\u0435\u0437 \u043f\u043e\u0449\u0430\u0434\u044b UNO MATTEL"},"content":{"rendered":"<p>UNO Show \u2019em No Mercy \u2014 \u043d\u0430\u0448\u0430 \u0441\u0430\u043c\u0430\u044f \u0431\u0435\u0441\u043f\u043e\u0449\u0430\u0434\u043d\u0430\u044f \u0432\u0435\u0440\u0441\u0438\u044f UNO!<\/p>\n<p>\u0412 \u043d\u0435\u0439 \u0433\u043e\u0440\u0430\u0437\u0434\u043e \u0431\u043e\u043b\u044c\u0448\u0435 \u043a\u0430\u0440\u0442 \u0441 \u0433\u043e\u0440\u0430\u0437\u0434\u043e \u0431\u043e\u043b\u0435\u0435 \u0442\u044f\u0436\u0435\u043b\u044b\u043c\u0438 \u0448\u0442\u0440\u0430\u0444\u0430\u043c\u0438 (\u043a\u0442\u043e-\u043d\u0438\u0431\u0443\u0434\u044c \u0437\u0430\u0445\u043e\u0447\u0435\u0442 \u0432\u0437\u044f\u0442\u044c 10 \u043a\u0430\u0440\u0442?) \u0438 \u043d\u043e\u0432\u044b\u043c\u0438 \u043f\u0440\u0430\u0432\u0438\u043b\u0430\u043c\u0438, \u043a\u043e\u0442\u043e\u0440\u044b\u0435 \u0437\u0430\u0441\u0442\u0430\u0432\u044f\u0442 \u0438\u0433\u0440\u043e\u043a\u043e\u0432 \u0441\u0442\u0430\u0432\u0438\u0442\u044c, \u043e\u0431\u043c\u0435\u043d\u0438\u0432\u0430\u0442\u044c\u0441\u044f \u0438 \u0431\u0440\u0430\u0442\u044c \u0431\u043e\u043b\u044c\u0448\u0435 \u043a\u0430\u0440\u0442, \u0447\u0435\u043c \u043a\u043e\u0433\u0434\u0430-\u043b\u0438\u0431\u043e \u0440\u0430\u043d\u0435\u0435! \u0418 \u0434\u0430\u0436\u0435 \u0435\u0441\u0442\u044c \u041f\u0440\u0430\u0432\u0438\u043b\u043e \u041c\u0438\u043b\u043e\u0441\u0435\u0440\u0434\u0438\u044f (\u0434\u0430, \u0438\u0440\u043e\u043d\u0438\u044f \u043f\u043e\u043d\u044f\u0442\u043d\u0430), \u0435\u0441\u043b\u0438 \u0434\u0435\u043b\u0430 \u0441\u0442\u0430\u043d\u0443\u0442 \u0441\u043b\u0438\u0448\u043a\u043e\u043c \u0436\u0435\u0441\u0442\u043a\u0438\u043c\u0438.<\/p>\n<p>\u0412 \u044d\u0442\u043e\u0439 \u0431\u0435\u0441\u043f\u043e\u0449\u0430\u0434\u043d\u043e\u0439 \u0432\u0435\u0440\u0441\u0438\u0438 \u043a\u043b\u0430\u0441\u0441\u0438\u0447\u0435\u0441\u043a\u043e\u0439 \u0438\u0433\u0440\u044b \u0435\u0441\u0442\u044c \u0434\u0432\u0430 \u0441\u043f\u043e\u0441\u043e\u0431\u0430 \u043f\u043e\u0431\u0435\u0434\u0438\u0442\u044c: \u0438\u0437\u0431\u0430\u0432\u0438\u0442\u044c\u0441\u044f \u043e\u0442 \u0432\u0441\u0435\u0445 \u043a\u0430\u0440\u0442 \u0418\u041b\u0418 \u0432\u044b\u0431\u0438\u0442\u044c \u0438\u0437 \u0438\u0433\u0440\u044b \u0432\u0441\u0435\u0445 \u043e\u0441\u0442\u0430\u043b\u044c\u043d\u044b\u0445 \u0438\u0433\u0440\u043e\u043a\u043e\u0432! \u041e, \u0438 \u0435\u0441\u043b\u0438 \u0432\u0430\u043c \u0443\u0434\u0430\u0441\u0442\u0441\u044f \u043e\u0441\u0442\u0430\u0442\u044c\u0441\u044f \u0441 \u043e\u0434\u043d\u043e\u0439 \u043a\u0430\u0440\u0442\u043e\u0439, \u043d\u0435 \u0437\u0430\u0431\u0443\u0434\u044c\u0442\u0435 \u043a\u0440\u0438\u043a\u043d\u0443\u0442\u044c \u00abUNO!\u00bb<\/p>\n<p>\u0418\u0433\u0440\u0430 UNO Show \u2019em No Mercy \u0434\u043e\u0431\u0430\u0432\u043b\u044f\u0435\u0442 56 \u0434\u043e\u043f\u043e\u043b\u043d\u0438\u0442\u0435\u043b\u044c\u043d\u044b\u0445 \u043a\u0430\u0440\u0442, \u0441\u043f\u0435\u0446\u0438\u0430\u043b\u044c\u043d\u044b\u0445 \u043f\u0440\u0430\u0432\u0438\u043b \u0438 \u0441\u0443\u043f\u0435\u0440-\u0442\u044f\u0436\u0435\u043b\u044b\u0445 \u043a\u0430\u0440\u0442 \u0434\u043b\u044f \u0441\u0430\u043c\u043e\u0439 \u0436\u0435\u0441\u0442\u043a\u043e\u0439 \u0432\u0435\u0440\u0441\u0438\u0438 UNO! \u0411\u043e\u043b\u0435\u0435 \u0436\u0435\u0441\u0442\u043a\u0438\u0435 \u043a\u0430\u0440\u0442\u044b \u0434\u0435\u0439\u0441\u0442\u0432\u0438\u0439, \u0442\u0430\u043a\u0438\u0435 \u043a\u0430\u043a \u041f\u0440\u043e\u043f\u0443\u0441\u0442\u0438\u0442\u044c \u0432\u0441\u0435\u0445, \u0414\u0438\u043a\u0430\u044f +6 \u0438 \u0434\u0430\u0436\u0435 \u0414\u0438\u043a\u0430\u044f +10 \u0434\u0435\u043b\u0430\u044e\u0442 \u0438\u0433\u0440\u0443 \u0431\u0435\u0441\u043f\u043e\u0449\u0430\u0434\u043d\u043e\u0439! \u041f\u0440\u0430\u0432\u0438\u043b\u043e \u041d\u0430\u043a\u043b\u0430\u0434\u044b\u0432\u0430\u043d\u0438\u044f \u043f\u043e\u0437\u0432\u043e\u043b\u044f\u0435\u0442 \u0438\u0433\u0440\u043e\u043a\u0430\u043c \u043f\u0435\u0440\u0435\u0434\u0430\u0432\u0430\u0442\u044c \u0448\u0442\u0440\u0430\u0444 (\u0411\u0435\u0440\u0438 +2, +4, +6, +10) \u0441\u043b\u0435\u0434\u0443\u044e\u0449\u0435\u043c\u0443 \u0438\u0433\u0440\u043e\u043a\u0443 \u0434\u043e \u0442\u0435\u0445 \u043f\u043e\u0440, \u043f\u043e\u043a\u0430 \u0442\u043e\u0442, \u043a\u0442\u043e \u043d\u0435 \u043c\u043e\u0436\u0435\u0442 \u0438\u0433\u0440\u0430\u0442\u044c, \u043d\u0435 \u0432\u043e\u0437\u044c\u043c\u0435\u0442 \u0432\u0441\u0435 \u043a\u043e\u043c\u0431\u0438\u043d\u0438\u0440\u043e\u0432\u0430\u043d\u043d\u044b\u0435 \u043a\u0430\u0440\u0442\u044b! \u041a\u043e\u0433\u0434\u0430 \u0441\u044b\u0433\u0440\u0430\u043d\u0430 \u043a\u0430\u0440\u0442\u0430 \u20187\u2019 \u0438\u043b\u0438 \u20180\u2019, \u0438\u0433\u0440\u043e\u043a\u0438 \u0434\u043e\u043b\u0436\u043d\u044b \u043f\u043e\u043c\u0435\u043d\u044f\u0442\u044c\u0441\u044f \u0440\u0443\u043a\u0430\u043c\u0438 \u0441 \u0434\u0440\u0443\u0433\u0438\u043c \u0438\u0433\u0440\u043e\u043a\u043e\u043c! \u041f\u0440\u0430\u0432\u0438\u043b\u043e \u041c\u0438\u043b\u043e\u0441\u0435\u0440\u0434\u0438\u044f \u043e\u0437\u043d\u0430\u0447\u0430\u0435\u0442, \u0447\u0442\u043e \u0435\u0441\u043b\u0438 \u0443 \u043b\u044e\u0431\u043e\u0433\u043e \u0438\u0433\u0440\u043e\u043a\u0430 \u0432 \u0440\u0443\u043a\u0435 25+ \u043a\u0430\u0440\u0442, \u043e\u043d \u0432\u044b\u0431\u044b\u0432\u0430\u0435\u0442 \u0438\u0437 \u0438\u0433\u0440\u044b!\n\n\u0411\u043e\u043b\u044c\u0448\u0435 \u043a\u0430\u0440\u0442 \u2014 \u0431\u043e\u043b\u044c\u0448\u0435 \u0448\u0430\u043d\u0441\u043e\u0432 \u043f\u043e\u043a\u0430\u0437\u0430\u0442\u044c \u043f\u0440\u043e\u0442\u0438\u0432\u043d\u0438\u043a\u0430\u043c \u0430\u0431\u0441\u043e\u043b\u044e\u0442\u043d\u043e \u043d\u0438\u043a\u0430\u043a\u043e\u0433\u043e \u043c\u0438\u043b\u043e\u0441\u0435\u0440\u0434\u0438\u044f!<\/p>\n<p>\u041e\u0442\u043b\u0438\u0447\u043d\u044b\u0439 \u043f\u043e\u0434\u0430\u0440\u043e\u043a \u0434\u043b\u044f \u0443\u0432\u0435\u043b\u0438\u0447\u0435\u043d\u0438\u044f \u0430\u0437\u0430\u0440\u0442\u0430 \u043d\u0430 \u0432\u0435\u0447\u0435\u0440\u0430\u0445 \u0438\u0433\u0440 \u0441 \u0434\u0440\u0443\u0437\u044c\u044f\u043c\u0438 \u0438 \u0441\u0435\u043c\u044c\u0435\u0439, \u0432 \u043f\u043e\u0435\u0437\u0434\u043a\u0430\u0445 \u0438 \u043d\u0430 \u0432\u0435\u0447\u0435\u0440\u0438\u043d\u043a\u0430\u0445!<\/p>","protected":false},"excerpt":{"rendered":"<p>UNO F\u0103r\u0103 Mil\u0103 este cea mai brutal\u0103 versiune a jocului UNO p\u00e2n\u0103 acum! Are mult mai multe c\u0103r\u021bi cu penalit\u0103\u021bi<\/p>","protected":false},"featured_media":194146,"comment_status":"closed","ping_status":"closed","template":"..\/public\/views\/revslider-page-template.php","meta":{"_monsterinsights_skip_tracking":false,"_monsterinsights_sitenote_active":false,"_monsterinsights_sitenote_note":"","_monsterinsights_sitenote_category":0},"product_brand":[],"product_cat":[55,1137,1142],"product_tag":[1862],"class_list":{"0":"post-194129","1":"product","2":"type-product","3":"status-publish","4":"has-post-thumbnail","6":"product_cat-toate-produsele","7":"product_cat-jucarii","8":"product_cat-jocuri-de-masa","9":"product_tag-uno-40","11":"first","12":"instock","13":"shipping-taxable","14":"purchasable","15":"product-type-simple"},"_links":{"self":[{"href":"http:\/\/toystoys.md\/ru\/wp-json\/wp\/v2\/product\/194129","targetHints":{"allow":["GET"]}}],"collection":[{"href":"http:\/\/toystoys.md\/ru\/wp-json\/wp\/v2\/product"}],"about":[{"href":"http:\/\/toystoys.md\/ru\/wp-json\/wp\/v2\/types\/product"}],"replies":[{"embeddable":true,"href":"http:\/\/toystoys.md\/ru\/wp-json\/wp\/v2\/comments?post=194129"}],"wp:featuredmedia":[{"embeddable":true,"href":"http:\/\/toystoys.md\/ru\/wp-json\/wp\/v2\/media\/194146"}],"wp:attachment":[{"href":"http:\/\/toystoys.md\/ru\/wp-json\/wp\/v2\/media?parent=194129"}],"wp:term":[{"taxonomy":"product_brand","embeddable":true,"href":"http:\/\/toystoys.md\/ru\/wp-json\/wp\/v2\/product_brand?post=194129"},{"taxonomy":"product_cat","embeddable":true,"href":"http:\/\/toystoys.md\/ru\/wp-json\/wp\/v2\/product_cat?post=194129"},{"taxonomy":"product_tag","embeddable":true,"href":"http:\/\/toystoys.md\/ru\/wp-json\/wp\/v2\/product_tag?post=194129"}],"curies":[{"name":"wp","href":"https:\/\/api.w.org\/{rel}","templated":true}]}}