{"id":193399,"date":"2024-06-03T00:39:08","date_gmt":"2024-06-02T22:39:08","guid":{"rendered":""},"modified":"2024-11-13T13:45:17","modified_gmt":"2024-11-13T11:45:17","slug":"prod_8714274420397_sc95924","status":"publish","type":"product","link":"http:\/\/toystoys.md\/ru\/shop\/prod_8714274420397_sc95924\/","title":{"rendered":"\u041d\u0430\u0431\u043e\u0440 \u0434\u043b\u044f \u0442\u0432\u043e\u0440\u0447\u0435\u0441\u0442\u0432\u0430 2 \u0432 1 \u0421\u043e\u0437\u0434\u0430\u0439 \u0431\u0440\u0430\u0441\u043b\u0435\u0442\u044b, Gabby`s Dollhouse TOTUM"},"content":{"rendered":"<p>Setul Totum va fi pe placul tuturor feti\u021belor care iubesc s\u0103 creeze. Cu ajutorul s\u0103u, ele vor putea s\u0103-\u0219i fac\u0103 br\u0103\u021b\u0103ri minunate pe care s\u0103 le poarte sau s\u0103 le ofere drept cadou unei prietene. Cu autocolantele 3D incluse, copiii pot crea u\u0219or propriile br\u0103\u021b\u0103ri vesele cu particule str\u0103lucitoare.<\/p>\n<p>\u0412 \u043d\u0430\u0431\u043e\u0440 \u0432\u0445\u043e\u0434\u0438\u0442:<br \/>\n- 2 \u0431\u0440\u0430\u0441\u043b\u0435\u0442\u0430 \u0441 \u043f\u0440\u044f\u0436\u043a\u043e\u0439;<br \/>\n- 34 \u043d\u0430\u043a\u043b\u0435\u0439\u043a\u0438 \u0441 \u0431\u043b\u0435\u0441\u0442\u044f\u0449\u0438\u043c\u0438 \u0442\u0430\u043b\u0438\u0441\u043c\u0430\u043d\u0430\u043c\u0438;<br \/>\n- 3 \u043c\u0430\u0440\u043a\u0435\u0440\u0430;<br \/>\n- 3 \u0448\u0430\u0431\u043b\u043e\u043d\u0430;<br \/>\n&#8211; Sub\u021bire;<br \/>\n&#8211; Fi\u0219\u0103 cu autocolante;<br \/>\n&#8211; Ghid ilustrat.<\/p>\n<p>\u041f\u043e\u0434\u0445\u043e\u0434\u0438\u0442 \u0434\u043b\u044f \u0434\u0435\u0442\u0435\u0439 \u0432 \u0432\u043e\u0437\u0440\u0430\u0441\u0442\u0435 4 \u043b\u0435\u0442 +<\/p>","protected":false},"excerpt":{"rendered":"<p>Setul Totum va fi pe placul tuturor feti\u021belor care iubesc s\u0103 creeze. Cu ajutorul s\u0103u, ele vor putea s\u0103-\u0219i fac\u0103<\/p>","protected":false},"featured_media":193450,"comment_status":"closed","ping_status":"closed","template":"..\/public\/views\/revslider-page-template.php","meta":{"_monsterinsights_skip_tracking":false,"_monsterinsights_sitenote_active":false,"_monsterinsights_sitenote_note":"","_monsterinsights_sitenote_category":0},"product_brand":[],"product_cat":[55,1137,117],"product_tag":[],"class_list":{"0":"post-193399","1":"product","2":"type-product","3":"status-publish","4":"has-post-thumbnail","6":"product_cat-toate-produsele","7":"product_cat-jucarii","8":"product_cat-seturi-pentru-creatie","10":"first","11":"instock","12":"shipping-taxable","13":"purchasable","14":"product-type-simple"},"_links":{"self":[{"href":"http:\/\/toystoys.md\/ru\/wp-json\/wp\/v2\/product\/193399","targetHints":{"allow":["GET"]}}],"collection":[{"href":"http:\/\/toystoys.md\/ru\/wp-json\/wp\/v2\/product"}],"about":[{"href":"http:\/\/toystoys.md\/ru\/wp-json\/wp\/v2\/types\/product"}],"replies":[{"embeddable":true,"href":"http:\/\/toystoys.md\/ru\/wp-json\/wp\/v2\/comments?post=193399"}],"wp:featuredmedia":[{"embeddable":true,"href":"http:\/\/toystoys.md\/ru\/wp-json\/wp\/v2\/media\/193450"}],"wp:attachment":[{"href":"http:\/\/toystoys.md\/ru\/wp-json\/wp\/v2\/media?parent=193399"}],"wp:term":[{"taxonomy":"product_brand","embeddable":true,"href":"http:\/\/toystoys.md\/ru\/wp-json\/wp\/v2\/product_brand?post=193399"},{"taxonomy":"product_cat","embeddable":true,"href":"http:\/\/toystoys.md\/ru\/wp-json\/wp\/v2\/product_cat?post=193399"},{"taxonomy":"product_tag","embeddable":true,"href":"http:\/\/toystoys.md\/ru\/wp-json\/wp\/v2\/product_tag?post=193399"}],"curies":[{"name":"wp","href":"https:\/\/api.w.org\/{rel}","templated":true}]}}