{"id":193054,"date":"2024-06-03T06:00:11","date_gmt":"2024-06-03T04:00:11","guid":{"rendered":""},"modified":"2026-01-22T09:48:16","modified_gmt":"2026-01-22T07:48:16","slug":"prod_5702017599496_sc95620","status":"publish","type":"product","link":"http:\/\/toystoys.md\/ru\/shop\/prod_5702017599496_sc95620\/","title":{"rendered":"\u041a\u043b\u044e\u0432 Harry Potter LEGO 76427"},"content":{"rendered":"<p>\u041f\u0443\u0441\u0442\u044c \u0434\u0435\u0442\u0438 \u0432\u043d\u043e\u0432\u044c \u043f\u0435\u0440\u0435\u0436\u0438\u0432\u0443\u0442 \u0437\u0430\u0445\u0432\u0430\u0442\u044b\u0432\u0430\u044e\u0449\u0438\u0435 \u043f\u0440\u0438\u043a\u043b\u044e\u0447\u0435\u043d\u0438\u044f \u0413\u0430\u0440\u0440\u0438 \u041f\u043e\u0442\u0442\u0435\u0440\u0430 \u0438 \u0441\u043e\u0437\u0434\u0430\u0434\u0443\u0442 \u0438\u0433\u0440\u0438\u0432\u0443\u044e \u044d\u043a\u0441\u043f\u043e\u0437\u0438\u0446\u0438\u044e \u0441 \u044d\u0442\u043e\u0439 \u0438\u0433\u0440\u0443\u0448\u043a\u043e\u0439 \u0411\u0430\u043a\u0431\u0438\u043a\u0430, \u0441\u0430\u043c\u043e\u0439 \u0431\u043e\u043b\u044c\u0448\u043e\u0439 \u0432 \u0438\u0441\u0442\u043e\u0440\u0438\u0438 LEGO \u043a\u0438\u0440\u043f\u0438\u0447\u043d\u043e\u0439 \u043c\u043e\u0434\u0435\u043b\u044c\u044e \u043b\u044e\u0431\u0438\u043c\u043e\u0433\u043e \u0413\u0438\u043f\u043f\u043e\u0433\u0440\u0438\u0444\u0430. \u0412 \u044d\u0442\u043e\u043c \u0434\u0435\u0442\u0441\u043a\u043e\u043c \u043d\u0430\u0431\u043e\u0440\u0435, \u043a\u043e\u0442\u043e\u0440\u044b\u0439 \u0441\u0442\u0430\u043d\u0435\u0442 \u0438\u043d\u0442\u0435\u0440\u0435\u0441\u043d\u044b\u043c \u043f\u043e\u0434\u0430\u0440\u043a\u043e\u043c \u0434\u043b\u044f \u043c\u0430\u043b\u044c\u0447\u0438\u043a\u043e\u0432, \u0434\u0435\u0432\u043e\u0447\u0435\u043a \u0438 \u0432\u0441\u0435\u0445 \u0444\u0430\u043d\u0430\u0442\u043e\u0432 \u0432 \u0432\u043e\u0437\u0440\u0430\u0441\u0442\u0435 \u043e\u0442 9 \u043b\u0435\u0442, \u0432\u044b \u043d\u0430\u0439\u0434\u0451\u0442\u0435 \u043f\u043e\u043b\u043d\u043e\u0441\u0442\u044c\u044e \u0440\u0430\u0437\u0431\u043e\u0440\u043d\u0443\u044e LEGO-\u0444\u0438\u0433\u0443\u0440\u043a\u0443 \u0432\u043e\u043b\u0448\u0435\u0431\u043d\u043e\u0433\u043e \u0441\u0443\u0449\u0435\u0441\u0442\u0432\u0430, \u0430 \u0442\u0430\u043a\u0436\u0435 \u043d\u0435\u0431\u043e\u043b\u044c\u0448\u043e\u0439 \u0443\u0447\u0430\u0441\u0442\u043e\u043a \u0434\u0432\u043e\u0440\u0430 \u0425\u0430\u0433\u0440\u0438\u0434\u0430 \u0441 \u0434\u0432\u0443\u043c\u044f \u0442\u044b\u043a\u0432\u0430\u043c\u0438 \u0438 \u0444\u0438\u0433\u0443\u0440\u043a\u043e\u0439 \u043f\u0442\u0438\u0446\u044b \u0434\u043b\u044f \u0442\u0432\u043e\u0440\u0447\u0435\u0441\u043a\u0438\u0445 \u0438\u0441\u0442\u043e\u0440\u0438\u0439 \u0438\u043b\u0438 \u0434\u043b\u044f \u0441\u043e\u0437\u0434\u0430\u043d\u0438\u044f \u043f\u0440\u0438\u0432\u043b\u0435\u043a\u0430\u0442\u0435\u043b\u044c\u043d\u043e\u0439 \u044d\u043a\u0441\u043f\u043e\u0437\u0438\u0446\u0438\u0438. \u041d\u0430\u043a\u043b\u043e\u043d\u0438\u0442\u0435 \u0433\u043e\u043b\u043e\u0432\u0443 \u0411\u0430\u043a\u0431\u0438\u043a\u0430, \u0441\u043b\u043e\u0436\u0438\u0442\u0435 \u0435\u0433\u043e \u043a\u0440\u044b\u043b\u044c\u044f \u0434\u043b\u044f \u043f\u043e\u0437\u044b \u043f\u043e\u043b\u0435\u0442\u0430 \u0438 \u043e\u0442\u0440\u0435\u0433\u0443\u043b\u0438\u0440\u0443\u0439\u0442\u0435 \u0435\u0433\u043e \u043d\u043e\u0433\u0438 \u0434\u043b\u044f \u0445\u043e\u0434\u044c\u0431\u044b, \u0441\u0438\u0434\u0435\u043d\u0438\u044f \u0438\u043b\u0438 \u043a\u0443\u043b\u044c\u0442\u043e\u0432\u043e\u0439 \u043f\u043e\u0437\u044b \u043f\u043e\u043a\u043b\u043e\u043d\u0430.<\/p>","protected":false},"excerpt":{"rendered":"<p>Las\u0103-i pe copii s\u0103 retr\u0103iasc\u0103 aventurile fermec\u0103toare ale lui Harry Potter \u0219i s\u0103 creeze o expozi\u021bie juc\u0103u\u0219\u0103 cu aceast\u0103 juc\u0103rie<\/p>","protected":false},"featured_media":193118,"comment_status":"closed","ping_status":"closed","template":"..\/public\/views\/revslider-page-template.php","meta":{"_monsterinsights_skip_tracking":false,"_monsterinsights_sitenote_active":false,"_monsterinsights_sitenote_note":"","_monsterinsights_sitenote_category":0},"product_brand":[],"product_cat":[55,1137,288,299],"product_tag":[1914],"class_list":{"0":"post-193054","1":"product","2":"type-product","3":"status-publish","4":"has-post-thumbnail","6":"product_cat-toate-produsele","7":"product_cat-jucarii","8":"product_cat-lego","9":"product_cat-lego-harry-potter","10":"product_tag-lego-30","12":"first","13":"instock","14":"shipping-taxable","15":"purchasable","16":"product-type-simple"},"_links":{"self":[{"href":"http:\/\/toystoys.md\/ru\/wp-json\/wp\/v2\/product\/193054","targetHints":{"allow":["GET"]}}],"collection":[{"href":"http:\/\/toystoys.md\/ru\/wp-json\/wp\/v2\/product"}],"about":[{"href":"http:\/\/toystoys.md\/ru\/wp-json\/wp\/v2\/types\/product"}],"replies":[{"embeddable":true,"href":"http:\/\/toystoys.md\/ru\/wp-json\/wp\/v2\/comments?post=193054"}],"wp:featuredmedia":[{"embeddable":true,"href":"http:\/\/toystoys.md\/ru\/wp-json\/wp\/v2\/media\/193118"}],"wp:attachment":[{"href":"http:\/\/toystoys.md\/ru\/wp-json\/wp\/v2\/media?parent=193054"}],"wp:term":[{"taxonomy":"product_brand","embeddable":true,"href":"http:\/\/toystoys.md\/ru\/wp-json\/wp\/v2\/product_brand?post=193054"},{"taxonomy":"product_cat","embeddable":true,"href":"http:\/\/toystoys.md\/ru\/wp-json\/wp\/v2\/product_cat?post=193054"},{"taxonomy":"product_tag","embeddable":true,"href":"http:\/\/toystoys.md\/ru\/wp-json\/wp\/v2\/product_tag?post=193054"}],"curies":[{"name":"wp","href":"https:\/\/api.w.org\/{rel}","templated":true}]}}