{"id":192794,"date":"2024-06-03T06:00:13","date_gmt":"2024-06-03T04:00:13","guid":{"rendered":"https:\/\/toystoys.md\/shop\/prod_5702017587325_sc95614\/"},"modified":"2026-02-19T15:23:53","modified_gmt":"2026-02-19T13:23:53","slug":"prod_5702017587325_sc95614","status":"publish","type":"product","link":"http:\/\/toystoys.md\/ru\/shop\/prod_5702017587325_sc95614\/","title":{"rendered":"\u0420\u0435\u043c\u043e\u043d\u0442 \u044d\u0432\u0430\u043a\u0443\u0430\u0442\u043e\u0440\u043e\u0432 \u0438 \u0441\u043f\u043e\u0440\u0442\u0438\u0432\u043d\u044b\u0445 \u0430\u0432\u0442\u043e\u043c\u043e\u0431\u0438\u043b\u0435\u0439 City LEGO 60435"},"content":{"rendered":"<p>\u041f\u0440\u0438\u0441\u043e\u0435\u0434\u0438\u043d\u044f\u0439\u0442\u0435\u0441\u044c \u043a \u0433\u0435\u0440\u043e\u044e \u043f\u043e\u0432\u0441\u0435\u0434\u043d\u0435\u0432\u043d\u043e\u0439 \u0436\u0438\u0437\u043d\u0438 \u0438 \u043e\u0442\u043f\u0440\u0430\u0432\u043b\u044f\u0439\u0442\u0435\u0441\u044c \u0432 \u0443\u0432\u043b\u0435\u043a\u0430\u0442\u0435\u043b\u044c\u043d\u044b\u0435 \u043f\u0440\u0438\u043a\u043b\u044e\u0447\u0435\u043d\u0438\u044f \u0441 \u0438\u0433\u0440\u043e\u0432\u044b\u043c \u043d\u0430\u0431\u043e\u0440\u043e\u043c LEGO City \u00ab\u042d\u0432\u0430\u043a\u0443\u0430\u0442\u043e\u0440 \u0438 \u0440\u0435\u043c\u043e\u043d\u0442 \u0441\u043f\u043e\u0440\u0442\u0438\u0432\u043d\u044b\u0445 \u0430\u0432\u0442\u043e\u043c\u043e\u0431\u0438\u043b\u0435\u0439\u00bb \u0434\u043b\u044f \u0432\u043e\u0437\u0440\u0430\u0441\u0442\u0430 4+. \u0412 \u044d\u0442\u043e\u043c \u0442\u0432\u043e\u0440\u0447\u0435\u0441\u043a\u043e\u043c \u043d\u0430\u0431\u043e\u0440\u0435 \u0435\u0441\u0442\u044c \u0438\u0433\u0440\u0443\u0448\u0435\u0447\u043d\u044b\u0439 \u044d\u0432\u0430\u043a\u0443\u0430\u0442\u043e\u0440 \u0441 \u043f\u0440\u043e\u0447\u043d\u044b\u043c\u0438 \u0448\u0438\u043d\u0430\u043c\u0438, \u043a\u0430\u0431\u0438\u043d\u043e\u0439 \u0432\u043e\u0434\u0438\u0442\u0435\u043b\u044f \u0438 \u0440\u0430\u0431\u043e\u0442\u0430\u044e\u0449\u0438\u043c \u043f\u043e\u0434\u044a\u0435\u043c\u043d\u0438\u043a\u043e\u043c. \u041f\u0440\u043e\u0441\u0442\u043e \u0434\u043e\u0431\u0430\u0432\u044c\u0442\u0435 \u0441\u043f\u043e\u0440\u0442\u0438\u0432\u043d\u0443\u044e \u043c\u0430\u0448\u0438\u043d\u0443, \u043c\u0438\u043d\u0438\u0444\u0438\u0433\u0443\u0440\u043a\u0438 \u0432\u043e\u0434\u0438\u0442\u0435\u043b\u044f \u0438 \u0430\u0432\u0442\u043e\u043c\u043e\u0431\u0438\u043b\u0438\u0441\u0442\u0430, \u0438 \u0432\u044b \u0441\u043c\u043e\u0436\u0435\u0442\u0435 \u0447\u0430\u0441\u0430\u043c\u0438 \u0438\u0433\u0440\u0430\u0442\u044c \u0441 \u0432\u043e\u043e\u0431\u0440\u0430\u0436\u0435\u043d\u0438\u0435\u043c \u0438 \u0440\u0430\u0441\u0441\u043a\u0430\u0437\u044b\u0432\u0430\u0442\u044c \u0438\u0441\u0442\u043e\u0440\u0438\u0438.<br data-v-6a065fc1=\"\" \/><br data-v-6a065fc1=\"\" \/>\u042d\u0442\u043e\u0442 \u043f\u0440\u043e\u0441\u0442\u043e\u0439 \u0432 \u0441\u0431\u043e\u0440\u043a\u0435 \u0430\u0432\u0442\u043e\u043c\u043e\u0431\u0438\u043b\u044c\u043d\u044b\u0439 \u043d\u0430\u0431\u043e\u0440 LEGO \u0432\u043a\u043b\u044e\u0447\u0430\u0435\u0442 \u0432 \u0441\u0435\u0431\u044f \u044d\u043b\u0435\u043c\u0435\u043d\u0442 LEGO Starter Brick, \u043d\u0430\u0433\u043b\u044f\u0434\u043d\u043e\u0435 \u0440\u0443\u043a\u043e\u0432\u043e\u0434\u0441\u0442\u0432\u043e \u0438 3D-\u0438\u043d\u0441\u0442\u0440\u0443\u043a\u0446\u0438\u0438 \u0432 \u043f\u0440\u0438\u043b\u043e\u0436\u0435\u043d\u0438\u0438 LEGO Builder - \u0446\u0438\u0444\u0440\u043e\u0432\u043e\u043c \u0441\u0442\u0440\u043e\u0438\u0442\u0435\u043b\u044c\u043d\u043e\u043c \u043a\u043e\u043c\u043f\u0430\u043d\u044c\u043e\u043d\u0435 \u0441 \u0438\u043d\u0442\u0443\u0438\u0442\u0438\u0432\u043d\u043e \u043f\u043e\u043d\u044f\u0442\u043d\u044b\u043c\u0438 \u0438\u043d\u0441\u0442\u0440\u0443\u043c\u0435\u043d\u0442\u0430\u043c\u0438, \u043f\u043e\u0437\u0432\u043e\u043b\u044f\u044e\u0449\u0438\u043c\u0438 \u0434\u0435\u0442\u044f\u043c \u0443\u0432\u0435\u043b\u0438\u0447\u0438\u0432\u0430\u0442\u044c, \u043f\u043e\u0432\u043e\u0440\u0430\u0447\u0438\u0432\u0430\u0442\u044c \u0438 \u0432\u0438\u0437\u0443\u0430\u043b\u0438\u0437\u0438\u0440\u043e\u0432\u0430\u0442\u044c \u043c\u043e\u0434\u0435\u043b\u0438 \u0441\u043e \u0432\u0441\u0435\u0445 \u0441\u0442\u043e\u0440\u043e\u043d \u0432 \u043f\u0440\u043e\u0446\u0435\u0441\u0441\u0435 \u0441\u0431\u043e\u0440\u043a\u0438.<\/p>","protected":false},"excerpt":{"rendered":"<p>Al\u0103tur\u0103-te eroului t\u0103u de zi cu zi pentru aventuri amuzante cu setul de joac\u0103 LEGO City Remorcher \u0219i repara\u021bii ma\u0219ini<\/p>","protected":false},"featured_media":192850,"comment_status":"closed","ping_status":"closed","template":"","meta":{"_monsterinsights_skip_tracking":false,"_monsterinsights_sitenote_active":false,"_monsterinsights_sitenote_note":"","_monsterinsights_sitenote_category":0},"product_brand":[],"product_cat":[1137,288,275,55],"product_tag":[],"class_list":{"0":"post-192794","1":"product","2":"type-product","3":"status-publish","4":"has-post-thumbnail","6":"product_cat-jucarii","7":"product_cat-lego","8":"product_cat-lego-city","9":"product_cat-toate-produsele","11":"first","12":"outofstock","13":"shipping-taxable","14":"purchasable","15":"product-type-simple"},"_links":{"self":[{"href":"http:\/\/toystoys.md\/ru\/wp-json\/wp\/v2\/product\/192794","targetHints":{"allow":["GET"]}}],"collection":[{"href":"http:\/\/toystoys.md\/ru\/wp-json\/wp\/v2\/product"}],"about":[{"href":"http:\/\/toystoys.md\/ru\/wp-json\/wp\/v2\/types\/product"}],"replies":[{"embeddable":true,"href":"http:\/\/toystoys.md\/ru\/wp-json\/wp\/v2\/comments?post=192794"}],"wp:featuredmedia":[{"embeddable":true,"href":"http:\/\/toystoys.md\/ru\/wp-json\/wp\/v2\/media\/192850"}],"wp:attachment":[{"href":"http:\/\/toystoys.md\/ru\/wp-json\/wp\/v2\/media?parent=192794"}],"wp:term":[{"taxonomy":"product_brand","embeddable":true,"href":"http:\/\/toystoys.md\/ru\/wp-json\/wp\/v2\/product_brand?post=192794"},{"taxonomy":"product_cat","embeddable":true,"href":"http:\/\/toystoys.md\/ru\/wp-json\/wp\/v2\/product_cat?post=192794"},{"taxonomy":"product_tag","embeddable":true,"href":"http:\/\/toystoys.md\/ru\/wp-json\/wp\/v2\/product_tag?post=192794"}],"curies":[{"name":"wp","href":"https:\/\/api.w.org\/{rel}","templated":true}]}}