{"id":192709,"date":"2024-06-03T06:00:11","date_gmt":"2024-06-03T04:00:11","guid":{"rendered":"https:\/\/toystoys.md\/shop\/prod_5702017584478_sc95626\/"},"modified":"2026-02-13T11:45:34","modified_gmt":"2026-02-13T09:45:34","slug":"prod_5702017584478_sc95626","status":"publish","type":"product","link":"http:\/\/toystoys.md\/ru\/shop\/prod_5702017584478_sc95626\/","title":{"rendered":"\u041c\u0438\u043a\u0440\u043e\u0438\u0441\u0442\u0440\u0435\u0431\u0438\u0442\u0435\u043b\u044c \u041a\u0430\u043f\u0438\u0442\u0430\u043d \u0420\u0435\u043a\u0441 Y-Wing Star Wars LEGO 75391"},"content":{"rendered":"<p>\u041f\u0443\u0441\u0442\u044c \u0434\u0435\u0442\u0438 \u043e\u0431\u044a\u0435\u0434\u0438\u043d\u044f\u0442\u0441\u044f \u0441 \u043f\u043e\u043f\u0443\u043b\u044f\u0440\u043d\u044b\u043c \u043f\u0435\u0440\u0441\u043e\u043d\u0430\u0436\u0435\u043c Star Wars: The Clone Wars \u0434\u043b\u044f \u0432\u044b\u043f\u043e\u043b\u043d\u0435\u043d\u0438\u044f \u0438\u0433\u0440\u043e\u0432\u044b\u0445 \u043c\u0438\u0441\u0441\u0438\u0439 \u0441 \u043f\u043e\u043c\u043e\u0449\u044c\u044e \u044d\u0442\u043e\u0433\u043e \u0437\u0432\u0435\u0437\u0434\u043e\u043b\u0435\u0442\u0430 \u041a\u0430\u043f\u0438\u0442\u0430\u043d\u0430 \u0420\u0435\u043a\u0441\u0430 Y-Wing Microfighter \u0438\u0437 \u043a\u0443\u0431\u0438\u043a\u043e\u0432 LEGO. \u0412 \u044d\u0442\u043e\u043c \u0438\u0433\u0440\u043e\u0432\u043e\u043c \u043d\u0430\u0431\u043e\u0440\u0435, \u043a\u043e\u0442\u043e\u0440\u044b\u0439 \u043c\u043e\u0436\u043d\u043e \u0441\u043e\u0431\u0440\u0430\u0442\u044c \u0438\u0437 \u043a\u0443\u0431\u0438\u043a\u043e\u0432, \u043f\u0440\u0435\u0434\u0441\u0442\u0430\u0432\u043b\u0435\u043d\u0430 \u043f\u0435\u0440\u0432\u0430\u044f \u0432 \u0438\u0441\u0442\u043e\u0440\u0438\u0438 LEGO Star Wars \u0441\u0442\u0440\u043e\u0438\u0442\u0435\u043b\u044c\u043d\u0430\u044f \u043c\u043e\u0434\u0435\u043b\u044c Y-\u043a\u0440\u044b\u043b\u0430 \u043a\u0430\u043f\u0438\u0442\u0430\u043d\u0430 \u0420\u0435\u043a\u0441\u0430 - \u0443\u0432\u043b\u0435\u043a\u0430\u0442\u0435\u043b\u044c\u043d\u044b\u0439 \u0444\u0430\u043d\u0442\u0430\u0441\u0442\u0438\u0447\u0435\u0441\u043a\u0438\u0439 \u043f\u043e\u0434\u0430\u0440\u043e\u043a \u0434\u043b\u044f \u0442\u0432\u043e\u0440\u0447\u0435\u0441\u043a\u0438\u0445 \u043c\u0430\u043b\u044c\u0447\u0438\u043a\u043e\u0432, \u0434\u0435\u0432\u043e\u0447\u0435\u043a \u0438 \u0432\u0441\u0435\u0445 \u044e\u043d\u044b\u0445 \u043f\u043e\u043a\u043b\u043e\u043d\u043d\u0438\u043a\u043e\u0432 \u0432 \u0432\u043e\u0437\u0440\u0430\u0441\u0442\u0435 \u043e\u0442 6 \u043b\u0435\u0442. \u042d\u0442\u0430 \u043c\u0438\u043d\u0438\u0430\u0442\u044e\u0440\u043d\u0430\u044f \u0432\u0435\u0440\u0441\u0438\u044f \u043a\u0443\u043b\u044c\u0442\u043e\u0432\u043e\u0433\u043e \u0437\u0432\u0435\u0437\u0434\u043e\u043b\u0435\u0442\u0430 \u0438\u0437 \u00ab\u0417\u0432\u0435\u0437\u0434\u043d\u044b\u0445 \u0432\u043e\u0439\u043d\u00bb \u0438\u043c\u0435\u0435\u0442 \u043a\u0430\u0431\u0438\u043d\u0443 \u0434\u043b\u044f \u043c\u0438\u043d\u0438\u0444\u0438\u0433\u0443\u0440\u043e\u043a \u0438 2 \u0441\u0442\u0440\u0435\u043b\u044f\u044e\u0449\u0438\u0435 \u0441\u0442\u043e\u0439\u043a\u0438, \u0430 \u0432\u0445\u043e\u0434\u044f\u0449\u0430\u044f \u0432 \u043a\u043e\u043c\u043f\u043b\u0435\u043a\u0442 \u043c\u0438\u043d\u0438\u0444\u0438\u0433\u0443\u0440\u043a\u0430 \u041a\u0430\u043f\u0438\u0442\u0430\u043d\u0430 \u0420\u0435\u043a\u0441\u0430 LEGO \u043f\u043e\u0441\u0442\u0430\u0432\u043b\u044f\u0435\u0442\u0441\u044f \u0441 2 \u0431\u043b\u0430\u0441\u0442\u0435\u0440\u0430\u043c\u0438.<\/p>","protected":false},"excerpt":{"rendered":"<p>Las\u0103-i pe copii s\u0103 fac\u0103 echip\u0103 cu un personaj popular din R\u0103zboiul Stelelor: R\u0103zboiul Clonelor \u00een misiuni de joac\u0103 cu<\/p>","protected":false},"featured_media":192771,"comment_status":"closed","ping_status":"closed","template":"","meta":{"_monsterinsights_skip_tracking":false,"_monsterinsights_sitenote_active":false,"_monsterinsights_sitenote_note":"","_monsterinsights_sitenote_category":0},"product_brand":[],"product_cat":[55,1137,288,293],"product_tag":[],"class_list":{"0":"post-192709","1":"product","2":"type-product","3":"status-publish","4":"has-post-thumbnail","6":"product_cat-toate-produsele","7":"product_cat-jucarii","8":"product_cat-lego","9":"product_cat-lego-star-wars","11":"first","12":"instock","13":"shipping-taxable","14":"purchasable","15":"product-type-simple"},"_links":{"self":[{"href":"http:\/\/toystoys.md\/ru\/wp-json\/wp\/v2\/product\/192709","targetHints":{"allow":["GET"]}}],"collection":[{"href":"http:\/\/toystoys.md\/ru\/wp-json\/wp\/v2\/product"}],"about":[{"href":"http:\/\/toystoys.md\/ru\/wp-json\/wp\/v2\/types\/product"}],"replies":[{"embeddable":true,"href":"http:\/\/toystoys.md\/ru\/wp-json\/wp\/v2\/comments?post=192709"}],"wp:featuredmedia":[{"embeddable":true,"href":"http:\/\/toystoys.md\/ru\/wp-json\/wp\/v2\/media\/192771"}],"wp:attachment":[{"href":"http:\/\/toystoys.md\/ru\/wp-json\/wp\/v2\/media?parent=192709"}],"wp:term":[{"taxonomy":"product_brand","embeddable":true,"href":"http:\/\/toystoys.md\/ru\/wp-json\/wp\/v2\/product_brand?post=192709"},{"taxonomy":"product_cat","embeddable":true,"href":"http:\/\/toystoys.md\/ru\/wp-json\/wp\/v2\/product_cat?post=192709"},{"taxonomy":"product_tag","embeddable":true,"href":"http:\/\/toystoys.md\/ru\/wp-json\/wp\/v2\/product_tag?post=192709"}],"curies":[{"name":"wp","href":"https:\/\/api.w.org\/{rel}","templated":true}]}}