{"id":192707,"date":"2024-06-03T06:00:03","date_gmt":"2024-06-03T04:00:03","guid":{"rendered":"https:\/\/toystoys.md\/shop\/prod_5702017590219_sc95623\/"},"modified":"2026-01-21T22:40:15","modified_gmt":"2026-01-21T20:40:15","slug":"prod_5702017590219_sc95623","status":"publish","type":"product","link":"http:\/\/toystoys.md\/ru\/shop\/prod_5702017590219_sc95623\/","title":{"rendered":"\u041c\u0435\u0445\u0430\u043d\u0438\u0447\u0435\u0441\u043a\u0430\u044f \u0431\u0440\u043e\u043d\u044f \u0411\u044d\u0442\u043c\u0435\u043d\u0430 LEGO 76270"},"content":{"rendered":"<p>\u042d\u0442\u0430 \u0438\u0433\u0440\u0443\u0448\u043a\u0430-\u043c\u0435\u0445 \u0411\u044d\u0442\u043c\u0435\u043d\u0430 \u0438\u0434\u0435\u0430\u043b\u044c\u043d\u043e \u043f\u043e\u0434\u0445\u043e\u0434\u0438\u0442 \u0434\u043b\u044f \u043b\u044e\u0431\u0438\u0442\u0435\u043b\u0435\u0439 \u0441\u0443\u043f\u0435\u0440\u0433\u0435\u0440\u043e\u0439\u0441\u043a\u0438\u0445 \u044d\u043a\u0448\u0435\u043d\u043e\u0432 \u0438 \u0438\u0433\u0440\u0443\u0448\u0435\u043a-\u0440\u043e\u0431\u043e\u0442\u043e\u0432 \u0432 \u0432\u043e\u0437\u0440\u0430\u0441\u0442\u0435 \u043e\u0442 6 \u043b\u0435\u0442 \u0438 \u0441\u0442\u0430\u0440\u0448\u0435. \u041c\u0430\u0441\u0448\u0442\u0430\u0431\u043d\u0430\u044f \u0444\u0438\u0433\u0443\u0440\u043a\u0430 \u0411\u044d\u0442\u043c\u0435\u043d\u0430 \u0438 \u043c\u0438\u043d\u0438-\u0444\u0438\u0433\u0443\u0440\u043a\u0430 \u0441\u0443\u043f\u0435\u0440\u0433\u0435\u0440\u043e\u044f-\u043f\u0438\u043b\u043e\u0442\u0430 \u0434\u0435\u043b\u0430\u044e\u0442 \u043c\u0435\u0445\u043e\u0432\u0443\u044e \u0431\u0440\u043e\u043d\u044e \u0411\u044d\u0442\u043c\u0435\u043d\u0430 \u0438\u0434\u0435\u0430\u043b\u044c\u043d\u044b\u043c \u0440\u0430\u0437\u0432\u043b\u0435\u0447\u0435\u043d\u0438\u0435\u043c \u0434\u043b\u044f \u044e\u043d\u044b\u0445 \u0431\u043e\u0440\u0446\u043e\u0432 \u0441 \u043f\u0440\u0435\u0441\u0442\u0443\u043f\u043d\u043e\u0441\u0442\u044c\u044e.<br data-v-6a065fc1=\"\" \/><br data-v-6a065fc1=\"\" \/>\u0414\u0435\u0442\u0438 \u0432\u0441\u0442\u0430\u0432\u043b\u044f\u044e\u0442 \u043c\u0438\u043d\u0438\u0444\u0438\u0433\u0443\u0440\u043a\u0443 LEGO Batman \u0432 \u043e\u0442\u043a\u0440\u044b\u0432\u0430\u044e\u0449\u0443\u044e\u0441\u044f \u043a\u0430\u0431\u0438\u043d\u0443 \u043c\u0435\u0445-\u0431\u0440\u043e\u043d\u0438. \u0424\u0438\u0433\u0443\u0440\u043a\u0430 \u043c\u0435\u0447\u0430 \u0434\u0435\u0440\u0436\u0438\u0442 \u0432 \u0440\u0443\u043a\u0430\u0445 \u0441\u0442\u0440\u043e\u044f\u0449\u0438\u0439\u0441\u044f \u0431\u044d\u0442\u0430\u0440\u0430\u043d\u0433 \u0438 \u0438\u043c\u0435\u0435\u0442 \u043d\u0430 \u0440\u0443\u043a\u0435 \u043f\u0443\u0441\u043a\u043e\u0432\u0443\u044e \u0443\u0441\u0442\u0430\u043d\u043e\u0432\u043a\u0443. \u041d\u0430 \u0441\u043f\u0438\u043d\u0435 \u0443 \u043d\u0435\u0433\u043e \u0440\u0435\u0430\u043a\u0442\u0438\u0432\u043d\u044b\u0439 \u0440\u0430\u043d\u0435\u0446, \u043f\u0440\u0438\u043a\u0440\u044b\u0442\u044b\u0439 \u043f\u043b\u0430\u0449\u043e\u043c \u0438\u0437 \u0434\u0432\u0443\u0445 \u0447\u0430\u0441\u0442\u0435\u0439, \u043a\u043e\u0442\u043e\u0440\u044b\u0439 \u043c\u043e\u0436\u043d\u043e \u043f\u0435\u0440\u0435\u0441\u0442\u0430\u0432\u043b\u044f\u0442\u044c \u0432 \u0440\u0430\u0437\u043d\u044b\u0435 \u043f\u043e\u043b\u043e\u0436\u0435\u043d\u0438\u044f. \u041c\u0438\u043d\u0438\u0444\u0438\u0433\u0443\u0440\u043a\u0430 \u043d\u043e\u0441\u0438\u0442 \u0442\u043a\u0430\u043d\u0435\u0432\u0443\u044e \u043d\u0430\u043a\u0438\u0434\u043a\u0443 \u0438 \u0434\u0435\u0440\u0436\u0438\u0442 \u0435\u0449\u0435 \u043e\u0434\u0438\u043d \u0431\u044d\u0442\u0430\u0440\u0430\u043d\u0433, \u043a\u043e\u0442\u043e\u0440\u044b\u0439 \u043c\u043e\u0436\u043d\u043e \u0445\u0440\u0430\u043d\u0438\u0442\u044c \u043d\u0430 \u043f\u0440\u0430\u0432\u043e\u0439 \u0440\u0443\u043a\u0435 \u043c\u0435\u0447\u0430.<\/p>","protected":false},"excerpt":{"rendered":"<p>Aceast\u0103 juc\u0103rie mech Batman este ideal\u0103 pentru fanii juc\u0103riilor de ac\u021biune cu super-eroi \u0219i robo\u021bi cu v\u00e2rste \u00eencep\u00e2nd cu 6<\/p>","protected":false},"featured_media":192776,"comment_status":"closed","ping_status":"closed","template":"..\/public\/views\/revslider-page-template.php","meta":{"_monsterinsights_skip_tracking":false,"_monsterinsights_sitenote_active":false,"_monsterinsights_sitenote_note":"","_monsterinsights_sitenote_category":0},"product_brand":[],"product_cat":[55,1137,288,301],"product_tag":[1914],"class_list":{"0":"post-192707","1":"product","2":"type-product","3":"status-publish","4":"has-post-thumbnail","6":"product_cat-toate-produsele","7":"product_cat-jucarii","8":"product_cat-lego","9":"product_cat-lego-super-heroes","10":"product_tag-lego-30","12":"first","13":"instock","14":"shipping-taxable","15":"purchasable","16":"product-type-simple"},"_links":{"self":[{"href":"http:\/\/toystoys.md\/ru\/wp-json\/wp\/v2\/product\/192707","targetHints":{"allow":["GET"]}}],"collection":[{"href":"http:\/\/toystoys.md\/ru\/wp-json\/wp\/v2\/product"}],"about":[{"href":"http:\/\/toystoys.md\/ru\/wp-json\/wp\/v2\/types\/product"}],"replies":[{"embeddable":true,"href":"http:\/\/toystoys.md\/ru\/wp-json\/wp\/v2\/comments?post=192707"}],"wp:featuredmedia":[{"embeddable":true,"href":"http:\/\/toystoys.md\/ru\/wp-json\/wp\/v2\/media\/192776"}],"wp:attachment":[{"href":"http:\/\/toystoys.md\/ru\/wp-json\/wp\/v2\/media?parent=192707"}],"wp:term":[{"taxonomy":"product_brand","embeddable":true,"href":"http:\/\/toystoys.md\/ru\/wp-json\/wp\/v2\/product_brand?post=192707"},{"taxonomy":"product_cat","embeddable":true,"href":"http:\/\/toystoys.md\/ru\/wp-json\/wp\/v2\/product_cat?post=192707"},{"taxonomy":"product_tag","embeddable":true,"href":"http:\/\/toystoys.md\/ru\/wp-json\/wp\/v2\/product_tag?post=192707"}],"curies":[{"name":"wp","href":"https:\/\/api.w.org\/{rel}","templated":true}]}}