{"id":191645,"date":"2024-05-28T18:23:02","date_gmt":"2024-05-28T16:23:02","guid":{"rendered":""},"modified":"2025-07-29T14:07:58","modified_gmt":"2025-07-29T12:07:58","slug":"prod_4810263033556_sc95774","status":"publish","type":"product","link":"http:\/\/toystoys.md\/ru\/shop\/prod_4810263033556_sc95774\/","title":{"rendered":"\u0421\u0443\u0445\u0430\u044f \u043c\u043e\u043b\u043e\u0447\u043d\u0430\u044f \u0441\u043c\u0435\u0441\u044c Bifido 0-12 \u043c\u0435\u0441\u044f\u0446\u0435\u0432 400\u0433 Bellakt"},"content":{"rendered":"<p>\u0421\u043c\u0435\u0441\u044c \u0441\u0443\u0445\u0430\u044f \u043c\u043e\u043b\u043e\u0447\u043d\u0430\u044f \u0434\u043b\u044f \u0434\u0435\u0442\u0441\u043a\u043e\u0433\u043e \u043f\u0438\u0442\u0430\u043d\u0438\u044f \u00ab\u0411\u0435\u043b\u043b\u0430\u043a\u0442 \u0411\u0418\u0424\u0418\u0414\u041e\u00bb<\/p>\n<p>\u041d\u0430\u0437\u043d\u0430\u0447\u0435\u043d\u0438\u0435: \u0434\u043b\u044f \u0441\u043c\u0435\u0448\u0430\u043d\u043d\u043e\u0433\u043e \u0438\u043b\u0438 \u0438\u0441\u043a\u0443\u0441\u0441\u0442\u0432\u0435\u043d\u043d\u043e\u0433\u043e \u0432\u0441\u043a\u0430\u0440\u043c\u043b\u0438\u0432\u0430\u043d\u0438\u044f \u0437\u0434\u043e\u0440\u043e\u0432\u044b\u0445 \u0434\u0435\u0442\u0435\u0439.<\/p>\n<p>\u041f\u0440\u043e\u0431\u0438\u043e\u0442\u0438\u043a\u0438 (\u0431\u0438\u0444\u0438\u0434\u043e\u0431\u0430\u043a\u0442\u0435\u0440\u0438\u0438\u0438) B.Lactis BB12, \u0441\u043f\u043e\u0441\u043e\u0431\u0441\u0442\u0432\u0443\u044e\u0449\u0438\u0435\n\u0443\u043a\u0440\u0435\u043f\u043b\u0435\u043d\u0438\u044e \u0438\u043c\u043c\u0443\u043d\u0438\u0442\u0435\u0442\u0430 \u0438 \u0441\u0442\u0430\u043d\u043e\u0432\u043b\u0435\u043d\u0438\u044e\n\u0437\u0434\u043e\u0440\u043e\u0432\u043e\u0439 \u043a\u0438\u0448\u0435\u0447\u043d\u043e\u0439 \u043c\u0438\u043a\u0440\u043e\u0444\u043b\u043e\u0440\u044b;<\/p>\n<p>\u0411\u0435\u043b\u043a\u043e\u0432\u044b\u0439 \u043a\u043e\u043c\u043f\u043e\u043d\u0435\u043d\u0442 \u0441 \u0441\u043e\u043e\u0442\u043d\u043e\u0448\u0435\u043d\u0438\u0435\u043c \u0441\u044b\u0432\u043e\u0440\u043e\u0442\u043e\u0447\u043d\u044b\u0445 \u0431\u0435\u043b\u043a\u043e\u0432 \u0438 \u043a\u0430\u0437\u0435\u0438\u043d\u043e\u0432 50:50;<\/p>\n<p>\u041d\u0443\u043a\u043b\u0435\u043e\u0442\u0438\u0434\u044b - \u0441\u0442\u0438\u043c\u0443\u043b\u0438\u0440\u0443\u044e\u0442 \u0441\u043e\u0437\u0440\u0435\u0432\u0430\u043d\u0438\u0435 \u0438\u043c\u043c\u0443\u043d\u043d\u043e\u0439 \u0441\u0438\u0441\u0442\u0435\u043c\u044b, \u0443\u043b\u0443\u0447\u0448\u0430\u044e\u0442 \u0440\u043e\u0441\u0442 \u0438 \u0440\u0430\u0437\u0432\u0438\u0442\u0438\u0435 \u0441\u043b\u0438\u0437\u0438\u0441\u0442\u043e\u0439 \u043a\u0438\u0448\u0435\u0447\u043d\u0438\u043a\u0430;<\/p>\n<p>\u041b\u0438\u043d\u043e\u043b\u0435\u0432\u0430\u044f \u0438 \u03b1-\u043b\u0438\u043d\u043e\u043b\u0435\u043d\u043e\u0432\u044b\u0435 \u0436\u0438\u0440\u043d\u044b\u0435 \u043a\u0438\u0441\u043b\u043e\u0442\u044b \u0432 \u043e\u043f\u0442\u0438\u043c\u0430\u043b\u044c\u043d\u043e\u043c \u0441\u043e\u043e\u0442\u043d\u043e\u0448\u0435\u043d\u0438\u0438, \u0447\u0442\u043e \u0431\u043b\u0430\u0433\u043e\u043f\u0440\u0438\u044f\u0442\u043d\u043e \u0432\u043b\u0438\u044f\u0435\u0442 \u043d\u0430 \u0440\u0430\u0437\u0432\u0438\u0442\u0438\u0435 \u043c\u043e\u0437\u0433\u0430 \u0438 \u043e\u0440\u0433\u0430\u043d\u0430 \u0437\u0440\u0435\u043d\u0438\u044f \u0440\u0435\u0431\u0435\u043d\u043a\u0430;<\/p>\n<p>\u041a\u043e\u043c\u0431\u0438\u043d\u0438\u0440\u043e\u0432\u0430\u043d\u043d\u044b\u0439 \u0443\u0433\u043b\u0435\u0432\u043e\u0434\u043d\u044b\u0439 \u043a\u043e\u043c\u043f\u043e\u043d\u0435\u043d\u0442 (\u043b\u0430\u043a\u0442\u043e\u0437\u0430 \u0438 \u043c\u0430\u043b\u044c\u0442\u043e\u0434\u0435\u043a\u0441\u0442\u0440\u0438\u043d), \u0441\u043f\u043e\u0441\u043e\u0431\u0441\u0442\u0432\u0443\u044e\u0449\u0438\u0439 \u0443\u043b\u0443\u0447\u0448\u0435\u043d\u0438\u044e \u043f\u0435\u0440\u0435\u0432\u0430\u0440\u0438\u0432\u0430\u043d\u0438\u044f \u0438 \u0443\u0441\u0432\u043e\u0435\u043d\u0438\u044f.<\/p>\n<p>\u0421\u043e\u0441\u0442\u0430\u0432: \u043a\u043e\u0440\u043e\u0432\u044c\u0435 \u043c\u043e\u043b\u043e\u043a\u043e, \u0441\u043b\u0438\u0432\u043a\u0438 \u0438\u0437 \u043a\u043e\u0440\u043e\u0432\u044c\u0435\u0433\u043e \u043c\u043e\u043b\u043e\u043a\u0430, \u043a\u0443\u043a\u0443\u0440\u0443\u0437\u043d\u043e\u0435 \u043c\u0430\u0441\u043b\u043e, \u043d\u0438\u0437\u043a\u043e\u043e\u0441\u0430\u0445\u0430\u0440\u0435\u043d\u043d\u0430\u044f \u043f\u0430\u0442\u043e\u043a\u0430, \u043c\u043e\u043b\u043e\u0447\u043d\u044b\u0439 \u0441\u0430\u0445\u0430\u0440, \u043a\u043e\u043d\u0446\u0435\u043d\u0442\u0440\u0430\u0442 \u0441\u044b\u0432\u043e\u0440\u043e\u0442\u043e\u0447\u043d\u044b\u0445 \u0431\u0435\u043b\u043a\u043e\u0432, \u043c\u0438\u043d\u0435\u0440\u0430\u043b\u044c\u043d\u044b\u0435 \u0441\u043e\u043b\u0438, \u0432\u0438\u0442\u0430\u043c\u0438\u043d\u044b (\u0410, \u0415, \u0421, \u0414, \u0420\u0420, \u04121, \u04122, \u04126, \u0412\u0441, \u041212, \u041a), \u0431\u0438\u043e\u0442\u0438\u043d, \u0438\u043d\u043e\u0437\u0438\u0442\u043e\u043b, L-\u043a\u0430\u0440\u043d\u0438\u0442\u0438\u043d, \u0442\u0430\u0443\u0440\u0438\u043d, \u0431\u0430\u043a\u0442\u0435\u0440\u0438\u0430\u043b\u044c\u043d\u044b\u0439 \u043a\u043e\u043d\u0446\u0435\u043d\u0442\u0440\u0430\u0442 \u0430\u0446\u0438\u0434\u043e\u0444\u0438\u043b\u044c\u043d\u044b\u0445 \u043f\u0430\u043b\u043e\u0447\u0435\u043a \u0438 \u0431\u0438\u0444\u0438\u0434\u043e\u0431\u0430\u043a\u0442\u0435\u0440\u0438\u0439.<\/p>\n<p>\u0412\u043e\u0437\u0440\u0430\u0441\u0442: 0-12 \u043c\u0435\u0441.<br \/>\n\u0412\u0435\u0441 \u043f\u0440\u043e\u0434\u0443\u043a\u0442\u0430: 400 \u0433\u0440.<\/p>","protected":false},"excerpt":{"rendered":"<p>Formula de lapte uscat pentru alimente pentru copii &#8222;\u0411\u0435\u043b\u043b\u0430\u043a\u0442 Bifido&#8221; Scop: pentru hr\u0103nirea mixt\u0103 sau artificial\u0103 a copiilor s\u0103n\u0103to\u0219i. Probiotice<\/p>","protected":false},"featured_media":191646,"comment_status":"closed","ping_status":"closed","template":"..\/public\/views\/revslider-page-template.php","meta":{"_monsterinsights_skip_tracking":false,"_monsterinsights_sitenote_active":false,"_monsterinsights_sitenote_note":"","_monsterinsights_sitenote_category":0},"product_brand":[],"product_cat":[55,1141,51,449],"product_tag":[],"class_list":{"0":"post-191645","1":"product","2":"type-product","3":"status-publish","4":"has-post-thumbnail","6":"product_cat-toate-produsele","7":"product_cat-produse-pentru-bebelusi","8":"product_cat-alimentatie","9":"product_cat-late-praf","11":"first","12":"outofstock","13":"shipping-taxable","14":"purchasable","15":"product-type-simple"},"_links":{"self":[{"href":"http:\/\/toystoys.md\/ru\/wp-json\/wp\/v2\/product\/191645","targetHints":{"allow":["GET"]}}],"collection":[{"href":"http:\/\/toystoys.md\/ru\/wp-json\/wp\/v2\/product"}],"about":[{"href":"http:\/\/toystoys.md\/ru\/wp-json\/wp\/v2\/types\/product"}],"replies":[{"embeddable":true,"href":"http:\/\/toystoys.md\/ru\/wp-json\/wp\/v2\/comments?post=191645"}],"wp:featuredmedia":[{"embeddable":true,"href":"http:\/\/toystoys.md\/ru\/wp-json\/wp\/v2\/media\/191646"}],"wp:attachment":[{"href":"http:\/\/toystoys.md\/ru\/wp-json\/wp\/v2\/media?parent=191645"}],"wp:term":[{"taxonomy":"product_brand","embeddable":true,"href":"http:\/\/toystoys.md\/ru\/wp-json\/wp\/v2\/product_brand?post=191645"},{"taxonomy":"product_cat","embeddable":true,"href":"http:\/\/toystoys.md\/ru\/wp-json\/wp\/v2\/product_cat?post=191645"},{"taxonomy":"product_tag","embeddable":true,"href":"http:\/\/toystoys.md\/ru\/wp-json\/wp\/v2\/product_tag?post=191645"}],"curies":[{"name":"wp","href":"https:\/\/api.w.org\/{rel}","templated":true}]}}