{"id":191042,"date":"2024-05-26T11:05:55","date_gmt":"2024-05-26T09:05:55","guid":{"rendered":""},"modified":"2024-05-27T14:58:57","modified_gmt":"2024-05-27T12:58:57","slug":"prod_8033100071368_sc95289","status":"publish","type":"product","link":"http:\/\/toystoys.md\/ru\/shop\/prod_8033100071368_sc95289\/","title":{"rendered":"\u041f\u043e\u0434\u0430\u0440\u043e\u0447\u043d\u0430\u044f \u043a\u043e\u0440\u043e\u0431\u043a\u0430 LINEA BABY 4 \u043f\u0440\u043e\u0434\u0443\u043a\u0442\u0430 Bios and Derma"},"content":{"rendered":"<p>\u041d\u0430\u0431\u043e\u0440 \u0438\u0437 4 \u043f\u0440\u043e\u0434\u0443\u043a\u0442\u043e\u0432, \u0441\u0435\u0440\u0442\u0438\u0444\u0438\u0446\u0438\u0440\u043e\u0432\u0430\u043d\u043d\u044b\u0445 \u043a\u0430\u043a \u043e\u0440\u0433\u0430\u043d\u0438\u0447\u0435\u0441\u043a\u0438\u0435 ICEA \u0438 VEGANOK, \u0432 \u043a\u0440\u0430\u0441\u0438\u0432\u043e\u0439 \u043f\u043e\u0434\u0430\u0440\u043e\u0447\u043d\u043e\u0439 \u0443\u043f\u0430\u043a\u043e\u0432\u043a\u0435, \u043f\u0440\u0435\u0434\u043d\u0430\u0437\u043d\u0430\u0447\u0435\u043d\u043d\u044b\u0439 \u0434\u043b\u044f \u0443\u0445\u043e\u0434\u0430 \u0437\u0430 \u043a\u043e\u0436\u0435\u0439 \u0438 \u0445\u043e\u0440\u043e\u0448\u0435\u0433\u043e \u0441\u0430\u043c\u043e\u0447\u0443\u0432\u0441\u0442\u0432\u0438\u044f. Bios&amp;Derma \u0438\u0441\u043f\u043e\u043b\u044c\u0437\u0443\u0435\u0442 \u0432\u044b\u0441\u043e\u043a\u043e\u043a\u0430\u0447\u0435\u0441\u0442\u0432\u0435\u043d\u043d\u043e\u0435 \u0441\u044b\u0440\u044c\u0435, \u0430 \u0435\u0435 \u043f\u0440\u043e\u0434\u0443\u043a\u0446\u0438\u044f \u043d\u0435 \u0441\u043e\u0434\u0435\u0440\u0436\u0438\u0442 \u043b\u0430\u0443\u0440\u0438\u043b\u0441\u0443\u043b\u044c\u0444\u0430\u0442\u043e\u0432, \u043f\u0430\u0440\u0430\u0431\u0435\u043d\u043e\u0432, \u0441\u043e\u043b\u0438, \u043a\u0441\u0430\u043d\u0442\u0430\u043d\u043e\u0432\u043e\u0439 \u043a\u0430\u043c\u0435\u0434\u0438, \u0446\u0435\u043b\u043b\u044e\u043b\u043e\u0437\u044b, \u0432\u0435\u0449\u0435\u0441\u0442\u0432, \u043f\u043e\u043b\u0443\u0447\u0435\u043d\u043d\u044b\u0445 \u0438\u0437 \u043d\u0435\u0444\u0442\u0438, \u0438 \u0432\u0435\u0449\u0435\u0441\u0442\u0432 \u0436\u0438\u0432\u043e\u0442\u043d\u043e\u0433\u043e \u043f\u0440\u043e\u0438\u0441\u0445\u043e\u0436\u0434\u0435\u043d\u0438\u044f. \u0411\u0435\u0440\u0435\u0436\u043d\u043e\u0435 \u043e\u0442\u043d\u043e\u0448\u0435\u043d\u0438\u0435 \u043a \u043a\u043e\u0436\u0435 \u0438 \u043e\u043a\u0440\u0443\u0436\u0430\u044e\u0449\u0435\u0439 \u0441\u0440\u0435\u0434\u0435.<\/p>\n<p>\u2013 \u041a\u0420\u0415\u041c \u0414\u041b\u042f \u0422\u0415\u041b\u0410 \u0421 \u0427\u0418\u0421\u0422\u042b\u041c \u0420\u0418\u0421\u041e\u0412\u042b\u041c \u041a\u0420\u0410\u0425\u041c\u0410\u041c\u041e\u041c 200 \u043c\u043b<br \/>\n\u2013 \u0414\u0415\u041b\u0418\u041a\u0410\u0422\u041d\u041e\u0415 \u041c\u041e\u042e\u0429\u0415\u0415 \u0421\u0420\u0415\u0414\u0421\u0422\u0412\u041e \u0421 \u0427\u0418\u0421\u0422\u042b\u041c \u0420\u0418\u0421\u041e\u0412\u042b\u041c \u041a\u0420\u0410\u0425\u041c\u0410\u041b\u041e\u041c 500 \u043c\u043b<br \/>\n\u2013 \u0427\u0418\u0421\u0422\u042b\u0419 \u0420\u0418\u0421\u041e\u0412\u042b\u0419 \u041a\u0420\u0410\u0425\u041c\u0410\u041b \u0412 \u041a\u0410\u041d\u041d\u041e\u041b\u0418 \u0414\u041b\u042f \u041c\u0410\u041b\u042c\u0427\u0418\u041a\u041e\u0412 250 \u0433<br \/>\n\u2013 \u041c\u042b\u041b\u041e \u0421 \u0427\u0418\u0421\u0422\u042b\u041c \u0420\u0418\u0421\u041e\u0412\u042b\u041c \u041a\u0420\u0410\u0425\u041c\u0410\u041b\u041e\u041c 150 \u0433<\/p>","protected":false},"excerpt":{"rendered":"<p>Kitul cu 4 produse certificate organic de ICEA \u0219i VEGANOK, \u00eentr-o frumoas\u0103 cutie cadou conceput\u0103 pentru \u00eengrijirea pielii \u0219i bun\u0103starea.<\/p>","protected":false},"featured_media":191074,"comment_status":"closed","ping_status":"closed","template":"..\/public\/views\/revslider-page-template.php","meta":{"_monsterinsights_skip_tracking":false,"_monsterinsights_sitenote_active":false,"_monsterinsights_sitenote_note":"","_monsterinsights_sitenote_category":0},"product_brand":[],"product_cat":[55,50,1105,1102],"product_tag":[],"class_list":{"0":"post-191042","1":"product","2":"type-product","3":"status-publish","4":"has-post-thumbnail","6":"product_cat-toate-produsele","7":"product_cat-iginina","8":"product_cat-produse-pentru-baie","9":"product_cat-produse-cosmetice-pentru-ingrijirea-pielii","11":"first","12":"instock","13":"shipping-taxable","14":"purchasable","15":"product-type-simple"},"_links":{"self":[{"href":"http:\/\/toystoys.md\/ru\/wp-json\/wp\/v2\/product\/191042","targetHints":{"allow":["GET"]}}],"collection":[{"href":"http:\/\/toystoys.md\/ru\/wp-json\/wp\/v2\/product"}],"about":[{"href":"http:\/\/toystoys.md\/ru\/wp-json\/wp\/v2\/types\/product"}],"replies":[{"embeddable":true,"href":"http:\/\/toystoys.md\/ru\/wp-json\/wp\/v2\/comments?post=191042"}],"wp:featuredmedia":[{"embeddable":true,"href":"http:\/\/toystoys.md\/ru\/wp-json\/wp\/v2\/media\/191074"}],"wp:attachment":[{"href":"http:\/\/toystoys.md\/ru\/wp-json\/wp\/v2\/media?parent=191042"}],"wp:term":[{"taxonomy":"product_brand","embeddable":true,"href":"http:\/\/toystoys.md\/ru\/wp-json\/wp\/v2\/product_brand?post=191042"},{"taxonomy":"product_cat","embeddable":true,"href":"http:\/\/toystoys.md\/ru\/wp-json\/wp\/v2\/product_cat?post=191042"},{"taxonomy":"product_tag","embeddable":true,"href":"http:\/\/toystoys.md\/ru\/wp-json\/wp\/v2\/product_tag?post=191042"}],"curies":[{"name":"wp","href":"https:\/\/api.w.org\/{rel}","templated":true}]}}