{"id":190679,"date":"2024-05-23T18:56:55","date_gmt":"2024-05-23T16:56:55","guid":{"rendered":""},"modified":"2025-05-02T15:35:40","modified_gmt":"2025-05-02T13:35:40","slug":"prod_8463760412513_sc95645","status":"publish","type":"product","link":"http:\/\/toystoys.md\/ru\/shop\/prod_8463760412513_sc95645\/","title":{"rendered":"\u0420\u0430\u0437\u043d\u043e\u0446\u0432\u0435\u0442\u043d\u0430\u044f \u0440\u0443\u0447\u043a\u0430 Rainbow Pen 10 \u0446\u0432\u0435\u0442\u043e\u0432 \u0438 \u0430\u0440\u043e\u043c\u0430\u0442\u043e\u0432 Scentos"},"content":{"rendered":"<p>\u0420\u0430\u0434\u0443\u0436\u043d\u0430\u044f \u0440\u0443\u0447\u043a\u0430 \u043f\u043e\u043a\u043e\u0440\u044f\u0435\u0442 \u0434\u0435\u0432\u043e\u0447\u0435\u043a \u0438 \u043c\u0430\u043b\u044c\u0447\u0438\u043a\u043e\u0432 \u0438 \u0432\u044b\u0437\u044b\u0432\u0430\u0435\u0442 \u043d\u043e\u0441\u0442\u0430\u043b\u044c\u0433\u0438\u044e \u0443 \u0432\u0437\u0440\u043e\u0441\u043b\u044b\u0445, \u043a\u043e\u0442\u043e\u0440\u044b\u0435 \u043e\u0434\u043d\u0430\u0436\u0434\u044b \u043d\u0430\u0440\u0438\u0441\u043e\u0432\u0430\u043b\u0438 \u0440\u0438\u0441\u0443\u043d\u043e\u043a \u0438\u043b\u0438 \u043d\u0430\u043f\u0438\u0441\u0430\u043b\u0438 \u0430\u0440\u043e\u043c\u0430\u0442\u043d\u0443\u044e \u043b\u044e\u0431\u043e\u0432\u043d\u0443\u044e \u0437\u0430\u043f\u0438\u0441\u043a\u0443 \u0441\u0432\u043e\u0435\u043c\u0443 \u0432\u043e\u0437\u043b\u044e\u0431\u043b\u0435\u043d\u043d\u043e\u043c\u0443.<br \/>\n\u0414\u043e\u0431\u0430\u0432\u044c\u0442\u0435 \u0438\u0437\u044e\u043c\u0438\u043d\u043a\u0443 \u0432 \u0441\u0432\u043e\u044e \u043f\u0438\u0441\u0430\u0442\u0435\u043b\u044c\u0441\u043a\u0443\u044e \u0434\u0435\u044f\u0442\u0435\u043b\u044c\u043d\u043e\u0441\u0442\u044c \u0441 \u043f\u043e\u043c\u043e\u0449\u044c\u044e \u0432\u0435\u0441\u0435\u043b\u043e\u0439 \u0438 \u043a\u0440\u0430\u0441\u043e\u0447\u043d\u043e\u0439 \u0440\u0443\u0447\u043a\u0438; \u0423\u0434\u043e\u0431\u0435\u043d\u0430 \u0432 \u0438\u0441\u043f\u043e\u043b\u044c\u0437\u043e\u0432\u0430\u043d\u0438\u0438 \u0438 \u0438\u043c\u0435\u0435\u0442 \u0434\u043e\u043b\u0433\u043e\u0432\u0435\u0447\u043d\u044b\u0435 \u0446\u0432\u0435\u0442\u043d\u044b\u0435 \u0447\u0435\u0440\u043d\u0438\u043b\u0430.<br \/>\n\u0412 \u044d\u0442\u043e\u0439 \u0440\u0443\u0447\u043a\u0435 \u0438\u043c\u0435\u044e\u0442\u0441\u044f \u0447\u0435\u0440\u043d\u0438\u043b\u0430 10 \u0437\u0430\u043c\u0435\u0447\u0430\u0442\u0435\u043b\u044c\u043d\u044b\u0445 \u0446\u0432\u0435\u0442\u043e\u0432 \u0441 \u0440\u0430\u0437\u043d\u044b\u043c\u0438 \u0432\u043a\u0443\u0441\u0430\u043c\u0438, \u043a\u043e\u0442\u043e\u0440\u044b\u0435 \u0434\u0435\u043b\u0430\u044e\u0442 \u043f\u0440\u043e\u0435\u043a\u0442\u044b \u0438 \u0437\u0430\u0434\u0430\u0447\u0438 \u0431\u043e\u043b\u0435\u0435 \u0438\u043d\u0442\u0435\u0440\u0435\u0441\u043d\u044b\u043c\u0438.<br \/>\n\u041e\u043d\u0430 \u0438\u043c\u0435\u0435\u0442 \u043f\u0440\u043e\u0441\u0442\u043e\u0439 \u0438 \u043a\u043e\u043c\u043f\u0430\u043a\u0442\u043d\u044b\u0439 \u0434\u0438\u0437\u0430\u0439\u043d \u0441 \u043c\u0438\u043b\u044b\u043c\u0438 \u0441\u043c\u0430\u0439\u043b\u0438\u043a\u0430\u043c\u0438, \u043f\u043e\u044d\u0442\u043e\u043c\u0443 \u0432\u044b \u043c\u043e\u0436\u0435\u0442\u0435 \u043f\u0440\u043e\u0434\u0435\u043c\u043e\u043d\u0441\u0442\u0440\u0438\u0440\u043e\u0432\u0430\u0442\u044c \u0441\u0432\u043e\u0438 \u043d\u0430\u0432\u044b\u043a\u0438 \u043f\u0438\u0441\u044c\u043c\u0430 \u0434\u043e\u043c\u0430 \u0438\u043b\u0438 \u0432 \u0448\u043a\u043e\u043b\u0435.<br \/>\n\u0420\u0430\u0434\u0443\u0436\u043d\u044b\u0435 \u0440\u0443\u0447\u043a\u0438 \u0438\u0434\u0435\u0430\u043b\u044c\u043d\u043e \u043f\u043e\u0434\u0445\u043e\u0434\u044f\u0442 \u0434\u043b\u044f \u0434\u0435\u0442\u0435\u0439 \u0432 \u0448\u043a\u043e\u043b\u0435 \u0438 \u0434\u043e\u043c\u0430, \u0430 \u0443\u0447\u0438\u0442\u0435\u043b\u044f \u043c\u043e\u0433\u0443\u0442 \u0438\u0441\u043f\u043e\u043b\u044c\u0437\u043e\u0432\u0430\u0442\u044c \u0441\u0432\u043e\u0439 \u043b\u044e\u0431\u0438\u043c\u044b\u0439 \u0430\u0440\u043e\u043c\u0430\u0442 \u043f\u0440\u0438 \u0432\u044b\u0441\u0442\u0430\u0432\u043b\u0435\u043d\u0438\u0438 \u043e\u0446\u0435\u043d\u043e\u043a; \u0432\u043e\u0437\u0440\u0430\u0441\u0442 \u043e\u0442 3 \u043b\u0435\u0442 \u0438 \u0441\u0442\u0430\u0440\u0448\u0435.<\/p>","protected":false},"excerpt":{"rendered":"<p>Pixul curcubeu este incitant pentru fete \u0219i b\u0103ie\u021bi \u0219i nostalgic pentru adul\u021bii care au f\u0103cut odat\u0103 o imagine prosteasc\u0103 sau<\/p>","protected":false},"featured_media":190697,"comment_status":"closed","ping_status":"closed","template":"..\/public\/views\/revslider-page-template.php","meta":{"_monsterinsights_skip_tracking":false,"_monsterinsights_sitenote_active":false,"_monsterinsights_sitenote_note":"","_monsterinsights_sitenote_category":0},"product_brand":[],"product_cat":[55,106,1047],"product_tag":[],"class_list":{"0":"post-190679","1":"product","2":"type-product","3":"status-publish","4":"has-post-thumbnail","6":"product_cat-toate-produsele","7":"product_cat-birotica-si-papetarie","8":"product_cat-papetarie-papetarie","10":"first","11":"instock","12":"shipping-taxable","13":"purchasable","14":"product-type-simple"},"_links":{"self":[{"href":"http:\/\/toystoys.md\/ru\/wp-json\/wp\/v2\/product\/190679","targetHints":{"allow":["GET"]}}],"collection":[{"href":"http:\/\/toystoys.md\/ru\/wp-json\/wp\/v2\/product"}],"about":[{"href":"http:\/\/toystoys.md\/ru\/wp-json\/wp\/v2\/types\/product"}],"replies":[{"embeddable":true,"href":"http:\/\/toystoys.md\/ru\/wp-json\/wp\/v2\/comments?post=190679"}],"wp:featuredmedia":[{"embeddable":true,"href":"http:\/\/toystoys.md\/ru\/wp-json\/wp\/v2\/media\/190697"}],"wp:attachment":[{"href":"http:\/\/toystoys.md\/ru\/wp-json\/wp\/v2\/media?parent=190679"}],"wp:term":[{"taxonomy":"product_brand","embeddable":true,"href":"http:\/\/toystoys.md\/ru\/wp-json\/wp\/v2\/product_brand?post=190679"},{"taxonomy":"product_cat","embeddable":true,"href":"http:\/\/toystoys.md\/ru\/wp-json\/wp\/v2\/product_cat?post=190679"},{"taxonomy":"product_tag","embeddable":true,"href":"http:\/\/toystoys.md\/ru\/wp-json\/wp\/v2\/product_tag?post=190679"}],"curies":[{"name":"wp","href":"https:\/\/api.w.org\/{rel}","templated":true}]}}