{"id":190618,"date":"2024-05-23T17:54:55","date_gmt":"2024-05-23T15:54:55","guid":{"rendered":""},"modified":"2024-05-24T17:56:03","modified_gmt":"2024-05-24T15:56:03","slug":"prod_6900007348140_sc95639","status":"publish","type":"product","link":"http:\/\/toystoys.md\/ru\/shop\/prod_6900007348140_sc95639\/","title":{"rendered":"\u041a\u0443\u043a\u043b\u0430 L.O.L. Surprise! O.M.G. \u2013 POSE \u0441\u0435\u0440\u0438\u044f S8 L.O.L. Surprise MGA"},"content":{"rendered":"<p>\u0412\u0441\u0442\u0440\u0435\u0447\u0430\u0439\u0442\u0435 \u044f\u0440\u043a\u0438\u0445 \u043a\u0440\u0430\u0441\u0430\u0432\u0438\u0446 \u0441\u0435\u0440\u0438\u0438 'O.M.G.' S8. \u0414\u0435\u0432\u0443\u0448\u043a\u0438 \u0445\u043e\u0442\u044f\u0442 \u0443\u0434\u0438\u0432\u0438\u0442\u044c \u0432\u0435\u0441\u044c \u0433\u043e\u0440\u043e\u0434 \u0441\u0432\u043e\u0438\u043c \u043e\u0441\u043e\u0431\u044b\u043c \u0441\u0442\u0438\u043b\u0435\u043c. \u041a\u0430\u043a\u043e\u0439 \u0438\u0437 \u043d\u0438\u0445 \u043d\u0440\u0430\u0432\u0438\u0442\u0441\u044f \u0432\u0430\u043c?<br \/>\n\u041f\u041e\u0423\u0417 - \u043e\u0431\u043e\u0436\u0430\u0435\u0442 \u0434\u043e\u0431\u0430\u0432\u043b\u044f\u0442\u044c \u0436\u0435\u043c\u0447\u0443\u0436\u0438\u043d\u043a\u0438 \u0432 \u0441\u0432\u043e\u0439 \u043c\u043e\u0434\u043d\u044b\u0439 \u043e\u0431\u0440\u0430\u0437!<br \/>\n\u041e\u043d\u0430 \u043b\u044e\u0431\u0438\u0442 \u043a\u043e\u043c\u0431\u0438\u043d\u0438\u0440\u043e\u0432\u0430\u0442\u044c \u043a\u043b\u0430\u0441\u0441\u0438\u043a\u0443 \u0444\u0440\u0430\u043d\u0446\u0443\u0437\u0441\u043a\u043e\u0433\u043e \u0441\u0442\u0438\u043b\u044f \u0438 \u043c\u043e\u0434\u043d\u044b\u0435 \u0442\u0435\u043d\u0434\u0435\u043d\u0446\u0438\u0438. \u041f\u043e\u044d\u0442\u043e\u043c\u0443 \u043e\u043d\u0430 \u0432\u0441\u0435\u0433\u0434\u0430 \u0432\u044b\u0433\u043b\u044f\u0434\u0438\u0442 \u043e\u0447\u0435\u043d\u044c \u0438\u0437\u044f\u0449\u043d\u043e \u0438 \u043a\u0440\u0430\u0441\u0438\u0432\u043e!<br \/>\n- \u0411\u043e\u043b\u044c\u0448\u0430\u044f \u0438 \u044f\u0440\u043a\u0430\u044f \u043a\u0443\u043a\u043e\u043b\u043a\u0430 \u0432\u044b\u0441\u043e\u0442\u043e\u0439 27 cm<br \/>\n- \u0428\u0438\u043a\u0430\u0440\u043d\u044b\u0435 \u0440\u0443\u0441\u044b\u0435 \u0432\u043e\u043b\u043e\u0441\u044b<br \/>\n- \u041c\u043e\u0434\u043d\u0430\u044f \u043e\u0434\u0435\u0436\u0434\u0430.<\/p>\n<p><strong>\u0412 \u043a\u043e\u043c\u043f\u043b\u0435\u043a\u0442\u0435:<br \/>\n<\/strong>\u00a0- \u041c\u043e\u0434\u043d\u0430\u044f \u043a\u0443\u043a\u043b\u0430 LOL. Surprise!' \u0441\u0435\u0440\u0438\u0438 'O.M.G.' S8<br \/>\n- 1 \u043a\u043e\u043c\u043f\u043b\u0435\u043a\u0442 \u043c\u043e\u0434\u043d\u043e\u0439 \u043e\u0434\u0435\u0436\u0434\u044b<br \/>\n- 1 \u043f\u0430\u0440\u0430 \u043e\u0431\u0443\u0432\u0438<br \/>\n- 1 \u043f\u0430\u0440\u0430 \u0441\u0435\u0440\u0435\u0436\u0435\u043a<br \/>\n- 4 \u0430\u043a\u0441\u0435\u0441\u0441\u0443\u0430\u0440\u0430<br \/>\n- 1 \u043f\u043e\u0434\u0441\u0442\u0430\u0432\u043a\u0430 \u0434\u043b\u044f \u043a\u0443\u043a\u043b\u044b<br \/>\n- 1 \u0440\u0430\u0441\u0447\u0435\u0441\u043a\u0430 \u0434\u043b\u044f \u0432\u043e\u043b\u043e\u0441<br \/>\n- 1 \u0441\u0443\u043c\u043e\u0447\u043a\u0430<br \/>\n- 1 \u0436\u0443\u0440\u043d\u0430\u043b.<\/p>\n<p>\u0418\u0433\u0440\u0430 \u0441 \u043a\u0443\u043a\u043b\u043e\u0439 L.O.L Surprise! \u0440\u0430\u0437\u0432\u0438\u0432\u0430\u0435\u0442 \u044d\u043c\u043e\u0446\u0438\u043e\u043d\u0430\u043b\u044c\u043d\u043e\u0435 \u0440\u0430\u0437\u0432\u0438\u0442\u0438\u0435 \u0440\u0435\u0431\u0435\u043d\u043a\u0430, \u0432\u043e\u043e\u0431\u0440\u0430\u0436\u0435\u043d\u0438\u0435 \u0438 \u0443\u043c\u0435\u043d\u0438\u0435 \u0438\u0433\u0440\u0430\u0442\u044c.<\/p>\n<p>\u0420\u0435\u043a\u043e\u043c\u0435\u043d\u0434\u0443\u0435\u0442\u0441\u044f \u0434\u043b\u044f \u0434\u0435\u0442\u0435\u0439 \u0441\u0442\u0430\u0440\u0448\u0435 3 \u043b\u0435\u0442.<\/p>\n<p>\u041c\u0430\u0442\u0435\u0440\u0438\u0430\u043b: \u043a\u043e\u043c\u0431\u0438\u043d\u0438\u0440\u043e\u0432\u0430\u043d\u043d\u044b\u0435 \u043c\u0430\u0442\u0435\u0440\u0438\u0430\u043b\u044b: \u043f\u043e\u043b\u0438\u043c\u0435\u0440\u043d\u044b\u0435, PVC, ABS-\u043f\u043b\u0430\u0441\u0442\u0438\u043a, \u0442\u0435\u043a\u0441\u0442\u0438\u043b\u044c\u043d\u044b\u0435 \u0438 \u043f\u0440.<\/p>","protected":false},"excerpt":{"rendered":"<p>Face\u021bi cuno\u0219tin\u021b\u0103 cu frumuse\u021bile str\u0103lucitoare ale seriei \u201eO.M.G.\u201d. S8. Fetele vor s\u0103 surprind\u0103 \u00eentregul ora\u0219 cu stilul lor deosebit. Care<\/p>","protected":false},"featured_media":190672,"comment_status":"closed","ping_status":"closed","template":"..\/public\/views\/revslider-page-template.php","meta":{"_monsterinsights_skip_tracking":false,"_monsterinsights_sitenote_active":false,"_monsterinsights_sitenote_note":"","_monsterinsights_sitenote_category":0},"product_brand":[],"product_cat":[1635,55,1137,34,1117,1039,1074],"product_tag":[],"class_list":{"0":"post-190618","1":"product","2":"type-product","3":"status-publish","4":"has-post-thumbnail","6":"product_cat-personaje-papusi-casute","7":"product_cat-toate-produsele","8":"product_cat-jucarii","9":"product_cat-papusi-casute","10":"product_cat-papusi-si-seturi","11":"product_cat-eroii","12":"product_cat-l-o-l-surprise","14":"first","15":"instock","16":"shipping-taxable","17":"purchasable","18":"product-type-simple"},"_links":{"self":[{"href":"http:\/\/toystoys.md\/ru\/wp-json\/wp\/v2\/product\/190618","targetHints":{"allow":["GET"]}}],"collection":[{"href":"http:\/\/toystoys.md\/ru\/wp-json\/wp\/v2\/product"}],"about":[{"href":"http:\/\/toystoys.md\/ru\/wp-json\/wp\/v2\/types\/product"}],"replies":[{"embeddable":true,"href":"http:\/\/toystoys.md\/ru\/wp-json\/wp\/v2\/comments?post=190618"}],"wp:featuredmedia":[{"embeddable":true,"href":"http:\/\/toystoys.md\/ru\/wp-json\/wp\/v2\/media\/190672"}],"wp:attachment":[{"href":"http:\/\/toystoys.md\/ru\/wp-json\/wp\/v2\/media?parent=190618"}],"wp:term":[{"taxonomy":"product_brand","embeddable":true,"href":"http:\/\/toystoys.md\/ru\/wp-json\/wp\/v2\/product_brand?post=190618"},{"taxonomy":"product_cat","embeddable":true,"href":"http:\/\/toystoys.md\/ru\/wp-json\/wp\/v2\/product_cat?post=190618"},{"taxonomy":"product_tag","embeddable":true,"href":"http:\/\/toystoys.md\/ru\/wp-json\/wp\/v2\/product_tag?post=190618"}],"curies":[{"name":"wp","href":"https:\/\/api.w.org\/{rel}","templated":true}]}}