{"id":186166,"date":"2024-04-22T22:50:24","date_gmt":"2024-04-22T20:50:24","guid":{"rendered":""},"modified":"2025-01-21T15:16:25","modified_gmt":"2025-01-21T13:16:25","slug":"prod_194735181032_sc94182","status":"publish","type":"product","link":"http:\/\/toystoys.md\/ru\/shop\/prod_194735181032_sc94182\/","title":{"rendered":"\u041a\u043e\u043b\u043b\u0435\u043a\u0446\u0438\u043e\u043d\u043d\u0430\u044f \u043a\u0443\u043a\u043b\u0430 Barbie 65 Anniversary \u0431\u043b\u043e\u043d\u0434\u0438\u043d\u043a\u0430 \u0432 \u0447\u0435\u0440\u043d\u043e-\u0431\u0435\u043b\u043e\u043c \u043f\u043b\u0430\u0442\u044c\u0435 MATTEL"},"content":{"rendered":"<p>\u0421 1959 \u0433\u043e\u0434\u0430 \u0411\u0430\u0440\u0431\u0438 \u0432\u0434\u043e\u0445\u043d\u043e\u0432\u043b\u044f\u0435\u0442 \u0432\u043e\u043e\u0431\u0440\u0430\u0436\u0435\u043d\u0438\u0435 \u0438 \u043f\u043e\u043a\u043e\u043b\u0435\u043d\u0438\u044f \u043b\u044e\u0434\u0435\u0439 \u0432\u0435\u0440\u0438\u0442\u044c \u0432 \u0442\u043e, \u0447\u0442\u043e \u0432\u0441\u0435 \u0432\u043e\u0437\u043c\u043e\u0436\u043d\u043e. \u041e\u0442\u043c\u0435\u0447\u0430\u044f \u0441\u0432\u043e\u0439 65-\u0439 \u0434\u0435\u043d\u044c \u0440\u043e\u0436\u0434\u0435\u043d\u0438\u044f \u0441 Blue Sapphire, \u0411\u0430\u0440\u0431\u0438 \u043e\u0441\u043b\u0435\u043f\u0438\u0442\u0435\u043b\u044c\u043d\u0430 \u0432 \u0431\u0430\u043b\u044c\u043d\u043e\u043c \u0447\u0451\u0440\u043d\u043e-\u043f\u043b\u0430\u0442\u044c\u0435, \u043f\u0440\u043e\u0437\u0440\u0430\u0447\u043d\u043e\u0439 \u043d\u0438\u0436\u043d\u0435\u0439 \u044e\u0431\u043a\u0435 \u0438 \u0447\u0435\u0440\u043d\u044b\u0445 \u043f\u0435\u0440\u0447\u0430\u0442\u043a\u0430\u0445.<\/p>\n<p>\u041a\u043b\u0430\u0441\u0441\u0438\u0447\u0435\u0441\u043a\u043e\u0435 \u043f\u043b\u0430\u0442\u044c\u0435 \u043e\u0442 \u043a\u0443\u0442\u044e\u0440, \u0432\u0434\u043e\u0445\u043d\u043e\u0432\u043b\u0435\u043d\u043d\u043e\u0435 \u0431\u043e\u0433\u0430\u0442\u044b\u043c \u043c\u043e\u0434\u043d\u044b\u043c \u043d\u0430\u0441\u043b\u0435\u0434\u0438\u0435\u043c \u0431\u0440\u0435\u043d\u0434\u0430, \u043f\u0440\u0435\u0434\u0441\u0442\u0430\u0432\u043b\u044f\u0435\u0442 \u0441\u043e\u0431\u043e\u0439 \u0441\u043e\u0432\u0440\u0435\u043c\u0435\u043d\u043d\u0443\u044e \u0438\u043d\u0442\u0435\u0440\u043f\u0440\u0435\u0442\u0430\u0446\u0438\u044e \u043a\u0443\u043b\u044c\u0442\u043e\u0432\u043e\u0433\u043e \u043a\u0443\u043f\u0430\u043b\u044c\u043d\u0438\u043a\u0430 \u0411\u0430\u0440\u0431\u0438 \u0441 \u044f\u0440\u043a\u0438\u043c \u0433\u0440\u0430\u0444\u0438\u0447\u0435\u0441\u043a\u0438\u043c \u043f\u0440\u0438\u043d\u0442\u043e\u043c.<br \/>\n\u041e\u0431\u0440\u0430\u0437 \u0437\u0430\u0432\u043e\u0440\u0430\u0436\u0438\u0432\u0430\u0435\u0442: \u044d\u0444\u0444\u0435\u043a\u0442\u043d\u044b\u0439 \u0432\u044b\u0441\u043e\u043a\u0438\u0439 \u043a\u0430\u0441\u043a\u0430\u0434\u043d\u044b\u0439 \u0445\u0432\u043e\u0441\u0442 \u043e\u0442\u043a\u0440\u044b\u0432\u0430\u0435\u0442 \u0441\u0435\u0440\u044c\u0433\u0438 \u0441 \u0441\u0438\u043d\u0438\u043c\u0438 \u0441\u0430\u043f\u0444\u0438\u0440\u0430\u043c\u0438 \u0438 \u0433\u043b\u0443\u0431\u043e\u043a\u0438\u0439 \u0432\u0437\u0433\u043b\u044f\u0434, \u043f\u043e\u0434\u0447\u0435\u0440\u043a\u043d\u0443\u0442\u044b\u0439 \u0441\u0438\u043d\u0438\u043c \u043c\u0430\u043a\u0438\u044f\u0436\u0435\u043c \u043f\u043e\u0434 \u0448\u0438\u043a\u0430\u0440\u043d\u044b\u043c\u0438 \u0441\u043e\u043b\u043d\u0446\u0435\u0437\u0430\u0449\u0438\u0442\u043d\u044b\u043c\u0438 \u043e\u0447\u043a\u0430\u043c\u0438 \u00ab\u043a\u043e\u0448\u0430\u0447\u0438\u0439 \u0433\u043b\u0430\u0437\u00bb.<br \/>\n65 \u043b\u0435\u0442 \u0440\u0430\u0437\u0432\u043b\u0435\u0447\u0435\u043d\u0438\u0439, \u043c\u043e\u0434\u044b \u0438 \u0431\u0435\u0437\u0433\u0440\u0430\u043d\u0438\u0447\u043d\u044b\u0445 \u0432\u043e\u0437\u043c\u043e\u0436\u043d\u043e\u0441\u0442\u0435\u0439!<\/p>\n<p>\u0412\u043e\u0437\u0440\u0430\u0441\u0442: \u043e\u0442 6 \u043b\u0435\u0442.<br \/>\n\u0412\u044b\u0441\u043e\u0442\u0430 \u043a\u0443\u043a\u043b\u044b: 29 \u0441\u043c.<br \/>\n\u0413\u0430\u0431\u0430\u0440\u0438\u0442\u044b \u0443\u043f\u0430\u043a\u043e\u0432\u043a\u0438: 7 \u0445 17 \u0445 33 \u0441\u043c.<br \/>\n\u0411\u0440\u0435\u043d\u0434: Barbie.<br \/>\n\u041f\u0440\u043e\u0438\u0437\u0432\u043e\u0434\u0438\u0442\u0435\u043b\u044c: Mattel (\u0421\u0428\u0410).<\/p>","protected":false},"excerpt":{"rendered":"<p>Din 1959, Barbie a inspirat imagina\u021bia \u0219i genera\u021biile de oameni s\u0103 cread\u0103 c\u0103 orice este posibil. S\u0103rb\u0103torind cea de-a 65-a<\/p>","protected":false},"featured_media":186188,"comment_status":"closed","ping_status":"closed","template":"..\/public\/views\/revslider-page-template.php","meta":{"_monsterinsights_skip_tracking":false,"_monsterinsights_sitenote_active":false,"_monsterinsights_sitenote_note":"","_monsterinsights_sitenote_category":0},"product_brand":[],"product_cat":[1635,55,1137,34,1117,1039,1523],"product_tag":[],"class_list":{"0":"post-186166","1":"product","2":"type-product","3":"status-publish","4":"has-post-thumbnail","6":"product_cat-personaje-papusi-casute","7":"product_cat-toate-produsele","8":"product_cat-jucarii","9":"product_cat-papusi-casute","10":"product_cat-papusi-si-seturi","11":"product_cat-eroii","12":"product_cat-barbie-eroii","14":"first","15":"instock","16":"shipping-taxable","17":"purchasable","18":"product-type-simple"},"_links":{"self":[{"href":"http:\/\/toystoys.md\/ru\/wp-json\/wp\/v2\/product\/186166","targetHints":{"allow":["GET"]}}],"collection":[{"href":"http:\/\/toystoys.md\/ru\/wp-json\/wp\/v2\/product"}],"about":[{"href":"http:\/\/toystoys.md\/ru\/wp-json\/wp\/v2\/types\/product"}],"replies":[{"embeddable":true,"href":"http:\/\/toystoys.md\/ru\/wp-json\/wp\/v2\/comments?post=186166"}],"wp:featuredmedia":[{"embeddable":true,"href":"http:\/\/toystoys.md\/ru\/wp-json\/wp\/v2\/media\/186188"}],"wp:attachment":[{"href":"http:\/\/toystoys.md\/ru\/wp-json\/wp\/v2\/media?parent=186166"}],"wp:term":[{"taxonomy":"product_brand","embeddable":true,"href":"http:\/\/toystoys.md\/ru\/wp-json\/wp\/v2\/product_brand?post=186166"},{"taxonomy":"product_cat","embeddable":true,"href":"http:\/\/toystoys.md\/ru\/wp-json\/wp\/v2\/product_cat?post=186166"},{"taxonomy":"product_tag","embeddable":true,"href":"http:\/\/toystoys.md\/ru\/wp-json\/wp\/v2\/product_tag?post=186166"}],"curies":[{"name":"wp","href":"https:\/\/api.w.org\/{rel}","templated":true}]}}