{"id":181490,"date":"2024-03-25T16:27:06","date_gmt":"2024-03-25T14:27:06","guid":{"rendered":""},"modified":"2026-02-13T16:10:48","modified_gmt":"2026-02-13T14:10:48","slug":"prod_778988250761_sc93165","status":"publish","type":"product","link":"http:\/\/toystoys.md\/ru\/shop\/prod_778988250761_sc93165\/","title":{"rendered":"\u0424\u0438\u0433\u0443\u0440\u043a\u0430 Batman Adventures \u0441 16 \u0430\u043a\u0441\u0435\u0441\u0441\u0443\u0430\u0440\u0430\u043c\u0438 (30 \u0441\u043c) SPIN MASTER"},"content":{"rendered":"<p>\u042d\u0442\u0430 \u0434\u0438\u043d\u0430\u043c\u0438\u0447\u043d\u0430\u044f \u0444\u0438\u0433\u0443\u0440\u043a\u0430 \u0411\u044d\u0442\u043c\u0435\u043d\u0430 \u0438\u0434\u0435\u0430\u043b\u044c\u043d\u043e \u043f\u043e\u0434\u043e\u0439\u0434\u0435\u0442 \u0434\u0435\u0442\u044f\u043c \u0438 \u043a\u043e\u043b\u043b\u0435\u043a\u0446\u0438\u043e\u043d\u0435\u0440\u0430\u043c, \u043a\u043e\u0442\u043e\u0440\u044b\u0435 \u0445\u043e\u0442\u044f\u0442 \u043f\u043e\u0433\u0440\u0443\u0437\u0438\u0442\u044c\u0441\u044f \u0432 \u0437\u0430\u0445\u0432\u0430\u0442\u044b\u0432\u0430\u044e\u0449\u0438\u0439 \u043c\u0438\u0440 \u0438\u0433\u0440\u0443\u0448\u0435\u043a \u0411\u044d\u0442\u043c\u0435\u043d\u0430!<br \/>\n\u0411\u043b\u0430\u0433\u043e\u0434\u0430\u0440\u044f \u0432\u043f\u0435\u0447\u0430\u0442\u043b\u044f\u044e\u0449\u0438\u043c 17 \u0442\u043e\u0447\u043a\u0430\u043c \u0430\u0440\u0442\u0438\u043a\u0443\u043b\u044f\u0446\u0438\u0438, \u0434\u0435\u0442\u0430\u043b\u0438\u0437\u0438\u0440\u043e\u0432\u0430\u043d\u043d\u044b\u0435 \u0438 \u043f\u043e\u0434\u0432\u0438\u0436\u043d\u044b\u0435 \u0444\u0438\u0433\u0443\u0440\u043a\u0438 Batman Adventures \u0440\u0430\u0437\u043c\u0435\u0440\u043e\u043c 30 \u0441\u043c \u043b\u0435\u0433\u043a\u043e \u043c\u043e\u0433\u0443\u0442 \u043f\u0440\u0438\u043d\u0438\u043c\u0430\u0442\u044c \u0433\u0435\u0440\u043e\u0438\u0447\u0435\u0441\u043a\u0438\u0435 \u043f\u043e\u0437\u044b!<br \/>\n\u0414\u0435\u0442\u044f\u043c \u043f\u043e\u043d\u0440\u0430\u0432\u0438\u0442\u0441\u044f \u043f\u0440\u043e\u044f\u0432\u043b\u044f\u0442\u044c \u0442\u0432\u043e\u0440\u0447\u0435\u0441\u043a\u0438\u0439 \u043f\u043e\u0434\u0445\u043e\u0434 \u0438 \u043f\u0435\u0440\u0441\u043e\u043d\u0430\u043b\u0438\u0437\u0438\u0440\u043e\u0432\u0430\u0442\u044c \u0411\u044d\u0442\u043c\u0435\u043d\u0430 \u0441 \u043f\u043e\u043c\u043e\u0449\u044c\u044e 16 \u0432\u0445\u043e\u0434\u044f\u0449\u0438\u0445 \u0432 \u043a\u043e\u043c\u043f\u043b\u0435\u043a\u0442 \u0441\u043c\u0435\u043d\u043d\u044b\u0445 \u0430\u043a\u0441\u0435\u0441\u0441\u0443\u0430\u0440\u043e\u0432 \u0434\u043b\u044f \u0431\u0440\u043e\u043d\u0438.<br \/>\n\u0423\u043a\u0440\u0430\u0441\u044c\u0442\u0435 \u0441\u0432\u043e\u044e \u0444\u0438\u0433\u0443\u0440\u043a\u0443 \u0411\u044d\u0442\u043c\u0435\u043d\u0430 \u0441 \u043f\u043e\u043c\u043e\u0449\u044c\u044e \u043f\u043e\u0442\u0440\u044f\u0441\u0430\u044e\u0449\u0438\u0445 \u0433\u0430\u0434\u0436\u0435\u0442\u043e\u0432, \u0442\u0430\u043a\u0438\u0445 \u043a\u0430\u043a \u0431\u044d\u0442\u0430\u0440\u0430\u043d\u0433, \u043a\u0440\u044e\u043a \u0438 \u043c\u043d\u043e\u0433\u043e\u0435 \u0434\u0440\u0443\u0433\u043e\u0435!<br \/>\n\u0414\u0435\u0442\u0438 \u043b\u044e\u0431\u044f\u0442 \u0438\u0441\u043f\u043e\u043b\u044c\u0437\u043e\u0432\u0430\u0442\u044c \u0441\u0432\u043e\u0435 \u0432\u043e\u043e\u0431\u0440\u0430\u0436\u0435\u043d\u0438\u0435 \u0438 \u0441\u043e\u0437\u0434\u0430\u0432\u0430\u0442\u044c \u0441\u0432\u043e\u0438 \u0441\u043e\u0431\u0441\u0442\u0432\u0435\u043d\u043d\u044b\u0435 \u0438\u0441\u0442\u043e\u0440\u0438\u0438 \u0438 \u0441\u0446\u0435\u043d\u044b!<br \/>\n\u0421\u043e\u0431\u0435\u0440\u0438\u0442\u0435 \u0441\u0432\u043e\u044e \u043a\u043e\u043b\u043b\u0435\u043a\u0446\u0438\u044e \u0411\u044d\u0442\u043c\u0435\u043d\u0430 \u0432 \u0438\u0433\u0440\u0435 Batman vs. \u0424\u0438\u0433\u0443\u0440\u043a\u0438 \u0414\u0436\u043e\u043a\u0435\u0440\u0430, \u0411\u044d\u0442\u0446\u0438\u043a\u043b\u0430 \u0438 \u0411\u044d\u0442\u043c\u0435\u043d\u0430 \u0434\u043b\u044f \u0435\u0449\u0435 \u0431\u043e\u043b\u0435\u0435 \u0442\u0432\u043e\u0440\u0447\u0435\u0441\u043a\u043e\u0439 \u0438\u0433\u0440\u044b!<\/p>\n<p>\u0412\u043e\u0437\u0440\u0430\u0441\u0442: \u043e\u0442 3 \u043b\u0435\u0442.<br \/>\n\u0412\u044b\u0441\u043e\u0442\u0430 \u0444\u0438\u0433\u0443\u0440\u043a\u0438: 30 \u0441\u043c.<br \/>\n\u0412 \u043a\u043e\u043c\u043f\u043b\u0435\u043a\u0442 \u0432\u0445\u043e\u0434\u0438\u0442: 1 \u0444\u0438\u0433\u0443\u0440\u043a\u0430, 16 \u0430\u043a\u0441\u0435\u0441\u0441\u0443\u0430\u0440\u043e\u0432.<br \/>\n\u041f\u0440\u043e\u0438\u0437\u0432\u043e\u0434\u0438\u0442\u0435\u043b\u044c: Spin Master.<\/p>","protected":false},"excerpt":{"rendered":"<p>Aceast\u0103 figurin\u0103 Batman plin\u0103 de ac\u021biune este perfect\u0103 pentru copiii \u0219i colec\u021bionarii care doresc s\u0103 se cufunde \u00een lumea captivant\u0103<\/p>","protected":false},"featured_media":181516,"comment_status":"closed","ping_status":"closed","template":"","meta":{"_monsterinsights_skip_tracking":false,"_monsterinsights_sitenote_active":false,"_monsterinsights_sitenote_note":"","_monsterinsights_sitenote_category":0},"product_brand":[],"product_cat":[1615,55,1137,35,1039,1520],"product_tag":[],"class_list":{"0":"post-181490","1":"product","2":"type-product","3":"status-publish","4":"has-post-thumbnail","6":"product_cat-personaje-figuri-si-seturi","7":"product_cat-toate-produsele","8":"product_cat-jucarii","9":"product_cat-roboti-si-figurine","10":"product_cat-eroii","11":"product_cat-batman","13":"first","14":"instock","15":"shipping-taxable","16":"purchasable","17":"product-type-simple"},"_links":{"self":[{"href":"http:\/\/toystoys.md\/ru\/wp-json\/wp\/v2\/product\/181490","targetHints":{"allow":["GET"]}}],"collection":[{"href":"http:\/\/toystoys.md\/ru\/wp-json\/wp\/v2\/product"}],"about":[{"href":"http:\/\/toystoys.md\/ru\/wp-json\/wp\/v2\/types\/product"}],"replies":[{"embeddable":true,"href":"http:\/\/toystoys.md\/ru\/wp-json\/wp\/v2\/comments?post=181490"}],"wp:featuredmedia":[{"embeddable":true,"href":"http:\/\/toystoys.md\/ru\/wp-json\/wp\/v2\/media\/181516"}],"wp:attachment":[{"href":"http:\/\/toystoys.md\/ru\/wp-json\/wp\/v2\/media?parent=181490"}],"wp:term":[{"taxonomy":"product_brand","embeddable":true,"href":"http:\/\/toystoys.md\/ru\/wp-json\/wp\/v2\/product_brand?post=181490"},{"taxonomy":"product_cat","embeddable":true,"href":"http:\/\/toystoys.md\/ru\/wp-json\/wp\/v2\/product_cat?post=181490"},{"taxonomy":"product_tag","embeddable":true,"href":"http:\/\/toystoys.md\/ru\/wp-json\/wp\/v2\/product_tag?post=181490"}],"curies":[{"name":"wp","href":"https:\/\/api.w.org\/{rel}","templated":true}]}}