{"id":181106,"date":"2024-03-20T16:09:04","date_gmt":"2024-03-20T16:09:04","guid":{"rendered":""},"modified":"2024-03-21T13:46:28","modified_gmt":"2024-03-21T11:46:28","slug":"prod_9120007576948_sc93058","status":"publish","type":"product","link":"http:\/\/toystoys.md\/ru\/shop\/prod_9120007576948_sc93058\/","title":{"rendered":"\u041f\u043e\u043b\u043e\u0442\u0435\u043d\u0446\u0435 (\u043f\u043e\u043d\u0447\u043e) \u0434\u043b\u044f \u0432\u0430\u043d\u043d\u043e\u0439 \u0410\u043a\u0443\u043b\u0430 FURNIS"},"content":{"rendered":"<p>\u041f\u043e\u0441\u043b\u0435 \u0434\u0443\u0448\u0430, \u0432\u0430\u043d\u043d\u044b \u0438\u043b\u0438 \u043a\u0443\u043f\u0430\u043d\u0438\u044f \u0432 \u0431\u0430\u0441\u0441\u0435\u0439\u043d\u0435 \u2014 \u044d\u0442\u043e \u043e\u0440\u0433\u0430\u043d\u0438\u0447\u0435\u0441\u043a\u043e\u0435 \u043f\u043e\u043d\u0447\u043e \u0434\u043b\u044f \u0434\u0435\u0442\u0435\u0439 \u043e\u0442 \u0434\u0432\u0443\u0445 \u0434\u043e \u0448\u0435\u0441\u0442\u0438 \u043b\u0435\u0442 \u0431\u044b\u0441\u0442\u0440\u043e \u0441\u043e\u0433\u0440\u0435\u0435\u0442 \u0438 \u0432\u044b\u0441\u0443\u0448\u0438\u0442 \u0432\u0430\u0448\u0435\u0433\u043e \u0440\u0435\u0431\u0435\u043d\u043a\u0430.<br \/>\n\u0412\u044b\u0441\u043e\u043a\u043e\u043a\u0430\u0447\u0435\u0441\u0442\u0432\u0435\u043d\u043d\u044b\u0439 \u043c\u0430\u0442\u0435\u0440\u0438\u0430\u043b \u0434\u0435\u043b\u0430\u0435\u0442 \u0435\u0433\u043e \u043f\u0440\u0438\u044f\u0442\u043d\u044b\u043c \u0434\u043b\u044f \u043a\u043e\u0436\u0438, \u043f\u0440\u043e\u0447\u043d\u044b\u043c \u0438 \u0438\u0434\u0435\u0430\u043b\u044c\u043d\u044b\u043c \u0434\u043b\u044f \u0432\u0430\u0448\u0435\u0433\u043e \u0440\u0435\u0431\u0435\u043d\u043a\u0430!<br \/>\n\u0422\u0430\u043a \u043a\u0443\u043f\u0430\u0442\u044c\u0441\u044f \u0438 \u043c\u044b\u0442\u044c\u0441\u044f \u0433\u043e\u0440\u0430\u0437\u0434\u043e \u0432\u0435\u0441\u0435\u043b\u0435\u0435!<\/p>","protected":false},"excerpt":{"rendered":"<p>Dup\u0103 un du\u0219, baie sau stropire \u00een piscin\u0103, acest poncho organic pentru v\u00e2rste \u00eentre doi \u0219i \u0219ase ani v\u0103 va<\/p>","protected":false},"featured_media":181146,"comment_status":"closed","ping_status":"closed","template":"..\/public\/views\/revslider-page-template.php","meta":{"_monsterinsights_skip_tracking":false,"_monsterinsights_sitenote_active":false,"_monsterinsights_sitenote_note":"","_monsterinsights_sitenote_category":0},"product_brand":[],"product_cat":[55,1141,50,1108],"product_tag":[],"class_list":{"0":"post-181106","1":"product","2":"type-product","3":"status-publish","4":"has-post-thumbnail","6":"product_cat-toate-produsele","7":"product_cat-produse-pentru-bebelusi","8":"product_cat-iginina","9":"product_cat-camera-de-baie-si-wc","11":"first","12":"outofstock","13":"shipping-taxable","14":"purchasable","15":"product-type-simple"},"_links":{"self":[{"href":"http:\/\/toystoys.md\/ru\/wp-json\/wp\/v2\/product\/181106","targetHints":{"allow":["GET"]}}],"collection":[{"href":"http:\/\/toystoys.md\/ru\/wp-json\/wp\/v2\/product"}],"about":[{"href":"http:\/\/toystoys.md\/ru\/wp-json\/wp\/v2\/types\/product"}],"replies":[{"embeddable":true,"href":"http:\/\/toystoys.md\/ru\/wp-json\/wp\/v2\/comments?post=181106"}],"wp:featuredmedia":[{"embeddable":true,"href":"http:\/\/toystoys.md\/ru\/wp-json\/wp\/v2\/media\/181146"}],"wp:attachment":[{"href":"http:\/\/toystoys.md\/ru\/wp-json\/wp\/v2\/media?parent=181106"}],"wp:term":[{"taxonomy":"product_brand","embeddable":true,"href":"http:\/\/toystoys.md\/ru\/wp-json\/wp\/v2\/product_brand?post=181106"},{"taxonomy":"product_cat","embeddable":true,"href":"http:\/\/toystoys.md\/ru\/wp-json\/wp\/v2\/product_cat?post=181106"},{"taxonomy":"product_tag","embeddable":true,"href":"http:\/\/toystoys.md\/ru\/wp-json\/wp\/v2\/product_tag?post=181106"}],"curies":[{"name":"wp","href":"https:\/\/api.w.org\/{rel}","templated":true}]}}