{"id":180353,"date":"2024-03-13T11:16:17","date_gmt":"2024-03-13T09:16:17","guid":{"rendered":""},"modified":"2025-09-04T08:32:54","modified_gmt":"2025-09-04T06:32:54","slug":"prod_4840437601090_sc92925","status":"publish","type":"product","link":"http:\/\/toystoys.md\/ru\/shop\/prod_4840437601090_sc92925\/","title":{"rendered":"\u041f\u043b\u044e\u0448\u0435\u0432\u0430\u044f \u0438\u0433\u0440\u0443\u0448\u043a\u0430 \u0421\u043e\u0431\u0430\u043a\u0430-\u043f\u043e\u0434\u0443\u0448\u043a\u0430 80\u0441\u043c Stip"},"content":{"rendered":"<p>\u0411\u043b\u0430\u0433\u043e\u0434\u0430\u0440\u044f \u0441\u0432\u043e\u0435\u043c\u0443 \u0434\u0438\u0437\u0430\u0439\u043d\u0443 \u044f\u0440\u043a\u0438\u0435 \u043f\u043b\u044e\u0448\u0435\u0432\u044b\u0435 \u0438\u0433\u0440\u0443\u0448\u043a\u0438 Stip \u043f\u0440\u0438\u0432\u043b\u0435\u043a\u0443\u0442 \u0432\u043d\u0438\u043c\u0430\u043d\u0438\u0435 \u043b\u044e\u0431\u043e\u0433\u043e \u043c\u0430\u043b\u044c\u0447\u0438\u0448\u043a\u0438 \u0438\u043b\u0438 \u0434\u0435\u0432\u0447\u043e\u043d\u043a\u0438. \u0421\u043f\u0435\u0446\u0438\u0430\u043b\u0438\u0441\u0442\u044b \u0443\u0442\u0432\u0435\u0440\u0436\u0434\u0430\u044e\u0442, \u0447\u0442\u043e \u043c\u044f\u0433\u043a\u0438\u0435 \u0438\u0433\u0440\u0443\u0448\u043a\u0438 \u0441\u043f\u043e\u0441\u043e\u0431\u043d\u044b \u043d\u0435 \u0442\u043e\u043b\u044c\u043a\u043e \u0440\u0430\u0437\u0432\u0438\u0442\u044c \u0432\u043e\u043e\u0431\u0440\u0430\u0436\u0435\u043d\u0438\u0435 \u043c\u0430\u043b\u044b\u0448\u0430, \u043d\u043e \u0442\u0430\u043a\u0436\u0435 \u043d\u0430\u0443\u0447\u0438\u0442\u044c \u0432\u044b\u0440\u0430\u0436\u0430\u0442\u044c \u044d\u043c\u043e\u0446\u0438\u0438 \u0438 \u043f\u0440\u043e\u044f\u0432\u043b\u044f\u0442\u044c \u0437\u0430\u0431\u043e\u0442\u0443. \u041f\u043e\u0442\u043e\u043c\u0443 \u0432\u0430\u0436\u043d\u043e, \u0447\u0442\u043e\u0431\u044b \u0438\u0437\u0434\u0435\u043b\u0438\u044f \u0431\u044b\u043b\u0438 \u043f\u0440\u0430\u043a\u0442\u0438\u0447\u043d\u044b\u043c\u0438, \u043a\u0440\u0430\u0441\u0438\u0432\u044b\u043c\u0438 \u0438, \u0433\u043b\u0430\u0432\u043d\u043e\u0435, \u0431\u0435\u0437\u043e\u043f\u0430\u0441\u043d\u044b\u043c\u0438.<\/p>\n<p>\u0418\u0433\u0440\u0443\u0448\u0435\u0447\u043d\u044b\u0439 \u0434\u0440\u0443\u0433 \u043f\u043e\u043c\u043e\u0436\u0435\u0442 \u0440\u0435\u0431\u0451\u043d\u043a\u0443 \u0440\u0430\u0437\u0432\u0438\u0442\u044c \u043c\u0435\u043b\u043a\u0443\u044e \u043c\u043e\u0442\u043e\u0440\u0438\u043a\u0443, \u044d\u043c\u043e\u0446\u0438\u043e\u043d\u0430\u043b\u044c\u043d\u044b\u0439 \u0438\u043d\u0442\u0435\u043b\u043b\u0435\u043a\u0442 \u0438 \u0432\u043e\u043e\u0431\u0440\u0430\u0436\u0435\u043d\u0438\u0435. \u0410 \u0435\u0449\u0451 \u043d\u0430\u0443\u0447\u0438\u0442\u044c \u043f\u0440\u043e\u044f\u0432\u043b\u044f\u0442\u044c \u0441\u0432\u043e\u0438 \u044d\u043c\u043e\u0446\u0438\u0438 \u0438 \u0437\u0430\u0431\u043e\u0442\u0438\u0442\u044c\u0441\u044f \u043e \u0431\u043b\u0438\u0436\u043d\u0438\u0445.<\/p>\n<p>\u0420\u0430\u0437\u043c\u0435\u0440 \u0438\u0433\u0440\u0443\u0448\u043a\u0438: 80 \u0441\u043c.<br \/>\n\u0420\u0435\u043a\u043e\u043c\u0435\u043d\u0434\u0443\u0435\u043c\u044b\u0439 \u0432\u043e\u0437\u0440\u0430\u0441\u0442: \u043e\u0442 3 \u043b\u0435\u0442.<\/p>","protected":false},"excerpt":{"rendered":"<p>Juc\u0103riile de plu\u0219 colorate ale lui Stip vor atrage aten\u021bia oric\u0103rui b\u0103iat sau fat\u0103 datorit\u0103 designului lor. Exper\u021bii spun c\u0103<\/p>","protected":false},"featured_media":180359,"comment_status":"closed","ping_status":"closed","template":"..\/public\/views\/revslider-page-template.php","meta":{"_monsterinsights_skip_tracking":false,"_monsterinsights_sitenote_active":false,"_monsterinsights_sitenote_note":"","_monsterinsights_sitenote_category":0},"product_brand":[],"product_cat":[55,1137,46,1551,1554],"product_tag":[],"class_list":{"0":"post-180353","1":"product","2":"type-product","3":"status-publish","4":"has-post-thumbnail","6":"product_cat-toate-produsele","7":"product_cat-jucarii","8":"product_cat-jucarii-de-plus","9":"product_cat-animale","10":"product_cat-jucarie-perna","12":"first","13":"instock","14":"shipping-taxable","15":"purchasable","16":"product-type-simple"},"_links":{"self":[{"href":"http:\/\/toystoys.md\/ru\/wp-json\/wp\/v2\/product\/180353","targetHints":{"allow":["GET"]}}],"collection":[{"href":"http:\/\/toystoys.md\/ru\/wp-json\/wp\/v2\/product"}],"about":[{"href":"http:\/\/toystoys.md\/ru\/wp-json\/wp\/v2\/types\/product"}],"replies":[{"embeddable":true,"href":"http:\/\/toystoys.md\/ru\/wp-json\/wp\/v2\/comments?post=180353"}],"wp:featuredmedia":[{"embeddable":true,"href":"http:\/\/toystoys.md\/ru\/wp-json\/wp\/v2\/media\/180359"}],"wp:attachment":[{"href":"http:\/\/toystoys.md\/ru\/wp-json\/wp\/v2\/media?parent=180353"}],"wp:term":[{"taxonomy":"product_brand","embeddable":true,"href":"http:\/\/toystoys.md\/ru\/wp-json\/wp\/v2\/product_brand?post=180353"},{"taxonomy":"product_cat","embeddable":true,"href":"http:\/\/toystoys.md\/ru\/wp-json\/wp\/v2\/product_cat?post=180353"},{"taxonomy":"product_tag","embeddable":true,"href":"http:\/\/toystoys.md\/ru\/wp-json\/wp\/v2\/product_tag?post=180353"}],"curies":[{"name":"wp","href":"https:\/\/api.w.org\/{rel}","templated":true}]}}