{"id":180258,"date":"2024-03-12T13:53:03","date_gmt":"2024-03-12T11:53:03","guid":{"rendered":"https:\/\/toystoys.md\/shop\/prod_8009233649804_sc92829\/"},"modified":"2024-03-14T10:56:21","modified_gmt":"2024-03-14T08:56:21","slug":"prod_8009233649804_sc92829","status":"publish","type":"product","link":"http:\/\/toystoys.md\/ru\/shop\/prod_8009233649804_sc92829\/","title":{"rendered":"\u041d\u0430\u0431\u043e\u0440 \u0434\u043b\u044f \u0442\u0432\u043e\u0440\u0447\u0435\u0441\u0442\u0432\u0430 \u0432 \u0447\u0435\u043c\u043e\u0434\u0430\u043d\u0447\u0438\u043a\u0435 LOL, Multiprint"},"content":{"rendered":"<p>\u0414\u0435\u0442\u0438 \u0441 \u0443\u0434\u043e\u0432\u043e\u043b\u044c\u0441\u0442\u0432\u0438\u0435\u043c \u0431\u0443\u0434\u0443\u0442 \u0447\u0430\u0441\u0430\u043c\u0438 \u0440\u0430\u0441\u043a\u0440\u0430\u0448\u0438\u0432\u0430\u0442\u044c \u043b\u044e\u0431\u0438\u043c\u044b\u0445 \u043f\u0435\u0440\u0441\u043e\u043d\u0430\u0436\u0435\u0439, \u0430 \u0431\u043b\u0430\u0433\u043e\u0434\u0430\u0440\u044f \u0442\u0435\u043b\u0435\u0441\u043a\u043e\u043f\u0438\u0447\u0435\u0441\u043a\u043e\u0439 \u0440\u0443\u0447\u043a\u0435, \u043a\u0430\u043a \u0443 \u043d\u0430\u0441\u0442\u043e\u044f\u0449\u0435\u0433\u043e \u0447\u0435\u043c\u043e\u0434\u0430\u043d\u0430, \u0441\u043c\u043e\u0433\u0443\u0442 \u0431\u0440\u0430\u0442\u044c \u044d\u0442\u043e\u0442 \u0447\u0435\u043c\u043e\u0434\u0430\u043d \u0441 \u0441\u043e\u0431\u043e\u0439 \u0434\u0430\u0436\u0435 \u043d\u0430 \u043f\u0440\u043e\u0433\u0443\u043b\u043a\u0443.<\/p>\n<p>\u0425\u0430\u0440\u0430\u043a\u0442\u0435\u0440\u0438\u0441\u0442\u0438\u043a\u0438:<br \/>\n- \u041f\u0435\u0447\u0430\u0442\u0438 \u0438\u0437\u0433\u043e\u0442\u043e\u0432\u043b\u0435\u043d\u044b \u0438\u0437 \u0434\u0435\u0440\u0435\u0432\u0430 \u0438 \u043d\u0430\u0442\u0443\u0440\u0430\u043b\u044c\u043d\u043e\u0433\u043e \u043a\u0430\u0443\u0447\u0443\u043a\u0430, \u043a\u043e\u0442\u043e\u0440\u044b\u0435 \u043d\u0435\u0442\u043e\u043a\u0441\u0438\u0447\u043d\u044b \u0438 \u0431\u0435\u0440\u0435\u0436\u043d\u043e \u043e\u0442\u043d\u043e\u0441\u044f\u0442\u0441\u044f \u043a \u043e\u043a\u0440\u0443\u0436\u0430\u044e\u0449\u0435\u0439 \u0441\u0440\u0435\u0434\u0435.<br \/>\n-  \u0411\u0435\u0437\u043e\u043f\u0430\u0441\u043d\u043e \u0438 \u043f\u0440\u043e\u0432\u0435\u0440\u0435\u043d\u043e \u0430\u043a\u043a\u0440\u0435\u0434\u0438\u0442\u043e\u0432\u0430\u043d\u043d\u044b\u043c\u0438 \u0435\u0432\u0440\u043e\u043f\u0435\u0439\u0441\u043a\u0438\u043c\u0438 \u043b\u0430\u0431\u043e\u0440\u0430\u0442\u043e\u0440\u0438\u044f\u043c\u0438.<br \/>\n- \u0418\u0434\u0435\u0430\u043b\u044c\u043d\u044b\u0439 \u0438\u043d\u0441\u0442\u0440\u0443\u043c\u0435\u043d\u0442 \u0434\u043b\u044f \u043e\u0431\u0443\u0447\u0435\u043d\u0438\u044f \u0432\u0430\u0448\u0435\u0433\u043e \u0440\u0435\u0431\u0435\u043d\u043a\u0430 \u0438\u0441\u043a\u0443\u0441\u0441\u0442\u0432\u0443.<br \/>\n- \u041f\u043e\u043e\u0449\u0440\u044f\u0435\u0442 \u0442\u0432\u043e\u0440\u0447\u0435\u0441\u043a\u0438\u0435 \u0441\u043f\u043e\u0441\u043e\u0431\u043d\u043e\u0441\u0442\u0438, \u043c\u0435\u043b\u043a\u0443\u044e \u043c\u043e\u0442\u043e\u0440\u0438\u043a\u0443, \u0437\u0440\u0438\u0442\u0435\u043b\u044c\u043d\u043e-\u043c\u043e\u0442\u043e\u0440\u043d\u0443\u044e \u043a\u043e\u043e\u0440\u0434\u0438\u043d\u0430\u0446\u0438\u044e, \u043f\u043e\u0432\u0435\u0441\u0442\u0432\u043e\u0432\u0430\u0442\u0435\u043b\u044c\u043d\u043e\u0435 \u043c\u044b\u0448\u043b\u0435\u043d\u0438\u0435 \u0438 \u0442\u0432\u043e\u0440\u0447\u0435\u0441\u043a\u043e\u0435 \u0441\u0430\u043c\u043e\u0432\u044b\u0440\u0430\u0436\u0435\u043d\u0438\u0435.<br \/>\n- \u041d\u0430\u0441\u043b\u0430\u0436\u0434\u0430\u0439\u0442\u0435\u0441\u044c \u0440\u0430\u0441\u043a\u0440\u0430\u0448\u0438\u0432\u0430\u043d\u0438\u0435\u043c \u043b\u044e\u0431\u0438\u043c\u044b\u0445 \u043f\u0435\u0440\u0441\u043e\u043d\u0430\u0436\u0435\u0439 \u0441 \u043f\u043e\u043c\u043e\u0449\u044c\u044e \u0434\u0435\u0442\u0441\u043a\u0438\u0445 \u0442\u0440\u0430\u0444\u0430\u0440\u0435\u0442\u043e\u0432 Multiprint!<br \/>\n- \u0418\u0434\u0435\u0430\u043b\u044c\u043d\u043e \u043f\u043e\u0434\u0445\u043e\u0434\u0438\u0442 \u0432 \u043a\u0430\u0447\u0435\u0441\u0442\u0432\u0435 \u0434\u0435\u0442\u0441\u043a\u0438\u0445 \u0433\u0430\u0434\u0436\u0435\u0442\u043e\u0432 \u0438 \u043f\u043e\u0434\u0430\u0440\u043a\u043e\u0432 \u043d\u0430 \u0434\u0435\u043d\u044c \u0440\u043e\u0436\u0434\u0435\u043d\u0438\u044f, \u0441\u0443\u0432\u0435\u043d\u0438\u0440\u043e\u0432 \u0432 \u043a\u043e\u043d\u0446\u0435 \u0432\u0435\u0447\u0435\u0440\u0438\u043d\u043a\u0438, \u0438\u0433\u0440\u0443\u0448\u0435\u043a \u0434\u043b\u044f \u0432\u0435\u0447\u0435\u0440\u0438\u043d\u043e\u043a, \u0440\u043e\u0436\u0434\u0435\u0441\u0442\u0432\u0435\u043d\u0441\u043a\u0438\u0445 \u043f\u043e\u0434\u0430\u0440\u043a\u043e\u0432 \u0438 \u0438\u0433\u0440 \u0434\u043b\u044f \u0430\u0434\u0432\u0435\u043d\u0442-\u043a\u0430\u043b\u0435\u043d\u0434\u0430\u0440\u0435\u0439.<br \/>\n- \u041f\u043b\u0430\u0441\u0442\u0438\u043a\u043e\u0432\u044b\u0439 \u0447\u0435\u043c\u043e\u0434\u0430\u043d \u0441 \u0432\u044b\u0434\u0432\u0438\u0436\u043d\u043e\u0439 \u0440\u0443\u0447\u043a\u043e\u0439.<br \/>\n- \u0421\u0434\u0435\u043b\u0430\u043d\u043e \u0432 \u0418\u0442\u0430\u043b\u0438\u0438.<\/p>","protected":false},"excerpt":{"rendered":"<p>Copiii se vor distra petrec\u00e2nd ore \u00eentregi color\u00e2ndu-\u0219i personajele preferate \u0219i vor putea lua aceasta valiza cu ei chiar \u0219i<\/p>","protected":false},"featured_media":180339,"comment_status":"closed","ping_status":"closed","template":"..\/public\/views\/revslider-page-template.php","meta":{"_monsterinsights_skip_tracking":false,"_monsterinsights_sitenote_active":false,"_monsterinsights_sitenote_note":"","_monsterinsights_sitenote_category":0},"product_brand":[],"product_cat":[55,1137,117,1039,1074],"product_tag":[],"class_list":{"0":"post-180258","1":"product","2":"type-product","3":"status-publish","4":"has-post-thumbnail","6":"product_cat-toate-produsele","7":"product_cat-jucarii","8":"product_cat-seturi-pentru-creatie","9":"product_cat-eroii","10":"product_cat-l-o-l-surprise","12":"first","13":"outofstock","14":"shipping-taxable","15":"purchasable","16":"product-type-simple"},"_links":{"self":[{"href":"http:\/\/toystoys.md\/ru\/wp-json\/wp\/v2\/product\/180258","targetHints":{"allow":["GET"]}}],"collection":[{"href":"http:\/\/toystoys.md\/ru\/wp-json\/wp\/v2\/product"}],"about":[{"href":"http:\/\/toystoys.md\/ru\/wp-json\/wp\/v2\/types\/product"}],"replies":[{"embeddable":true,"href":"http:\/\/toystoys.md\/ru\/wp-json\/wp\/v2\/comments?post=180258"}],"wp:featuredmedia":[{"embeddable":true,"href":"http:\/\/toystoys.md\/ru\/wp-json\/wp\/v2\/media\/180339"}],"wp:attachment":[{"href":"http:\/\/toystoys.md\/ru\/wp-json\/wp\/v2\/media?parent=180258"}],"wp:term":[{"taxonomy":"product_brand","embeddable":true,"href":"http:\/\/toystoys.md\/ru\/wp-json\/wp\/v2\/product_brand?post=180258"},{"taxonomy":"product_cat","embeddable":true,"href":"http:\/\/toystoys.md\/ru\/wp-json\/wp\/v2\/product_cat?post=180258"},{"taxonomy":"product_tag","embeddable":true,"href":"http:\/\/toystoys.md\/ru\/wp-json\/wp\/v2\/product_tag?post=180258"}],"curies":[{"name":"wp","href":"https:\/\/api.w.org\/{rel}","templated":true}]}}