{"id":180237,"date":"2024-03-12T13:51:54","date_gmt":"2024-03-12T11:51:54","guid":{"rendered":""},"modified":"2024-03-13T14:18:45","modified_gmt":"2024-03-13T12:18:45","slug":"prod_8009233329805_sc92789","status":"publish","type":"product","link":"http:\/\/toystoys.md\/ru\/shop\/prod_8009233329805_sc92789\/","title":{"rendered":"\u041d\u0430\u0431\u043e\u0440 \u0434\u043b\u044f \u0442\u0432\u043e\u0440\u0447\u0435\u0441\u0442\u0432\u0430 \u0432 \u0444\u043e\u0440\u043c\u0435 \u044f\u0439\u0446\u0430 Lol, Multiprint"},"content":{"rendered":"<p>\u041d\u0430\u0431\u043e\u0440 \u043f\u0435\u0447\u0430\u0442\u0435\u0439 \u0434\u043b\u044f \u0434\u0435\u0442\u0435\u0439 \u0441 \u043c\u043d\u043e\u0436\u0435\u0441\u0442\u0432\u043e\u043c \u0430\u043a\u0441\u0435\u0441\u0441\u0443\u0430\u0440\u043e\u0432 \u0443\u043f\u0430\u043a\u043e\u0432\u0430\u043d \u0432 \u043e\u0440\u0438\u0433\u0438\u043d\u0430\u043b\u044c\u043d\u0443\u044e \u043a\u043e\u0440\u043e\u0431\u043a\u0443 \u0432 \u0444\u043e\u0440\u043c\u0435 \u044f\u0439\u0446\u0430!<br \/>\n\u0421 \u044d\u0442\u0438\u043c \u0430\u043a\u0441\u0435\u0441\u0441\u0443\u0430\u0440\u043e\u043c \u043d\u0435\u0442 \u043f\u0440\u0435\u0434\u0435\u043b\u0430 \u0442\u0432\u043e\u0440\u0447\u0435\u0441\u0442\u0432\u0443.<\/p>\n<p>\u0412 \u043d\u0430\u0431\u043e\u0440 \u0432\u0445\u043e\u0434\u0438\u0442:<br \/>\n- 2 \u0434\u0435\u0440\u0435\u0432\u044f\u043d\u043d\u044b\u0445 \u0438 \u0440\u0435\u0437\u0438\u043d\u043e\u0432\u044b\u0445 \u0448\u0442\u0430\u043c\u043f\u0430<br \/>\n- 1 \u0431\u043b\u043e\u043a\u043d\u043e\u0442 \u0441 \u0447\u0435\u0440\u043d\u0438\u043b\u0430\u043c\u0438<br \/>\n- 3 \u043c\u0430\u0440\u043a\u0435\u0440\u0430<br \/>\n- 3 \u043a\u0430\u0440\u0430\u043d\u0434\u0430\u0448\u0430<br \/>\n- 30 \u043d\u0430\u043a\u043b\u0435\u0435\u043a<br \/>\n- 1 \u0431\u0443\u043a\u043b\u0435\u0442 \u0441 \u0437\u0430\u0434\u0430\u043d\u0438\u044f\u043c\u0438<\/p>","protected":false},"excerpt":{"rendered":"<p>Jocul de \u0219tampile pentru copii cu o mul\u021bime de accesorii ambalate \u00eentr-o cutie original\u0103 \u00een form\u0103 de &#8222;ou&#8221;! Cu acest<\/p>","protected":false},"featured_media":180267,"comment_status":"closed","ping_status":"closed","template":"..\/public\/views\/revslider-page-template.php","meta":{"_monsterinsights_skip_tracking":false,"_monsterinsights_sitenote_active":false,"_monsterinsights_sitenote_note":"","_monsterinsights_sitenote_category":0},"product_brand":[],"product_cat":[55,1137,117,1039,1074],"product_tag":[],"class_list":{"0":"post-180237","1":"product","2":"type-product","3":"status-publish","4":"has-post-thumbnail","6":"product_cat-toate-produsele","7":"product_cat-jucarii","8":"product_cat-seturi-pentru-creatie","9":"product_cat-eroii","10":"product_cat-l-o-l-surprise","12":"first","13":"outofstock","14":"shipping-taxable","15":"purchasable","16":"product-type-simple"},"_links":{"self":[{"href":"http:\/\/toystoys.md\/ru\/wp-json\/wp\/v2\/product\/180237","targetHints":{"allow":["GET"]}}],"collection":[{"href":"http:\/\/toystoys.md\/ru\/wp-json\/wp\/v2\/product"}],"about":[{"href":"http:\/\/toystoys.md\/ru\/wp-json\/wp\/v2\/types\/product"}],"replies":[{"embeddable":true,"href":"http:\/\/toystoys.md\/ru\/wp-json\/wp\/v2\/comments?post=180237"}],"wp:featuredmedia":[{"embeddable":true,"href":"http:\/\/toystoys.md\/ru\/wp-json\/wp\/v2\/media\/180267"}],"wp:attachment":[{"href":"http:\/\/toystoys.md\/ru\/wp-json\/wp\/v2\/media?parent=180237"}],"wp:term":[{"taxonomy":"product_brand","embeddable":true,"href":"http:\/\/toystoys.md\/ru\/wp-json\/wp\/v2\/product_brand?post=180237"},{"taxonomy":"product_cat","embeddable":true,"href":"http:\/\/toystoys.md\/ru\/wp-json\/wp\/v2\/product_cat?post=180237"},{"taxonomy":"product_tag","embeddable":true,"href":"http:\/\/toystoys.md\/ru\/wp-json\/wp\/v2\/product_tag?post=180237"}],"curies":[{"name":"wp","href":"https:\/\/api.w.org\/{rel}","templated":true}]}}