{"id":179415,"date":"2024-03-10T11:11:29","date_gmt":"2024-03-10T09:11:29","guid":{"rendered":"https:\/\/toystoys.md\/shop\/prod_8693461160158_sc92836\/"},"modified":"2024-03-19T12:25:02","modified_gmt":"2024-03-19T10:25:02","slug":"prod_8693461160158_sc92836","status":"publish","type":"product","link":"http:\/\/toystoys.md\/ru\/shop\/prod_8693461160158_sc92836\/","title":{"rendered":"\u041c\u0430\u0448\u0438\u043d\u043a\u0430-\u043a\u0430\u0442\u0430\u043b\u043a\u0430 c \u0441\u043e\u0440\u0442\u0435\u0440\u043e\u043c Pilsan"},"content":{"rendered":"<p>\u041c\u0430\u0448\u0438\u043d\u043a\u0430-\u043a\u0430\u0442\u0430\u043b\u043a\u0430 c \u0441\u043e\u0440\u0442\u0435\u0440\u043e\u043c, \u043f\u0440\u0435\u0434\u043d\u0430\u0437\u043d\u0430\u0447\u0435\u043d\u0430 \u0434\u043b\u044f \u0434\u0435\u0442\u0435\u0439 \u043e\u0442 1 \u0433\u043e\u0434\u0430.\n\n\u0422\u043e\u043b\u043e\u043a\u0430\u0440 \u043d\u0435\u0431\u043e\u043b\u044c\u0448\u0438\u0445, \u043a\u043e\u043c\u043f\u0430\u043a\u0442\u043d\u044b\u0445 \u0440\u0430\u0437\u043c\u0435\u0440\u043e\u0432, \u043d\u043e \u0441\u0442\u043e\u0439\u043a\u0438\u0439. \u041a\u0430\u0442\u0430\u043b\u043a\u0430 \u043e\u0441\u043d\u0430\u0449\u0435\u043d\u0430 \u0443\u0434\u043e\u0431\u043d\u044b\u043c \u0441\u0438\u0434\u0435\u043d\u0438\u0435\u043c \u0441 \u0441\u043e\u0440\u0442\u0435\u0440\u043e\u043c, \u0430 \u043f\u043e\u0434 \u043d\u0438\u043c \u0440\u0430\u0441\u043f\u043e\u043b\u043e\u0436\u0435\u043d \u0432\u043c\u0435\u0441\u0442\u0438\u0442\u0435\u043b\u044c\u043d\u044b\u0439 \u0431\u0430\u0433\u0430\u0436\u043d\u0438\u043a. \u0420\u0443\u043b\u044c \u043e\u0441\u043d\u0430\u0449\u0435\u043d \u043a\u043b\u0430\u043a\u0441\u043e\u043d\u043e\u043c. \u0421\u0437\u0430\u0434\u0438 \u043c\u0430\u0448\u0438\u043d\u043a\u0438 \u043f\u0440\u0435\u0434\u0443\u0441\u043c\u043e\u0442\u0440\u0435\u043d\u0430 \u0432\u044b\u0441\u043e\u043a\u0430\u044f \u0441\u043f\u0438\u043d\u043a\u0430-\u0440\u0443\u0447\u043a\u0430, \u043d\u0430 \u043a\u043e\u0442\u043e\u0440\u0443\u044e \u043c\u0430\u043b\u044b\u0448 \u043c\u043e\u0436\u0435\u0442 \u043e\u043f\u0438\u0440\u0430\u0442\u044c\u0441\u044f.<\/p>\n<p>- \u0420\u0435\u043a\u043e\u043c\u0435\u043d\u0434\u0443\u0435\u043c\u044b\u0439 \u0432\u043e\u0437\u0440\u0430\u0441\u0442: 1+<br \/>\n- \u041c\u0430\u043a\u0441\u0438\u043c\u0430\u043b\u044c\u043d\u0430\u044f \u043d\u0430\u0433\u0440\u0443\u0437\u043a\u0430: 20\u043a\u0433<br \/>\n- \u041f\u0440\u0435\u0434\u043d\u0430\u0437\u043d\u0430\u0447\u0435\u043d\u0430 \u0434\u043b\u044f \u0438\u0441\u043f\u043e\u043b\u044c\u0437\u043e\u0432\u0430\u043d\u0438\u044f \u0432 \u043e\u0442\u043a\u0440\u044b\u0442\u044b\u0445 \u0438 \u0437\u0430\u043a\u0440\u044b\u0442\u044b\u0445 \u043f\u043e\u043c\u0435\u0449\u0435\u043d\u0438\u044f\u0445<br \/>\n- \u041f\u0440\u043e\u0447\u043d\u0430\u044f \u0438 \u043d\u0430\u0434\u0435\u0436\u043d\u0430\u044f<br \/>\n- \u0421\u0442\u0438\u043b\u044c\u043d\u044b\u0439 \u0432\u043d\u0435\u0448\u043d\u0438\u0439 \u0432\u0438\u0434 \u0438 \u044d\u0440\u0433\u043e\u043d\u043e\u043c\u0438\u0447\u043d\u044b\u0439 \u0434\u0438\u0437\u0430\u0439\u043d<br \/>\n- \u0412\u044b\u0441\u043e\u043a\u043e\u043a\u0430\u0447\u0435\u0441\u0442\u0432\u0435\u043d\u043d\u043e\u0435 \u0441\u044b\u0440\u044c\u0435, \u043a\u043e\u0442\u043e\u0440\u043e\u0435 \u043d\u0435 \u0441\u043e\u0434\u0435\u0440\u0436\u0438\u0442 \u043a\u0430\u043d\u0446\u0435\u0440\u043e\u0433\u0435\u043d\u043d\u044b\u0445 \u0432\u0435\u0449\u0435\u0441\u0442\u0432<\/p>","protected":false},"excerpt":{"rendered":"<p>Ma\u0219inu\u021ba cu sorter disponibil\u0103 \u00een 4 culori, conceput\u0103 pentru copiii de la v\u00e2rsta de 1 an. Juc\u0103ria fiind mic\u0103, de<\/p>","protected":false},"featured_media":180779,"comment_status":"closed","ping_status":"closed","template":"..\/public\/views\/revslider-page-template.php","meta":{"_monsterinsights_skip_tracking":false,"_monsterinsights_sitenote_active":false,"_monsterinsights_sitenote_note":"","_monsterinsights_sitenote_category":0},"product_brand":[],"product_cat":[55,1137,36,1136,1135],"product_tag":[],"class_list":{"0":"post-179415","1":"product","2":"type-product","3":"status-publish","4":"has-post-thumbnail","6":"product_cat-toate-produsele","7":"product_cat-jucarii","8":"product_cat-jucarii-pentru-bebelusi","9":"product_cat-jucarii-de-dezvoltare","10":"product_cat-jucarii-de-impins","12":"first","13":"instock","14":"shipping-taxable","15":"purchasable","16":"product-type-simple"},"_links":{"self":[{"href":"http:\/\/toystoys.md\/ru\/wp-json\/wp\/v2\/product\/179415","targetHints":{"allow":["GET"]}}],"collection":[{"href":"http:\/\/toystoys.md\/ru\/wp-json\/wp\/v2\/product"}],"about":[{"href":"http:\/\/toystoys.md\/ru\/wp-json\/wp\/v2\/types\/product"}],"replies":[{"embeddable":true,"href":"http:\/\/toystoys.md\/ru\/wp-json\/wp\/v2\/comments?post=179415"}],"wp:featuredmedia":[{"embeddable":true,"href":"http:\/\/toystoys.md\/ru\/wp-json\/wp\/v2\/media\/180779"}],"wp:attachment":[{"href":"http:\/\/toystoys.md\/ru\/wp-json\/wp\/v2\/media?parent=179415"}],"wp:term":[{"taxonomy":"product_brand","embeddable":true,"href":"http:\/\/toystoys.md\/ru\/wp-json\/wp\/v2\/product_brand?post=179415"},{"taxonomy":"product_cat","embeddable":true,"href":"http:\/\/toystoys.md\/ru\/wp-json\/wp\/v2\/product_cat?post=179415"},{"taxonomy":"product_tag","embeddable":true,"href":"http:\/\/toystoys.md\/ru\/wp-json\/wp\/v2\/product_tag?post=179415"}],"curies":[{"name":"wp","href":"https:\/\/api.w.org\/{rel}","templated":true}]}}