{"id":179411,"date":"2024-03-10T11:11:15","date_gmt":"2024-03-10T09:11:15","guid":{"rendered":""},"modified":"2024-03-11T14:17:07","modified_gmt":"2024-03-11T12:17:07","slug":"prod_8693461022753_sc92838","status":"publish","type":"product","link":"http:\/\/toystoys.md\/ru\/shop\/prod_8693461022753_sc92838\/","title":{"rendered":"\u0422\u0440\u0435\u0445\u043a\u043e\u043b\u0435\u0441\u043d\u044b\u0439 \u0432\u0435\u043b\u043e\u0441\u0438\u043f\u0435\u0434 3+ Black Eagle Pilsan"},"content":{"rendered":"<p>\u0414\u0435\u0442\u0441\u043a\u0438\u0439 \u0442\u0440\u0435\u0445\u043a\u043e\u043b\u0435\u0441\u043d\u044b\u0439 \u0432\u0435\u043b\u043e\u0441\u0438\u043f\u0435\u0434 Pilsan \u0432\u043e\u0437\u0440\u0430\u0441\u0442: \u043e\u0442 3 \u043b\u0435\u0442.<br \/>\n\u0420\u0430\u0437\u043c\u0435\u0440\u044b (\u0414\u0445\u0428\u0445\u0412):39 X 68 X 51 \u0441\u043c.<br \/>\n\u041c\u0430\u043a\u0441\u0438\u043c\u0430\u043b\u044c\u043d\u043e \u0434\u043e\u043f\u0443\u0441\u0442\u0438\u043c\u044b\u0439 \u0432\u0435\u0441: 35 \u043a\u0433.<\/p>\n<p>\u042d\u043b\u0435\u0433\u0430\u043d\u0442\u043d\u044b\u0439 \u0438 \u044d\u0440\u0433\u043e\u043d\u043e\u043c\u0438\u0447\u043d\u044b\u0439 \u0434\u0438\u0437\u0430\u0439\u043d.\n\u041f\u0440\u043e\u0438\u0437\u0432\u0435\u0434\u0435\u043d\u043e \u0438\u0437 \u043d\u0435\u043a\u0430\u043d\u0446\u0435\u0440\u043e\u0433\u0435\u043d\u043d\u043e\u0433\u043e \u043c\u0430\u0442\u0435\u0440\u0438\u0430\u043b\u0430, \u043f\u043e\u0434\u0445\u043e\u0434\u044f\u0449\u0435\u0433\u043e \u0434\u043b\u044f \u0437\u0434\u043e\u0440\u043e\u0432\u044c\u044f \u0434\u0435\u0442\u0435\u0439.<\/p>","protected":false},"excerpt":{"rendered":"<p>Triciclet\u0103 Pilsan pentru copii v\u00e2rsta: de la 3 ani. Dimensiuni (LxLxH): 39 X 68 X 51 cm. Greutate maxim\u0103 admisibil\u0103:<\/p>","protected":false},"featured_media":179438,"comment_status":"closed","ping_status":"closed","template":"..\/public\/views\/revslider-page-template.php","meta":{"_monsterinsights_skip_tracking":false,"_monsterinsights_sitenote_active":false,"_monsterinsights_sitenote_note":"","_monsterinsights_sitenote_category":0},"product_brand":[],"product_cat":[55,48,1275],"product_tag":[],"class_list":{"0":"post-179411","1":"product","2":"type-product","3":"status-publish","4":"has-post-thumbnail","6":"product_cat-toate-produsele","7":"product_cat-biciclete-si-scutere","8":"product_cat-tricicleta","10":"first","11":"instock","12":"shipping-taxable","13":"purchasable","14":"product-type-simple"},"_links":{"self":[{"href":"http:\/\/toystoys.md\/ru\/wp-json\/wp\/v2\/product\/179411","targetHints":{"allow":["GET"]}}],"collection":[{"href":"http:\/\/toystoys.md\/ru\/wp-json\/wp\/v2\/product"}],"about":[{"href":"http:\/\/toystoys.md\/ru\/wp-json\/wp\/v2\/types\/product"}],"replies":[{"embeddable":true,"href":"http:\/\/toystoys.md\/ru\/wp-json\/wp\/v2\/comments?post=179411"}],"wp:featuredmedia":[{"embeddable":true,"href":"http:\/\/toystoys.md\/ru\/wp-json\/wp\/v2\/media\/179438"}],"wp:attachment":[{"href":"http:\/\/toystoys.md\/ru\/wp-json\/wp\/v2\/media?parent=179411"}],"wp:term":[{"taxonomy":"product_brand","embeddable":true,"href":"http:\/\/toystoys.md\/ru\/wp-json\/wp\/v2\/product_brand?post=179411"},{"taxonomy":"product_cat","embeddable":true,"href":"http:\/\/toystoys.md\/ru\/wp-json\/wp\/v2\/product_cat?post=179411"},{"taxonomy":"product_tag","embeddable":true,"href":"http:\/\/toystoys.md\/ru\/wp-json\/wp\/v2\/product_tag?post=179411"}],"curies":[{"name":"wp","href":"https:\/\/api.w.org\/{rel}","templated":true}]}}