{"id":178757,"date":"2024-03-01T14:18:43","date_gmt":"2024-03-01T14:18:43","guid":{"rendered":"https:\/\/toystoys.md\/shop\/prod_4013283820490_sc92618\/"},"modified":"2024-03-05T00:20:24","modified_gmt":"2024-03-04T22:20:24","slug":"prod_4013283820490_sc92618","status":"publish","type":"product","link":"http:\/\/toystoys.md\/ru\/shop\/prod_4013283820490_sc92618\/","title":{"rendered":"\u0417\u0430\u0449\u0438\u0442\u043d\u044b\u0435 \u0443\u0433\u043e\u043b\u043a\u0438 Reer"},"content":{"rendered":"<p>- \u0417\u0430\u0449\u0438\u0449\u0430\u044e\u0442 \u043e\u0442 \u0442\u0440\u0430\u0432\u043c \u043e\u0442 \u043e\u0441\u0442\u0440\u044b\u0445 \u0443\u0433\u043b\u043e\u0432<br \/>\n- \u041f\u0440\u043e\u0437\u0440\u0430\u0447\u043d\u044b\u0435 \u0438 \u043d\u0435\u043d\u0430\u0432\u044f\u0437\u0447\u0438\u0432\u044b\u0435<br \/>\n- \u041d\u0435 \u0441\u043e\u0434\u0435\u0440\u0436\u0430\u0442 \u0432\u0440\u0435\u0434\u043d\u044b\u0445 \u0432\u0435\u0449\u0435\u0441\u0442\u0432, \u041f\u0412\u0425, BPA \u0438 \u043b\u0430\u0442\u0435\u043a\u0441\u0430<br \/>\n- \u041e\u0447\u0435\u043d\u044c \u043c\u044f\u0433\u043a\u0438\u0439 \u043c\u0430\u0442\u0435\u0440\u0438\u0430\u043b \u043f\u043e\u043a\u0440\u044b\u0432\u0430\u0435\u0442 \u0432\u0435\u0441\u044c \u0443\u0433\u043e\u043b<br \/>\n- \u041f\u0440\u043e\u0441\u0442\u0430\u044f \u0443\u0441\u0442\u0430\u043d\u043e\u0432\u043a\u0430 \u0441 \u043f\u043e\u043c\u043e\u0449\u044c\u044e \u043f\u0440\u0435\u0434\u0432\u0430\u0440\u0438\u0442\u0435\u043b\u044c\u043d\u043e \u0443\u0441\u0442\u0430\u043d\u043e\u0432\u043b\u0435\u043d\u043d\u043e\u0439 \u043a\u043b\u0435\u0439\u043a\u043e\u0439 \u043b\u0435\u043d\u0442\u044b<br \/>\n- \u0421\u0438\u043b\u044c\u043d\u0430\u044f \u0444\u0438\u043a\u0441\u0430\u0446\u0438\u044f, \u0443\u0434\u0430\u043b\u044f\u044e\u0442\u0441\u044f \u0431\u0435\u0437 \u0441\u043b\u0435\u0434\u043e\u0432<br \/>\n- \u0423\u043d\u0438\u0432\u0435\u0440\u0441\u0430\u043b\u044c\u043d\u044b\u0435: \u0441\u0442\u043e\u043b\u044b, \u0448\u043a\u0430\u0444\u044b, \u043a\u043e\u043c\u043e\u0434\u044b, \u043f\u043b\u0438\u043d\u0442\u0443\u0441\u044b \u0438 \u043c\u043d\u043e\u0433\u043e\u0435 \u0434\u0440\u0443\u0433\u043e\u0435<br \/>\n- \u0426\u0432\u0435\u0442: \u043f\u0440\u043e\u0437\u0440\u0430\u0447\u043d\u044b\u0439<br \/>\n- \u0412 \u043a\u043e\u043c\u043f\u043b\u0435\u043a\u0442\u0435: 4 \u0448\u0442., \u0432\u043a\u043b. \u043d\u0430\u043a\u043b\u0435\u0439\u043a\u0438<\/p>","protected":false},"excerpt":{"rendered":"<p>&#8211; Protejeaz\u0103 \u00eempotriva r\u0103nilor la unghiuri ascu\u021bite &#8211; Transparent \u0219i discret &#8211; Nu contine substante nocive, PVC, BPA si latex<\/p>","protected":false},"featured_media":178897,"comment_status":"closed","ping_status":"closed","template":"..\/public\/views\/revslider-page-template.php","meta":{"_monsterinsights_skip_tracking":false,"_monsterinsights_sitenote_active":false,"_monsterinsights_sitenote_note":"","_monsterinsights_sitenote_category":0},"product_brand":[],"product_cat":[55,1141,52,1070],"product_tag":[],"class_list":{"0":"post-178757","1":"product","2":"type-product","3":"status-publish","4":"has-post-thumbnail","6":"product_cat-toate-produsele","7":"product_cat-produse-pentru-bebelusi","8":"product_cat-mobila-pentru-copii-accesorii","9":"product_cat-siguranta-si-accesorii","11":"first","12":"instock","13":"shipping-taxable","14":"purchasable","15":"product-type-simple"},"_links":{"self":[{"href":"http:\/\/toystoys.md\/ru\/wp-json\/wp\/v2\/product\/178757","targetHints":{"allow":["GET"]}}],"collection":[{"href":"http:\/\/toystoys.md\/ru\/wp-json\/wp\/v2\/product"}],"about":[{"href":"http:\/\/toystoys.md\/ru\/wp-json\/wp\/v2\/types\/product"}],"replies":[{"embeddable":true,"href":"http:\/\/toystoys.md\/ru\/wp-json\/wp\/v2\/comments?post=178757"}],"wp:featuredmedia":[{"embeddable":true,"href":"http:\/\/toystoys.md\/ru\/wp-json\/wp\/v2\/media\/178897"}],"wp:attachment":[{"href":"http:\/\/toystoys.md\/ru\/wp-json\/wp\/v2\/media?parent=178757"}],"wp:term":[{"taxonomy":"product_brand","embeddable":true,"href":"http:\/\/toystoys.md\/ru\/wp-json\/wp\/v2\/product_brand?post=178757"},{"taxonomy":"product_cat","embeddable":true,"href":"http:\/\/toystoys.md\/ru\/wp-json\/wp\/v2\/product_cat?post=178757"},{"taxonomy":"product_tag","embeddable":true,"href":"http:\/\/toystoys.md\/ru\/wp-json\/wp\/v2\/product_tag?post=178757"}],"curies":[{"name":"wp","href":"https:\/\/api.w.org\/{rel}","templated":true}]}}