{"id":178464,"date":"2024-02-29T21:55:09","date_gmt":"2024-02-29T21:55:09","guid":{"rendered":"https:\/\/toystoys.md\/shop\/prod_5702017583099_sc92545\/"},"modified":"2026-01-22T09:48:13","modified_gmt":"2026-01-22T07:48:13","slug":"prod_5702017583099_sc92545","status":"publish","type":"product","link":"http:\/\/toystoys.md\/ru\/shop\/prod_5702017583099_sc92545\/","title":{"rendered":"\u041b\u043e\u0434\u043e\u0447\u043d\u044b\u0439 \u0434\u043e\u043c\u0438\u043a \u0432 \u0437\u0430\u043c\u043a\u0435 \u0425\u043e\u0433\u0432\u0430\u0440\u0442\u0441\u2122 Harry Potter\u2122 LEGO 76426"},"content":{"rendered":"<p>\u041e\u0436\u0438\u0432\u0438\u0442\u0435 \u043d\u0435\u0437\u0430\u0431\u044b\u0432\u0430\u0435\u043c\u0443\u044e \u0441\u0446\u0435\u043d\u0443 \u0438\u0437 \"\u0413\u0430\u0440\u0440\u0438 \u041f\u043e\u0442\u0442\u0435\u0440\u0430 \u0438 \u0432\u043e\u043b\u0448\u0435\u0431\u043d\u043e\u0433\u043e \u043a\u0430\u043c\u043d\u044f\"\u2122, \u0433\u0434\u0435 \u0413\u0430\u0440\u0440\u0438 \u041f\u043e\u0442\u0442\u0435\u0440\u2122 \u0438 \u0435\u0433\u043e \u0434\u0440\u0443\u0437\u044c\u044f \u0432\u043f\u0435\u0440\u0432\u044b\u0435 \u043f\u0440\u0438\u0431\u044b\u0432\u0430\u044e\u0442 \u0432 \u044d\u043b\u043b\u0438\u043d\u0433 \u0437\u0430\u043c\u043a\u0430 \u0425\u043e\u0433\u0432\u0430\u0440\u0442\u0441\u2122 (76426) \u0441 \u043f\u043e\u043c\u043e\u0449\u044c\u044e \u044d\u0442\u043e\u0439 \u0444\u0430\u043d\u0442\u0430\u0441\u0442\u0438\u0447\u0435\u0441\u043a\u043e\u0439 \u0441\u0442\u0440\u043e\u0438\u0442\u0435\u043b\u044c\u043d\u043e\u0439 \u0438\u0433\u0440\u0443\u0448\u043a\u0438 \u0434\u043b\u044f \u0434\u0435\u0442\u0435\u0439. \u0412 \u043d\u0435\u043c \u0435\u0441\u0442\u044c 2 \u0441\u0431\u043e\u0440\u043d\u044b\u0435 \u043b\u043e\u0434\u043a\u0438, \u0432 \u043a\u0430\u0436\u0434\u043e\u0439 \u0438\u0437 \u043a\u043e\u0442\u043e\u0440\u044b\u0445 \u0435\u0441\u0442\u044c \u043c\u0435\u0441\u0442\u043e \u0434\u043b\u044f 2 \u043c\u0438\u043d\u0438\u0444\u0438\u0433\u0443\u0440\u043e\u043a, \u0438 \u044d\u043b\u043b\u0438\u043d\u0433 \u0441 \u043c\u0435\u0441\u0442\u043e\u043c \u0432\u043d\u0443\u0442\u0440\u0438 \u0434\u043b\u044f \u043f\u0440\u0438\u0447\u0430\u043b\u0438\u0432\u0430\u043d\u0438\u044f \u043b\u043e\u0434\u043a\u0438, \u0442\u0430\u0439\u043d\u0438\u043a \u0434\u043b\u044f \u0436\u0430\u0431\u044b \u0422\u0440\u0435\u0432\u043e\u0440\u0430 \u041d\u0435\u0432\u0438\u043b\u043b\u0430 \u041b\u043e\u043d\u0433\u0431\u043e\u0442\u0442\u043e\u043c\u0430 \u0438 1 \u0438\u0437 14 \u0432\u044b\u0441\u0442\u0430\u0432\u043b\u0435\u043d\u043d\u044b\u0445 \u043a\u043e\u043b\u043b\u0435\u043a\u0446\u0438\u043e\u043d\u043d\u044b\u0445 \u043f\u043e\u0440\u0442\u0440\u0435\u0442\u043e\u0432 \u0425\u043e\u0433\u0432\u0430\u0440\u0442\u0441\u0430.<\/p>\n<p>\u041b\u0443\u0447\u0448\u0430\u044f \u0438\u0434\u0435\u044f \u043f\u043e\u0434\u0430\u0440\u043a\u0430 \u0432 \u0432\u043e\u043b\u0448\u0435\u0431\u043d\u043e\u043c \u043c\u0438\u0440\u0435 \u0434\u043b\u044f \u0434\u0435\u0442\u0435\u0439 \u0432 \u0432\u043e\u0437\u0440\u0430\u0441\u0442\u0435 \u043e\u0442 8 \u043b\u0435\u0442. \u0412 \u044d\u0442\u043e\u043c \u0432\u0435\u0441\u0435\u043b\u043e\u043c \u0438 \u0443\u0432\u043b\u0435\u043a\u0430\u0442\u0435\u043b\u044c\u043d\u043e\u043c \u043d\u0430\u0431\u043e\u0440\u0435 \u0438\u0433\u0440\u0443\u0448\u0435\u043a \u0442\u0430\u043a\u0436\u0435 \u043f\u0440\u0435\u0434\u0441\u0442\u0430\u0432\u043b\u0435\u043d\u044b 7 \u043f\u0435\u0440\u0441\u043e\u043d\u0430\u0436\u0435\u0439 LEGO\u00ae Harry Potter, \u0432\u043a\u043b\u044e\u0447\u0430\u044f \u043c\u0438\u043d\u0438\u0444\u0438\u0433\u0443\u0440\u043a\u0443 \u043f\u0440\u043e\u0444\u0435\u0441\u0441\u043e\u0440\u0430 \u041c\u0430\u043a\u0433\u043e\u043d\u0430\u0433\u0430\u043b\u043b\u2122 \u0441\u043e \u0441\u043f\u0435\u0446\u0438\u0430\u043b\u044c\u043d\u044b\u043c \u0443\u043a\u0440\u0430\u0448\u0435\u043d\u0438\u0435\u043c \u043d\u0430 \u0440\u0443\u043a\u0435, \u0434\u043b\u044f \u0440\u043e\u043b\u0435\u0432\u044b\u0445 \u043f\u0440\u0438\u043a\u043b\u044e\u0447\u0435\u043d\u0438\u0439. \u042d\u0442\u043e\u0442 \u043d\u0430\u0431\u043e\u0440 \u044f\u0432\u043b\u044f\u0435\u0442\u0441\u044f \u0447\u0430\u0441\u0442\u044c\u044e \u0441\u0435\u0440\u0438\u0438 \u043c\u043e\u0434\u0443\u043b\u044c\u043d\u044b\u0445 \u043d\u0430\u0431\u043e\u0440\u043e\u0432 (\u043f\u0440\u043e\u0434\u0430\u044e\u0442\u0441\u044f \u043e\u0442\u0434\u0435\u043b\u044c\u043d\u043e), \u043a\u043e\u0442\u043e\u0440\u044b\u0435 \u0441\u043e\u0435\u0434\u0438\u043d\u044f\u044e\u0442\u0441\u044f \u0434\u043b\u044f \u0441\u043e\u0437\u0434\u0430\u043d\u0438\u044f \u0441\u0430\u043c\u043e\u0439 \u0434\u0435\u0442\u0430\u043b\u0438\u0437\u0438\u0440\u043e\u0432\u0430\u043d\u043d\u043e\u0439 \u0441\u0446\u0435\u043d\u044b \u0437\u0430\u043c\u043a\u0430 \u0425\u043e\u0433\u0432\u0430\u0440\u0442\u0441, \u043f\u043e\u0441\u0442\u0440\u043e\u0435\u043d\u043d\u043e\u0433\u043e \u0438\u0437 \u043a\u0438\u0440\u043f\u0438\u0447\u0435\u0439 LEGO.<\/p>\n<p>\u041f\u043e\u0434\u0430\u0440\u0438\u0442\u0435 \u0441\u0432\u043e\u0435\u043c\u0443 \u0440\u0435\u0431\u0435\u043d\u043a\u0443 \u043f\u0440\u043e\u0441\u0442\u043e\u0435 \u0438 \u0438\u043d\u0442\u0443\u0438\u0442\u0438\u0432\u043d\u043e \u043f\u043e\u043d\u044f\u0442\u043d\u043e\u0435 \u043f\u0440\u0438\u043a\u043b\u044e\u0447\u0435\u043d\u0438\u0435 \u043f\u043e \u0441\u0442\u0440\u043e\u0438\u0442\u0435\u043b\u044c\u0441\u0442\u0432\u0443 \u0441 \u043f\u043e\u043c\u043e\u0449\u044c\u044e \u043f\u0440\u0438\u043b\u043e\u0436\u0435\u043d\u0438\u044f LEGO Builder. \u0417\u0434\u0435\u0441\u044c \u043e\u043d\u0438 \u043c\u043e\u0433\u0443\u0442 \u0443\u0432\u0435\u043b\u0438\u0447\u0438\u0432\u0430\u0442\u044c \u0438 \u043f\u043e\u0432\u043e\u0440\u0430\u0447\u0438\u0432\u0430\u0442\u044c \u043c\u043e\u0434\u0435\u043b\u0438 \u0432 3D, \u0441\u043e\u0445\u0440\u0430\u043d\u044f\u0442\u044c \u043d\u0430\u0431\u043e\u0440\u044b \u0438 \u043e\u0442\u0441\u043b\u0435\u0436\u0438\u0432\u0430\u0442\u044c \u0438\u0445 \u043f\u0440\u043e\u0433\u0440\u0435\u0441\u0441.<\/p>","protected":false},"excerpt":{"rendered":"<p>Cu aceast\u0103 juc\u0103rie fantasy de construc\u0163ie pentru copii, retr\u0103ie\u015fti scena memorabil\u0103 din Harry Potter \u015fi Piatra Filozofal\u0103\u2122 \u00een care Harry<\/p>","protected":false},"featured_media":178486,"comment_status":"closed","ping_status":"closed","template":"..\/public\/views\/revslider-page-template.php","meta":{"_monsterinsights_skip_tracking":false,"_monsterinsights_sitenote_active":false,"_monsterinsights_sitenote_note":"","_monsterinsights_sitenote_category":0},"product_brand":[],"product_cat":[55,1137,288,299],"product_tag":[1914],"class_list":{"0":"post-178464","1":"product","2":"type-product","3":"status-publish","4":"has-post-thumbnail","6":"product_cat-toate-produsele","7":"product_cat-jucarii","8":"product_cat-lego","9":"product_cat-lego-harry-potter","10":"product_tag-lego-30","12":"first","13":"instock","14":"shipping-taxable","15":"purchasable","16":"product-type-simple"},"_links":{"self":[{"href":"http:\/\/toystoys.md\/ru\/wp-json\/wp\/v2\/product\/178464","targetHints":{"allow":["GET"]}}],"collection":[{"href":"http:\/\/toystoys.md\/ru\/wp-json\/wp\/v2\/product"}],"about":[{"href":"http:\/\/toystoys.md\/ru\/wp-json\/wp\/v2\/types\/product"}],"replies":[{"embeddable":true,"href":"http:\/\/toystoys.md\/ru\/wp-json\/wp\/v2\/comments?post=178464"}],"wp:featuredmedia":[{"embeddable":true,"href":"http:\/\/toystoys.md\/ru\/wp-json\/wp\/v2\/media\/178486"}],"wp:attachment":[{"href":"http:\/\/toystoys.md\/ru\/wp-json\/wp\/v2\/media?parent=178464"}],"wp:term":[{"taxonomy":"product_brand","embeddable":true,"href":"http:\/\/toystoys.md\/ru\/wp-json\/wp\/v2\/product_brand?post=178464"},{"taxonomy":"product_cat","embeddable":true,"href":"http:\/\/toystoys.md\/ru\/wp-json\/wp\/v2\/product_cat?post=178464"},{"taxonomy":"product_tag","embeddable":true,"href":"http:\/\/toystoys.md\/ru\/wp-json\/wp\/v2\/product_tag?post=178464"}],"curies":[{"name":"wp","href":"https:\/\/api.w.org\/{rel}","templated":true}]}}