{"id":178463,"date":"2024-02-29T21:55:05","date_gmt":"2024-02-29T21:55:05","guid":{"rendered":"https:\/\/toystoys.md\/shop\/prod_5702017584126_sc92535\/"},"modified":"2026-01-21T14:03:27","modified_gmt":"2026-01-21T12:03:27","slug":"prod_5702017584126_sc92535","status":"publish","type":"product","link":"http:\/\/toystoys.md\/ru\/shop\/prod_5702017584126_sc92535\/","title":{"rendered":"\u041a\u043e\u0441\u043c\u0438\u0447\u0435\u0441\u043a\u0438\u0439 \u043f\u043e\u0432\u0435\u0440\u0445\u043d\u043e\u0441\u0442\u043d\u044b\u0439 \u043f\u043e\u0433\u0440\u0443\u0437\u0447\u0438\u043a LT78 Technic LEGO 42178"},"content":{"rendered":"<p>\u0412\u0434\u043e\u0445\u043d\u043e\u0432\u0438\u0442\u0435 \u0434\u0435\u0442\u0435\u0439 \u0432 \u0432\u043e\u0437\u0440\u0430\u0441\u0442\u0435 \u043e\u0442 8 \u043b\u0435\u0442 \u043e\u0442\u043f\u0440\u0430\u0432\u0438\u0442\u044c\u0441\u044f \u0432 \u043e\u0442\u043a\u0440\u044b\u0442\u044b\u0439 \u043a\u043e\u0441\u043c\u043e\u0441 \u0441 \u043f\u043e\u043c\u043e\u0449\u044c\u044e \u043d\u0430\u0431\u043e\u0440\u0430 \u00ab\u041f\u043e\u0432\u0435\u0440\u0445\u043d\u043e\u0441\u0442\u043d\u044b\u0439 \u043f\u043e\u0433\u0440\u0443\u0437\u0447\u0438\u043a LEGO\u00ae Technic LT78\u00bb (42178). \u042d\u0442\u043e \u043e\u0442\u043b\u0438\u0447\u043d\u044b\u0439 \u043f\u043e\u0434\u0430\u0440\u043e\u043a \u0434\u043b\u044f \u0434\u0435\u0432\u043e\u0447\u0435\u043a \u0438 \u043c\u0430\u043b\u044c\u0447\u0438\u043a\u043e\u0432, \u043a\u043e\u0442\u043e\u0440\u044b\u0435 \u043b\u044e\u0431\u044f\u0442 \u043a\u043e\u0441\u043c\u0438\u0447\u0435\u0441\u043a\u0438\u0435 \u0438\u0433\u0440\u0443\u0448\u043a\u0438 \u0438 \u0441\u0442\u0440\u043e\u0438\u0442\u0435\u043b\u044c\u043d\u0443\u044e \u0442\u0435\u0445\u043d\u0438\u043a\u0443.<\/p>\n<p>\u042d\u0442\u0430 \u0438\u0433\u0440\u0443\u0448\u043a\u0430 \u0434\u043b\u044f \u0438\u0441\u0441\u043b\u0435\u0434\u043e\u0432\u0430\u043d\u0438\u044f \u043a\u043e\u0441\u043c\u043e\u0441\u0430 \u043d\u0430\u043f\u043e\u043b\u043d\u0435\u043d\u0430 \u0440\u0435\u0430\u043b\u0438\u0441\u0442\u0438\u0447\u043d\u044b\u043c\u0438 \u0434\u0435\u0442\u0430\u043b\u044f\u043c\u0438, \u0432\u0434\u043e\u0445\u043d\u043e\u0432\u043b\u0435\u043d\u043d\u044b\u043c\u0438 \u043f\u0435\u0440\u0435\u0434\u043e\u0432\u044b\u043c\u0438 \u0440\u0430\u0437\u0440\u0430\u0431\u043e\u0442\u043a\u0430\u043c\u0438 \u043a\u043e\u0441\u043c\u0438\u0447\u0435\u0441\u043a\u043e\u0439 \u0442\u0435\u0445\u043d\u0438\u043a\u0438. \u0414\u0435\u0442\u0438 \u043c\u043e\u0433\u0443\u0442 \u0443\u043f\u0440\u0430\u0432\u043b\u044f\u0442\u044c \u043f\u043e\u0433\u0440\u0443\u0437\u0447\u0438\u043a\u043e\u043c \u0438 \u043f\u043e\u0434\u043d\u0438\u043c\u0430\u0442\u044c \u043a\u0430\u0431\u0438\u043d\u0443, \u043f\u0440\u0435\u0436\u0434\u0435 \u0447\u0435\u043c \u0438\u0441\u043f\u043e\u043b\u044c\u0437\u043e\u0432\u0430\u0442\u044c \u043a\u0440\u0430\u043d \u0434\u043b\u044f \u043f\u043e\u0434\u044a\u0435\u043c\u0430 \u0438 \u043f\u0435\u0440\u0435\u043c\u0435\u0449\u0435\u043d\u0438\u044f \u0433\u0440\u0443\u0437\u0430. \u0412 \u044d\u0442\u043e\u043c \u043d\u0430\u0431\u043e\u0440\u0435 \u0442\u0430\u043a\u0436\u0435 \u0435\u0441\u0442\u044c \u0441\u043f\u0435\u0446\u0438\u0430\u043b\u044c\u043d\u044b\u0439 \u044d\u043b\u0435\u043c\u0435\u043d\u0442 \u043a\u043e\u0441\u043c\u0438\u0447\u0435\u0441\u043a\u043e\u0433\u043e \u0448\u043b\u044e\u0437\u0430, \u0447\u0442\u043e\u0431\u044b \u0434\u0435\u0442\u0438 \u043c\u043e\u0433\u043b\u0438 \u043f\u043e\u0434\u043a\u043b\u044e\u0447\u0430\u0442\u044c \u0434\u0440\u0443\u0433\u0438\u0435 \u0441\u043e\u0432\u043c\u0435\u0441\u0442\u0438\u043c\u044b\u0435 \u043a\u043e\u0441\u043c\u0438\u0447\u0435\u0441\u043a\u0438\u0435 \u043d\u0430\u0431\u043e\u0440\u044b LEGO (\u043f\u0440\u043e\u0434\u0430\u044e\u0442\u0441\u044f \u043e\u0442\u0434\u0435\u043b\u044c\u043d\u043e) \u0434\u043b\u044f \u0435\u0449\u0435 \u0431\u043e\u043b\u044c\u0448\u0435\u0433\u043e \u043a\u043e\u043b\u0438\u0447\u0435\u0441\u0442\u0432\u0430 \u043a\u043e\u0441\u043c\u0438\u0447\u0435\u0441\u043a\u0438\u0445 \u043f\u0440\u0438\u043a\u043b\u044e\u0447\u0435\u043d\u0438\u0439.<\/p>\n<p>\u041f\u0440\u0438\u043b\u043e\u0436\u0435\u043d\u0438\u0435 LEGO Builder \u043f\u043e\u043c\u043e\u0436\u0435\u0442 \u0432\u0430\u0448\u0435\u043c\u0443 \u043c\u0430\u043b\u044b\u0448\u0443 \u0432 \u0438\u043d\u0442\u0443\u0438\u0442\u0438\u0432\u043d\u043e \u043f\u043e\u043d\u044f\u0442\u043d\u043e\u043c \u0441\u0442\u0440\u043e\u0438\u0442\u0435\u043b\u044c\u043d\u043e\u043c \u043f\u0440\u0438\u043a\u043b\u044e\u0447\u0435\u043d\u0438\u0438, \u043f\u043e\u0437\u0432\u043e\u043b\u044f\u044f \u0443\u0432\u0435\u043b\u0438\u0447\u0438\u0432\u0430\u0442\u044c \u0438 \u043f\u043e\u0432\u043e\u0440\u0430\u0447\u0438\u0432\u0430\u0442\u044c \u043c\u043e\u0434\u0435\u043b\u0438 \u0432 3D, \u0441\u043e\u0445\u0440\u0430\u043d\u044f\u0442\u044c \u043d\u0430\u0431\u043e\u0440\u044b \u0438 \u043e\u0442\u0441\u043b\u0435\u0436\u0438\u0432\u0430\u0442\u044c \u0438\u0445 \u043f\u0440\u043e\u0433\u0440\u0435\u0441\u0441.<\/p>","protected":false},"excerpt":{"rendered":"<p>Inspir\u0103 copiii de 8+ ani s\u0103 se aventureze \u00een spa\u0163iul cosmic cu setul LEGO\u00ae Technic \u00cenc\u0103rc\u0103tor spa\u0163ial de suprafa\u0163\u0103 LT78<\/p>","protected":false},"featured_media":178476,"comment_status":"closed","ping_status":"closed","template":"..\/public\/views\/revslider-page-template.php","meta":{"_monsterinsights_skip_tracking":false,"_monsterinsights_sitenote_active":false,"_monsterinsights_sitenote_note":"","_monsterinsights_sitenote_category":0},"product_brand":[],"product_cat":[55,1137,288,289],"product_tag":[1914],"class_list":{"0":"post-178463","1":"product","2":"type-product","3":"status-publish","4":"has-post-thumbnail","6":"product_cat-toate-produsele","7":"product_cat-jucarii","8":"product_cat-lego","9":"product_cat-lego-technic","10":"product_tag-lego-30","12":"first","13":"instock","14":"shipping-taxable","15":"purchasable","16":"product-type-simple"},"_links":{"self":[{"href":"http:\/\/toystoys.md\/ru\/wp-json\/wp\/v2\/product\/178463","targetHints":{"allow":["GET"]}}],"collection":[{"href":"http:\/\/toystoys.md\/ru\/wp-json\/wp\/v2\/product"}],"about":[{"href":"http:\/\/toystoys.md\/ru\/wp-json\/wp\/v2\/types\/product"}],"replies":[{"embeddable":true,"href":"http:\/\/toystoys.md\/ru\/wp-json\/wp\/v2\/comments?post=178463"}],"wp:featuredmedia":[{"embeddable":true,"href":"http:\/\/toystoys.md\/ru\/wp-json\/wp\/v2\/media\/178476"}],"wp:attachment":[{"href":"http:\/\/toystoys.md\/ru\/wp-json\/wp\/v2\/media?parent=178463"}],"wp:term":[{"taxonomy":"product_brand","embeddable":true,"href":"http:\/\/toystoys.md\/ru\/wp-json\/wp\/v2\/product_brand?post=178463"},{"taxonomy":"product_cat","embeddable":true,"href":"http:\/\/toystoys.md\/ru\/wp-json\/wp\/v2\/product_cat?post=178463"},{"taxonomy":"product_tag","embeddable":true,"href":"http:\/\/toystoys.md\/ru\/wp-json\/wp\/v2\/product_tag?post=178463"}],"curies":[{"name":"wp","href":"https:\/\/api.w.org\/{rel}","templated":true}]}}