{"id":178419,"date":"2024-02-29T18:37:33","date_gmt":"2024-02-29T18:37:33","guid":{"rendered":"https:\/\/toystoys.md\/shop\/prod_5702017601373_sc92542\/"},"modified":"2026-01-21T14:03:11","modified_gmt":"2026-01-21T12:03:11","slug":"prod_5702017601373_sc92542","status":"publish","type":"product","link":"http:\/\/toystoys.md\/ru\/shop\/prod_5702017601373_sc92542\/","title":{"rendered":"\u041c\u043e\u0440\u0441\u043a\u0438\u0435 \u0436\u0438\u0432\u043e\u0442\u043d\u044b\u0435 Creator 3-in-1 LEGO 31158"},"content":{"rendered":"<p>\u0414\u0435\u0432\u043e\u0447\u043a\u0438 \u0438 \u043c\u0430\u043b\u044c\u0447\u0438\u043a\u0438 \u0432 \u0432\u043e\u0437\u0440\u0430\u0441\u0442\u0435 \u043e\u0442 8 \u043b\u0435\u0442 \u043c\u043e\u0433\u0443\u0442 \u0441\u043e\u0431\u0438\u0440\u0430\u0442\u044c, \u0438\u0433\u0440\u0430\u0442\u044c \u0438 \u0434\u0435\u043c\u043e\u043d\u0441\u0442\u0440\u0438\u0440\u043e\u0432\u0430\u0442\u044c \u043a\u0440\u0430\u0441\u043e\u0447\u043d\u044b\u0439 \u043d\u0430\u0431\u043e\u0440 LEGO\u00ae Creator \u00ab\u041c\u043e\u0440\u0441\u043a\u0438\u0435 \u0436\u0438\u0432\u043e\u0442\u043d\u044b\u0435\u00bb (31158). \u0412 \u043d\u0430\u0431\u043e\u0440 \u0432\u0445\u043e\u0434\u044f\u0442 2 \u0440\u044b\u0431\u043a\u0438, \u0447\u0435\u0440\u0435\u043f\u0430\u0445\u0430, \u043c\u0435\u0434\u0443\u0437\u0430 \u0438 \u043c\u043e\u0440\u0441\u043a\u043e\u0439 \u043a\u043e\u043d\u0435\u043a, \u043f\u0440\u0435\u0434\u0441\u0442\u0430\u0432\u043b\u0435\u043d\u043d\u044b\u0435 \u043d\u0430 \u043f\u0440\u043e\u0437\u0440\u0430\u0447\u043d\u044b\u0445 \u0441\u0442\u0435\u0440\u0436\u043d\u044f\u0445 \u043a\u0430\u043a \u0447\u0430\u0441\u0442\u044c \u043f\u043e\u0434\u0441\u0442\u0430\u0432\u043a\u0438 \u043d\u0430 \u043c\u043e\u0440\u0441\u043a\u043e\u043c \u0434\u043d\u0435, \u0443\u043a\u0440\u0430\u0448\u0435\u043d\u043d\u043e\u0439 \u043c\u043e\u0440\u0441\u043a\u0438\u043c\u0438 \u0440\u0430\u0441\u0442\u0435\u043d\u0438\u044f\u043c\u0438, \u0430 \u0442\u0430\u043a\u0436\u0435 \u0444\u0438\u0433\u0443\u0440\u043a\u0430 \u043a\u0440\u0430\u0441\u043d\u043e\u0433\u043e \u043a\u0440\u0430\u0431\u0430. \u0418\u0433\u0440\u0443\u0448\u0435\u0447\u043d\u044b\u0435 \u043c\u043e\u0440\u0441\u043a\u0438\u0435 \u0441\u0443\u0449\u0435\u0441\u0442\u0432\u0430 \u043c\u043e\u0433\u0443\u0442 \u043c\u0435\u043d\u044f\u0442\u044c \u0441\u0432\u043e\u0435 \u043f\u043e\u043b\u043e\u0436\u0435\u043d\u0438\u0435 \u043d\u0430 \u043f\u043e\u0434\u0441\u0442\u0430\u0432\u043a\u0435, \u043a\u043e\u0442\u043e\u0440\u0443\u044e \u043c\u043e\u0436\u043d\u043e \u0440\u0430\u0441\u043f\u043e\u043b\u043e\u0436\u0438\u0442\u044c \u043f\u0440\u044f\u043c\u043e \u0438\u043b\u0438 \u043f\u043e\u0434 \u0443\u0433\u043b\u043e\u043c.<\/p>\n<p>\u041f\u043e\u043a\u043b\u043e\u043d\u043d\u0438\u043a\u0438 LEGO \u043c\u043e\u0433\u0443\u0442 \u0432\u044b\u0431\u0440\u0430\u0442\u044c \u043e\u0434\u043d\u0443 \u0438\u0437 \u0442\u0440\u0435\u0445 \u0441\u0431\u043e\u0440\u043d\u044b\u0445 \u043f\u043e\u0434\u0432\u043e\u0434\u043d\u044b\u0445 \u0441\u0446\u0435\u043d, \u0432\u043a\u043b\u044e\u0447\u0435\u043d\u043d\u044b\u0445 \u0432 \u044d\u0442\u043e\u0442 \u043d\u0430\u0431\u043e\u0440 3 \u0432 1. \u041e\u043d\u0438 \u043c\u043e\u0433\u0443\u0442 \u0441\u043e\u0431\u0440\u0430\u0442\u044c \u043a\u043e\u043b\u043b\u0435\u043a\u0446\u0438\u044e \u0438\u0437 6 \u043c\u043e\u0440\u0441\u043a\u0438\u0445 \u0436\u0438\u0432\u043e\u0442\u043d\u044b\u0445 \u0441 \u043f\u043e\u0434\u0441\u0442\u0430\u0432\u043a\u043e\u0439 \u043d\u0430 \u043c\u043e\u0440\u0441\u043a\u043e\u043c \u0434\u043d\u0435, \u043a\u043e\u0442\u043e\u0440\u0443\u044e \u043c\u043e\u0436\u043d\u043e \u043f\u0435\u0440\u0435\u0441\u0442\u0440\u043e\u0438\u0442\u044c \u0432 \u043d\u0430\u0431\u043e\u0440 \u0438\u0437 \u043e\u0441\u044c\u043c\u0438\u043d\u043e\u0433\u0430 \u0438 \u043a\u0430\u043b\u044c\u043c\u0430\u0440\u0430 \u0440\u044f\u0434\u043e\u043c \u0441 \u0430\u043a\u0442\u0438\u0432\u043d\u043e\u0439 \u0432\u0443\u043b\u043a\u0430\u043d\u0438\u0447\u0435\u0441\u043a\u043e\u0439 \u043f\u043e\u0440\u043e\u0434\u043e\u0439, \u0438\u043b\u0438 \u0432 \u043d\u0430\u0431\u043e\u0440\u0435 \u0441 \u0434\u0432\u0443\u043c\u044f \u0440\u044b\u0431\u043a\u0430\u043c\u0438, \u043f\u043b\u0430\u0432\u0430\u044e\u0449\u0438\u043c\u0438 \u0441\u0440\u0435\u0434\u0438 \u0440\u0430\u0437\u043d\u043e\u0446\u0432\u0435\u0442\u043d\u044b\u0445 \u043c\u043e\u0440\u0441\u043a\u0438\u0445 \u0440\u0430\u0441\u0442\u0435\u043d\u0438\u0439.<\/p>\n<p>\u0418\u0433\u0440\u0443\u0448\u043a\u0438 LEGO Creator 3-\u0432-1 \u0441\u0442\u0430\u043d\u0443\u0442 \u043e\u0442\u043b\u0438\u0447\u043d\u044b\u043c \u043f\u043e\u0434\u0430\u0440\u043a\u043e\u043c \u0434\u043b\u044f \u0434\u0435\u0442\u0435\u0439: \u0432 \u043a\u0430\u0436\u0434\u043e\u0439 \u043a\u043e\u0440\u043e\u0431\u043a\u0435 \u043f\u043e 3 \u0440\u0430\u0437\u043d\u044b\u0435 \u043c\u043e\u0434\u0435\u043b\u0438, \u043a\u043e\u0442\u043e\u0440\u044b\u0435 \u043c\u043e\u0436\u043d\u043e \u0441\u043e\u0431\u0440\u0430\u0442\u044c. \u0414\u0435\u0442\u0438 \u0441 \u0443\u0434\u043e\u0432\u043e\u043b\u044c\u0441\u0442\u0432\u0438\u0435\u043c \u0431\u0443\u0434\u0443\u0442 \u0441\u0442\u0440\u043e\u0438\u0442\u044c \u0438 \u043f\u0435\u0440\u0435\u0441\u0442\u0440\u0430\u0438\u0432\u0430\u0442\u044c \u0438\u0445 \u0441\u043d\u043e\u0432\u0430 \u0438 \u0441\u043d\u043e\u0432\u0430. \u041e\u0434\u0438\u043d \u0438 \u0442\u043e\u0442 \u0436\u0435 \u043d\u0430\u0431\u043e\u0440 \u043c\u043e\u0436\u043d\u043e \u043a\u0443\u043f\u0438\u0442\u044c 3 \u0440\u0430\u0437\u0430, \u0447\u0442\u043e\u0431\u044b \u0434\u0435\u0442\u0438 \u043c\u043e\u0433\u043b\u0438 \u043d\u0430\u0441\u043b\u0430\u0434\u0438\u0442\u044c\u0441\u044f \u0435\u0449\u0435 \u0431\u043e\u043b\u0435\u0435 \u0437\u0430\u0445\u0432\u0430\u0442\u044b\u0432\u0430\u044e\u0449\u0438\u043c\u0438 \u043f\u0440\u0438\u043a\u043b\u044e\u0447\u0435\u043d\u0438\u044f\u043c\u0438, \u043f\u043e\u0434\u043a\u043b\u044e\u0447\u0438\u0442\u044c\u0441\u044f \u0438 \u0438\u0433\u0440\u0430\u0442\u044c \u0441\u043e \u0432\u0441\u0435\u043c\u0438 \u0442\u0440\u0435\u043c\u044f \u043c\u043e\u0434\u0435\u043b\u044f\u043c\u0438 \u043e\u0434\u043d\u043e\u0432\u0440\u0435\u043c\u0435\u043d\u043d\u043e.<\/p>","protected":false},"excerpt":{"rendered":"<p>Fetele \u015fi b\u0103ie\u0163ii de 8+ ani pot construi, folosi la joac\u0103 \u015fi etala setul de construc\u0163ie colorat LEGO\u00ae Creator Animale<\/p>","protected":false},"featured_media":178454,"comment_status":"closed","ping_status":"closed","template":"..\/public\/views\/revslider-page-template.php","meta":{"_monsterinsights_skip_tracking":false,"_monsterinsights_sitenote_active":false,"_monsterinsights_sitenote_note":"","_monsterinsights_sitenote_category":0},"product_brand":[],"product_cat":[55,1137,288,287],"product_tag":[1914],"class_list":{"0":"post-178419","1":"product","2":"type-product","3":"status-publish","4":"has-post-thumbnail","6":"product_cat-toate-produsele","7":"product_cat-jucarii","8":"product_cat-lego","9":"product_cat-lego-creator","10":"product_tag-lego-30","12":"first","13":"instock","14":"shipping-taxable","15":"purchasable","16":"product-type-simple"},"_links":{"self":[{"href":"http:\/\/toystoys.md\/ru\/wp-json\/wp\/v2\/product\/178419","targetHints":{"allow":["GET"]}}],"collection":[{"href":"http:\/\/toystoys.md\/ru\/wp-json\/wp\/v2\/product"}],"about":[{"href":"http:\/\/toystoys.md\/ru\/wp-json\/wp\/v2\/types\/product"}],"replies":[{"embeddable":true,"href":"http:\/\/toystoys.md\/ru\/wp-json\/wp\/v2\/comments?post=178419"}],"wp:featuredmedia":[{"embeddable":true,"href":"http:\/\/toystoys.md\/ru\/wp-json\/wp\/v2\/media\/178454"}],"wp:attachment":[{"href":"http:\/\/toystoys.md\/ru\/wp-json\/wp\/v2\/media?parent=178419"}],"wp:term":[{"taxonomy":"product_brand","embeddable":true,"href":"http:\/\/toystoys.md\/ru\/wp-json\/wp\/v2\/product_brand?post=178419"},{"taxonomy":"product_cat","embeddable":true,"href":"http:\/\/toystoys.md\/ru\/wp-json\/wp\/v2\/product_cat?post=178419"},{"taxonomy":"product_tag","embeddable":true,"href":"http:\/\/toystoys.md\/ru\/wp-json\/wp\/v2\/product_tag?post=178419"}],"curies":[{"name":"wp","href":"https:\/\/api.w.org\/{rel}","templated":true}]}}