{"id":178415,"date":"2024-02-29T18:37:20","date_gmt":"2024-02-29T18:37:20","guid":{"rendered":"https:\/\/toystoys.md\/shop\/prod_5702017583730_sc92540\/"},"modified":"2026-01-22T09:48:24","modified_gmt":"2026-01-22T07:48:24","slug":"prod_5702017583730_sc92540","status":"publish","type":"product","link":"http:\/\/toystoys.md\/ru\/shop\/prod_5702017583730_sc92540\/","title":{"rendered":"\u0421\u043f\u043e\u0440\u0442\u0438\u0432\u043d\u0430\u044f \u043c\u0430\u0448\u0438\u043d\u0430 Ford Mustang Dark Horse Speed Champions LEGO 76920"},"content":{"rendered":"<p>LEGO Speed \u200b\u200bChampions \u0421\u043f\u043e\u0440\u0442\u0438\u0432\u043d\u044b\u0439 Ford Mustang Dark Horse (76920) \u2014 \u0442\u043e\u0447\u043d\u0430\u044f \u043a\u043e\u043f\u0438\u044f \u043c\u043e\u0449\u043d\u043e\u0433\u043e \u043a\u0443\u043b\u044c\u0442\u043e\u0432\u043e\u0433\u043e \u0430\u043c\u0435\u0440\u0438\u043a\u0430\u043d\u0441\u043a\u043e\u0433\u043e \u0430\u0432\u0442\u043e\u043c\u043e\u0431\u0438\u043b\u044f. \u0414\u0435\u0442\u044f\u043c \u043e\u0442 \u0434\u0435\u0432\u044f\u0442\u0438 \u043b\u0435\u0442 \u0438 \u0441\u0442\u0430\u0440\u0448\u0435 \u043f\u043e\u043d\u0440\u0430\u0432\u0438\u0442\u0441\u044f \u043a\u043e\u043b\u043b\u0435\u043a\u0446\u0438\u043e\u043d\u0438\u0440\u043e\u0432\u0430\u0442\u044c, \u0441\u043e\u0431\u0438\u0440\u0430\u0442\u044c, \u0434\u0435\u043c\u043e\u043d\u0441\u0442\u0440\u0438\u0440\u043e\u0432\u0430\u0442\u044c \u0438 \u0438\u0433\u0440\u0430\u0442\u044c \u0441 \u044d\u0442\u043e\u0439 \u0441\u0438\u043d\u0435\u0439 \u043c\u0430\u0448\u0438\u043d\u043a\u043e\u0439.<\/p>\n<p>\u0418\u0433\u0440\u0443\u0448\u043a\u0430 Ford Mustang \u043e\u0442\u043b\u0438\u0447\u0430\u0435\u0442\u0441\u044f \u0430\u0443\u0442\u0435\u043d\u0442\u0438\u0447\u043d\u044b\u043c\u0438 \u044d\u043b\u0435\u043c\u0435\u043d\u0442\u0430\u043c\u0438 \u0434\u0438\u0437\u0430\u0439\u043d\u0430, \u0432\u043a\u043b\u044e\u0447\u0430\u044f \u0437\u0430\u0434\u043d\u0435\u0435 \u043a\u0440\u044b\u043b\u043e, \u0445\u0430\u0440\u0430\u043a\u0442\u0435\u0440\u043d\u0443\u044e \u0440\u0435\u0448\u0435\u0442\u043a\u0443 \u0440\u0430\u0434\u0438\u0430\u0442\u043e\u0440\u0430, \u0444\u0430\u0440\u044b, \u0432\u044b\u0445\u043b\u043e\u043f\u043d\u044b\u0435 \u0442\u0440\u0443\u0431\u044b, \u043b\u043e\u0433\u043e\u0442\u0438\u043f Ford \u0438 \u0434\u0435\u0442\u0430\u043b\u0438\u0437\u0438\u0440\u043e\u0432\u0430\u043d\u043d\u044b\u0439 \u0438\u043d\u0442\u0435\u0440\u044c\u0435\u0440 \u0441 \u0440\u044b\u0447\u0430\u0433\u043e\u043c \u043f\u0435\u0440\u0435\u043a\u043b\u044e\u0447\u0435\u043d\u0438\u044f \u043f\u0435\u0440\u0435\u0434\u0430\u0447 \u0438 \u043f\u0440\u0438\u0431\u043e\u0440\u043d\u043e\u0439 \u043f\u0430\u043d\u0435\u043b\u044c\u044e. \u0421\u0431\u043e\u0440\u043d\u0430\u044f \u043c\u0430\u0448\u0438\u043d\u0430 LEGO \u0442\u0430\u043a\u0436\u0435 \u043e\u0441\u043d\u0430\u0449\u0435\u043d\u0430 \u0441\u044a\u0435\u043c\u043d\u043e\u0439 \u043a\u0440\u044b\u0448\u0435\u0439 \u0438 \u043c\u0438\u043d\u0438\u0444\u0438\u0433\u0443\u0440\u043a\u043e\u0439 \u0432\u043e\u0434\u0438\u0442\u0435\u043b\u044f \u0432 \u0442\u043e\u043b\u0441\u0442\u043e\u0432\u043a\u0435 Dark Horse, \u043a\u043e\u0442\u043e\u0440\u0443\u044e \u0434\u0435\u0442\u0438 \u043c\u043e\u0433\u0443\u0442 \u043f\u043e\u0441\u0430\u0434\u0438\u0442\u044c \u0437\u0430 \u0440\u0443\u043b\u044c \u0438 \u0443\u0447\u0430\u0441\u0442\u0432\u043e\u0432\u0430\u0442\u044c \u0432 \u0437\u0430\u0445\u0432\u0430\u0442\u044b\u0432\u0430\u044e\u0449\u0438\u0445 \u0433\u043e\u043d\u043a\u0430\u0445.<\/p>\n<p>\u0411\u043b\u0430\u0433\u043e\u0434\u0430\u0440\u044f \u043d\u0430\u0431\u043e\u0440\u0430\u043c Speed Champions \u0434\u0435\u0442\u0438 \u0438 \u0430\u0432\u0442\u043e\u043b\u044e\u0431\u0438\u0442\u0435\u043b\u0438 \u0441\u043c\u043e\u0433\u0443\u0442 \u0441\u043e\u0431\u0440\u0430\u0442\u044c \u043a\u043e\u043f\u0438\u0438 \u043a\u0443\u043b\u044c\u0442\u043e\u0432\u044b\u0445 \u0430\u0432\u0442\u043e\u043c\u043e\u0431\u0438\u043b\u0435\u0439. \u0418\u043c \u043f\u043e\u043d\u0440\u0430\u0432\u0438\u0442\u0441\u044f \u0432\u043e\u0437\u043c\u043e\u0436\u043d\u043e\u0441\u0442\u044c \u0441\u043e\u0437\u0434\u0430\u0432\u0430\u0442\u044c \u0432\u044b\u0441\u043e\u043a\u043e\u043a\u0430\u0447\u0435\u0441\u0442\u0432\u0435\u043d\u043d\u044b\u0435 \u043c\u043e\u0434\u0435\u043b\u0438 LEGO \u0441 \u0443\u043d\u0438\u043a\u0430\u043b\u044c\u043d\u044b\u043c\u0438 \u0434\u0435\u0442\u0430\u043b\u044f\u043c\u0438. \u041a\u0430\u0436\u0434\u0443\u044e \u043c\u0430\u0448\u0438\u043d\u0443 \u043c\u043e\u0436\u043d\u043e \u0441\u043e\u0431\u0440\u0430\u0442\u044c \u0441 \u043f\u043e\u043c\u043e\u0449\u044c\u044e \u043f\u0440\u0438\u043b\u043e\u0436\u0435\u043d\u0438\u044f LEGO Builder, \u043a\u043e\u0442\u043e\u0440\u043e\u0435 \u043f\u043e\u043c\u043e\u0436\u0435\u0442 \u0432\u0430\u043c \u0438 \u0432\u0430\u0448\u0435\u043c\u0443 \u0440\u0435\u0431\u0435\u043d\u043a\u0443 \u043b\u0435\u0433\u043a\u043e \u0438 \u0438\u043d\u0442\u0443\u0438\u0442\u0438\u0432\u043d\u043e \u043f\u043e\u043d\u044f\u0442\u043d\u043e \u0441\u043e\u0431\u0438\u0440\u0430\u0442\u044c \u043c\u043e\u0434\u0435\u043b\u0438.<\/p>","protected":false},"excerpt":{"rendered":"<p>Vehiculul de juc\u0103rie LEGO\u00ae Speed Champions Ma\u015fin\u0103 sport Ford Mustang Dark Horse (76920) este o versiune din c\u0103r\u0103mizi fidel\u0103 puternicului<\/p>","protected":false},"featured_media":178421,"comment_status":"closed","ping_status":"closed","template":"..\/public\/views\/revslider-page-template.php","meta":{"_monsterinsights_skip_tracking":false,"_monsterinsights_sitenote_active":false,"_monsterinsights_sitenote_note":"","_monsterinsights_sitenote_category":0},"product_brand":[],"product_cat":[55,1137,288,1016],"product_tag":[1914],"class_list":{"0":"post-178415","1":"product","2":"type-product","3":"status-publish","4":"has-post-thumbnail","6":"product_cat-toate-produsele","7":"product_cat-jucarii","8":"product_cat-lego","9":"product_cat-lego-speed-champions","10":"product_tag-lego-30","12":"first","13":"instock","14":"shipping-taxable","15":"purchasable","16":"product-type-simple"},"_links":{"self":[{"href":"http:\/\/toystoys.md\/ru\/wp-json\/wp\/v2\/product\/178415","targetHints":{"allow":["GET"]}}],"collection":[{"href":"http:\/\/toystoys.md\/ru\/wp-json\/wp\/v2\/product"}],"about":[{"href":"http:\/\/toystoys.md\/ru\/wp-json\/wp\/v2\/types\/product"}],"replies":[{"embeddable":true,"href":"http:\/\/toystoys.md\/ru\/wp-json\/wp\/v2\/comments?post=178415"}],"wp:featuredmedia":[{"embeddable":true,"href":"http:\/\/toystoys.md\/ru\/wp-json\/wp\/v2\/media\/178421"}],"wp:attachment":[{"href":"http:\/\/toystoys.md\/ru\/wp-json\/wp\/v2\/media?parent=178415"}],"wp:term":[{"taxonomy":"product_brand","embeddable":true,"href":"http:\/\/toystoys.md\/ru\/wp-json\/wp\/v2\/product_brand?post=178415"},{"taxonomy":"product_cat","embeddable":true,"href":"http:\/\/toystoys.md\/ru\/wp-json\/wp\/v2\/product_cat?post=178415"},{"taxonomy":"product_tag","embeddable":true,"href":"http:\/\/toystoys.md\/ru\/wp-json\/wp\/v2\/product_tag?post=178415"}],"curies":[{"name":"wp","href":"https:\/\/api.w.org\/{rel}","templated":true}]}}